{"id":53205,"date":"2024-09-04T18:37:48","date_gmt":"2024-09-04T23:37:48","guid":{"rendered":"https:\/\/bibliaherramientas.com\/libreria\/?post_type=product&#038;p=53205"},"modified":"2026-03-25T04:18:37","modified_gmt":"2026-03-25T10:18:37","slug":"biblia-de-estudio-scofield-rvr1960-piel-fabricada-con-indice-9781558198012","status":"publish","type":"product","link":"https:\/\/bibliaherramientas.com\/libreria\/producto\/biblia-de-estudio-scofield-rvr1960-piel-fabricada-con-indice-9781558198012\/","title":{"rendered":"Biblia De Estudio Scofield Rvr1960 Piel Fabricada Con \u00cdndice"},"content":{"rendered":"<p>RECURSO NUEVO<\/p>\n<p>Esta Biblia se basa en el texto tradicional de la Reina-Valera 1960 e incluye la interpretaci\u00f3n de la teolog\u00eda dispensacional y escatolog\u00eda que presentara originalmente el te\u00f3logo estadounidense Dr. C. I. Scofield (1843-1921).<\/p>\n<p>Ahora est\u00e1 disponible en una edici\u00f3n de s\u00edmil piel en color chocolate oscuro y tama\u00f1o reducido, y se caracteriza por lo siguiente:<\/p>\n<p>&#8211; Introducci\u00f3n a secciones y libros.<br \/>\n&#8211; Breve resumen de cada libro de la Biblia.<br \/>\n&#8211; Subt\u00edtulos en todo el texto b\u00edblico.<br \/>\n&#8211; 1,700 notas al pie.<br \/>\n&#8211; Referencias en la columna central en el Antiguo Testamento.<br \/>\n&#8211; Referencias en columnas laterales en el Nuevo Testamento.<br \/>\n&#8211; Las palabras de Cristo en rojo.<br \/>\n&#8211; Un sistema de referencias tem\u00e1ticas en cadena.<br \/>\n&#8211; \u00cdndice de notas.<br \/>\n&#8211; Gu\u00eda a citas del Antiguo Testamento en el Nuevo Testamento.<br \/>\n&#8211; Breve concordancia.<br \/>\n&#8211; Mapas a cuatro colores.<br \/>\n&#8211; P\u00e1gina de dedicatoria y secci\u00f3n de registro familiar.<br \/>\n\u2014\u2014\u2014\u2014\u2014\u2014\u2014\u2014\u2014\u2014\u2014\u2014\u2014\u2014\u2014\u2014\u2014-<br \/>\nAutor: Cyrus Ingerson Scofield, naci\u00f3 el 19 de agosto de 1843 en Lenawee (Michigan, EE.UU.). En su juventud y durante la guerra civil Norteamericana sirvi\u00f3 en el ej\u00e9rcito Confederado. Despu\u00e9s de la guerra pas\u00f3 a vivir a St. Louis, donde estudi\u00f3 derecho y se dedic\u00f3 a ejercer la abogac\u00eda.<\/p>\n<p>Hasta los 36 a\u00f1os, fecha de su conversi\u00f3n, vivi\u00f3 alejado del Evangelio, dado a la bebida, y se meti\u00f3 en graves y oscuros problemas, como el divorcio de su esposa Leontine Cerre. \u201cEn mi vida \u2014escribe a su bi\u00f3grafo Trumbull\u2014 tuve grandes posibilidades de \u00e9xito y las aprovech\u00e9. Pero llegu\u00e9 ser tan f\u00e1cil presa de las bebidas fuertes que no logr\u00e9 ninguna victoria sobre ellos y qued\u00e9 siempre m\u00e1s atado a las cadenas a las que yo mismo me hab\u00eda sujetado. En cuanto a Cristo, no ten\u00eda m\u00e1s que cierto respeto por \u00c9l; un vestigio de mi educaci\u00f3n. No exist\u00eda posibilidad de que escuchara el Evangelio, ya que nunca iba a la iglesia\u201d, sin embargo su amigo Thomas S. McPheeters, abogado como \u00e9l, pero cristiano dedicado, le llev\u00f3 a aceptar a Cristo como su Salvador personal. \u201cPara nada me hab\u00eda servido luchar contra las cadenas de la bebida. S\u00f3lo por gracia, el divino poder lo hizo para m\u00ed.\u201d<\/p>\n<p>En 1882 abandon\u00f3 su profesi\u00f3n para aceptar el pastorado de una iglesia congregacional en Dallas, recientemente fundada. Ten\u00eda doce miembros, en dos a\u00f1os lleg\u00f3 a sobrepasar los doscientos. Al final de su pastorado contaba con ochocientos. En 1895 fue nombrado pastor de la East Northfield Congregational Church, donde permaneci\u00f3 durante siete a\u00f1os. Asimismo fue presidente de la Northfield Bible Training School. En 1902 conoci\u00f3 a un hombre de negocios cristiano interesado en el ministerio b\u00edblico de Scofield que le encarg\u00f3 preparar una Biblia con referencias para ayudar a los estudiantes a estudiarla m\u00e1s sistem\u00e1ticamente. La tarea la llev\u00f3 a cabo casi por completo en Montreaux (Suiza) entre 1902 y 1909. As\u00ed es como vino a materializarse la popular Biblia de referencia Scofield, que sigue un l\u00ednea totalmente dispensacional y premilenial.<\/p>\n<p>No le han faltado cr\u00edticas, como la de Douglas W. Frank en su libro \u201cLess than Conquerors\u201d (p.73) donde se expresa en estos duros t\u00e9rminos: \u201cLa amplia distribuci\u00f3n y acr\u00edtica aceptaci\u00f3n de la Biblia de Scofield por los evang\u00e9licos americanos en el siglo XX, oscureci\u00f3 el hecho de que su teolog\u00eda dispensacional no es en absoluto ni la interpretaci\u00f3n tradicional cristiana de la Biblia ni siquiera la interpretaci\u00f3n b\u00edblica de s\u00ed misma, sino un artificio humano creado por John Nelson Darby y sus seguidores\u201d (Douglas W. Frank, Less than Conquerors, p.73). Pero nadie puede negar ha sido una obra que ha inspirado otras similares como las Biblias de estudio de C. Ryrie (v.), Lindsell (v.) y Thompson (v.).<\/p>\n<p>En 1890 fund\u00f3 la Misi\u00f3n Americana Central. Y junto con Lewis S. Chafer (v.) fund\u00f3 la Escuela B\u00edblica de Filadelfia, que posteriormente se transform\u00f3 en el Dallas Theological Seminary.<br \/>\n&#8212;&#8212;&#8212;&#8212;&#8212;&#8212;&#8212;&#8212;&#8212;&#8212;-<br \/>\nCualquier duda estamos a tus \u00f3rdenes. Bendiciones!<\/p>\n","protected":false},"excerpt":{"rendered":"<p>Esta Biblia se basa en el texto tradicional de la Reina-Valera 1960 e incluye la interpretaci\u00f3n de la teolog\u00eda dispensacional y escatolog\u00eda que presentara originalmente el te\u00f3logo estadounidense Dr. C. I. Scofield (1843-1921).<\/p>\n","protected":false},"featured_media":53206,"comment_status":"open","ping_status":"closed","template":"","meta":{"_acf_changed":false},"product_brand":[],"product_cat":[735,872,463,868,877,884,706,624,618],"product_tag":[],"class_list":{"0":"post-53205","1":"product","2":"type-product","3":"status-publish","4":"has-post-thumbnail","6":"product_cat-editoriales-bh-espanol","7":"product_cat-biblias-10-11-puntos","8":"product_cat-biblias-estudio","9":"product_cat-biblias-grandes","10":"product_cat-biblias-imitacion-piel","11":"product_cat-biblias-rvr1960","12":"product_cat-escritores-frank-charles-thompson","13":"product_cat-biblias-frank-charles-thompson","14":"product_cat-biblias-por-comentarista","16":"first","17":"instock","18":"purchasable","19":"product-type-simple"},"acf":[],"_links":{"self":[{"href":"https:\/\/bibliaherramientas.com\/libreria\/wp-json\/wp\/v2\/product\/53205","targetHints":{"allow":["GET"]}}],"collection":[{"href":"https:\/\/bibliaherramientas.com\/libreria\/wp-json\/wp\/v2\/product"}],"about":[{"href":"https:\/\/bibliaherramientas.com\/libreria\/wp-json\/wp\/v2\/types\/product"}],"replies":[{"embeddable":true,"href":"https:\/\/bibliaherramientas.com\/libreria\/wp-json\/wp\/v2\/comments?post=53205"}],"wp:featuredmedia":[{"embeddable":true,"href":"https:\/\/bibliaherramientas.com\/libreria\/wp-json\/wp\/v2\/media\/53206"}],"wp:attachment":[{"href":"https:\/\/bibliaherramientas.com\/libreria\/wp-json\/wp\/v2\/media?parent=53205"}],"wp:term":[{"taxonomy":"product_brand","embeddable":true,"href":"https:\/\/bibliaherramientas.com\/libreria\/wp-json\/wp\/v2\/product_brand?post=53205"},{"taxonomy":"product_cat","embeddable":true,"href":"https:\/\/bibliaherramientas.com\/libreria\/wp-json\/wp\/v2\/product_cat?post=53205"},{"taxonomy":"product_tag","embeddable":true,"href":"https:\/\/bibliaherramientas.com\/libreria\/wp-json\/wp\/v2\/product_tag?post=53205"}],"curies":[{"name":"wp","href":"https:\/\/api.w.org\/{rel}","templated":true}]}}