{"id":53181,"date":"2024-09-04T14:29:05","date_gmt":"2024-09-04T19:29:05","guid":{"rendered":"https:\/\/bibliaherramientas.com\/libreria\/?post_type=product&#038;p=53181"},"modified":"2026-01-06T13:33:20","modified_gmt":"2026-01-06T19:33:20","slug":"biblia-de-estudio-diario-vivir-ntv-sentipiel-con-indice-9781496407719","status":"publish","type":"product","link":"https:\/\/bibliaherramientas.com\/libreria\/producto\/biblia-de-estudio-diario-vivir-ntv-sentipiel-con-indice-9781496407719\/","title":{"rendered":"Biblia De Estudio Diario Vivir Ntv &#8211; Sentipiel Con \u00cdndice"},"content":{"rendered":"<p>BIBLIA NUEVA<\/p>\n<p>La Biblia de estudio del Diario Vivir contin\u00faa siendo una de las Biblias de estudio de mayor venta en la actualidad. Con casi 10.000 notas actualizadas y cientos de mapas y cuadros, incorpora la erudici\u00f3n m\u00e1s actualizada para responder a las preguntas de la vida diaria. M\u00e1s de cien perfiles biogr\u00e1ficos resaltan los principales personajes b\u00edblicos, y cada libro va acompa\u00f1ado de una introducci\u00f3n, datos importantes, esquemas y cronolog\u00edas para que todo lector obtenga una mejor comprensi\u00f3n del contexto en el que fue escrita la Biblia.<\/p>\n<p>La NTV es una traducci\u00f3n excepcional de la Biblia, redactada en un espa\u00f1ol f\u00e1cil de comprender y fiel a los idiomas originales. Es el fruto del trabajo de un equipo de m\u00e1s 50 destacados eruditos de la Biblia. La erudici\u00f3n y la claridad de la NTV le dan vida aun a los pasajes m\u00e1s dif\u00edciles. Sin embargo, lo m\u00e1s impresionante de la NTV son los testimonios de c\u00f3mo esta Biblia est\u00e1 cambiando la vida de las personas al hablarles directamente al coraz\u00f3n. Por eso la llamamos \u00abLA VERDAD CON CLARIDAD\u00bb.<\/p>\n<p>Esta biblia contiene el texto claro y comprensible de la Nueva Traducci\u00f3n Viviente. Tambi\u00e9n incluye referencias cruzadas, una concordancia y 16 mapas a todo color.<\/p>\n<p>CONTENIDO:<br \/>\n&#8211; El texto claro de la Nueva Traducci\u00f3n Viviente.<br \/>\n&#8211; Alrededor de 10.000 gu\u00edas y notas de aplicaci\u00f3n.<br \/>\n&#8211; Alrededor de 300 cuadros y 200 mapas.<br \/>\n&#8211; Armon\u00eda de los Evangelios y referencias cruzadas.<br \/>\n&#8211; Palabras de Cristo en rojo.<br \/>\n&#8211; P\u00e1gina de presentaci\u00f3n.<br \/>\n&#8211; Introducci\u00f3n a cada libro con res\u00famenes y datos esenciales.<br \/>\n&#8211; Perfiles biogr\u00e1ficos de m\u00e1s de 100 personajes claves.<br \/>\n&#8211; Esquemas que resaltan los temas principales.<br \/>\n&#8211; Recursos para el obrero cristiano.<br \/>\n&#8211; Cronolog\u00eda, concordancia e \u00edndice de contenido.<br \/>\n&#8211; 16 mapas a color, cinta marcadora y dise\u00f1o inteligente.<br \/>\n&#8212;&#8212;&#8212;&#8212;&#8212;&#8212;&#8212;&#8212;&#8212;&#8212;-<br \/>\nCualquier duda estamos a tus \u00f3rdenes. Bendiciones!<\/p>\n","protected":false},"excerpt":{"rendered":"<p>La Biblia de estudio del Diario Vivir contin\u00faa siendo una de las Biblias de estudio de mayor venta en la actualidad. Con casi 10.000 notas actualizadas y cientos de mapas y cuadros, incorpora la erudici\u00f3n m\u00e1s actualizada para responder a las preguntas de la vida diaria. M\u00e1s de cien perfiles biogr\u00e1ficos resaltan los principales personajes b\u00edblicos, y cada libro va acompa\u00f1ado de una introducci\u00f3n, datos importantes, esquemas y cronolog\u00edas para que todo lector obtenga una mejor comprensi\u00f3n del contexto en el que fue escrita la Biblia.<\/p>\n","protected":false},"featured_media":53182,"comment_status":"open","ping_status":"closed","template":"","meta":{"_acf_changed":false},"product_brand":[],"product_cat":[871,463,868,877,886,742],"product_tag":[],"class_list":{"0":"post-53181","1":"product","2":"type-product","3":"status-publish","4":"has-post-thumbnail","6":"product_cat-biblias-8-9-puntos","7":"product_cat-biblias-estudio","8":"product_cat-biblias-grandes","9":"product_cat-biblias-imitacion-piel","10":"product_cat-biblias-ntv","11":"product_cat-editoriales-tyndale","13":"first","14":"outofstock","15":"purchasable","16":"product-type-simple"},"acf":[],"_links":{"self":[{"href":"https:\/\/bibliaherramientas.com\/libreria\/wp-json\/wp\/v2\/product\/53181","targetHints":{"allow":["GET"]}}],"collection":[{"href":"https:\/\/bibliaherramientas.com\/libreria\/wp-json\/wp\/v2\/product"}],"about":[{"href":"https:\/\/bibliaherramientas.com\/libreria\/wp-json\/wp\/v2\/types\/product"}],"replies":[{"embeddable":true,"href":"https:\/\/bibliaherramientas.com\/libreria\/wp-json\/wp\/v2\/comments?post=53181"}],"wp:featuredmedia":[{"embeddable":true,"href":"https:\/\/bibliaherramientas.com\/libreria\/wp-json\/wp\/v2\/media\/53182"}],"wp:attachment":[{"href":"https:\/\/bibliaherramientas.com\/libreria\/wp-json\/wp\/v2\/media?parent=53181"}],"wp:term":[{"taxonomy":"product_brand","embeddable":true,"href":"https:\/\/bibliaherramientas.com\/libreria\/wp-json\/wp\/v2\/product_brand?post=53181"},{"taxonomy":"product_cat","embeddable":true,"href":"https:\/\/bibliaherramientas.com\/libreria\/wp-json\/wp\/v2\/product_cat?post=53181"},{"taxonomy":"product_tag","embeddable":true,"href":"https:\/\/bibliaherramientas.com\/libreria\/wp-json\/wp\/v2\/product_tag?post=53181"}],"curies":[{"name":"wp","href":"https:\/\/api.w.org\/{rel}","templated":true}]}}