{"id":53177,"date":"2024-09-04T14:12:04","date_gmt":"2024-09-04T19:12:04","guid":{"rendered":"https:\/\/bibliaherramientas.com\/libreria\/?post_type=product&#038;p=53177"},"modified":"2026-01-06T13:33:20","modified_gmt":"2026-01-06T19:33:20","slug":"biblia-de-estudio-para-la-mujer-rvr1960-imitacion-piel-9780529115355","status":"publish","type":"product","link":"https:\/\/bibliaherramientas.com\/libreria\/producto\/biblia-de-estudio-para-la-mujer-rvr1960-imitacion-piel-9780529115355\/","title":{"rendered":"Biblia De Estudio Para La Mujer Rvr1960 Imitaci\u00f3n Piel"},"content":{"rendered":"<p>RECURSO NUEVO<\/p>\n<p>&#8211; Dimensiones: 17.5 x 24.5 x 4.0 cms.<br \/>\n&#8211; Tama\u00f1o de letra: Mediana (10 puntos).<br \/>\n&#8211; Tipo de pasta: Imitaci\u00f3n piel.<br \/>\n&#8211; P\u00e1ginas: 1920.<br \/>\n&#8211; Peso: 1.390 kg.<\/p>\n<p>La Biblia de estudio mujer es un preciado tesoro, que revela de modo conmovedor la Palabra de Dios al coraz\u00f3n de la mujer. Ahora con un nuevo y atractivo dise\u00f1o y disponible por primera vez en la versi\u00f3n Reina-Valera, la Biblia de estudio mujer \u00a1es m\u00e1s relevante que nunca para las mujeres en la actualidad!<\/p>\n<p>Caracter\u00edsticas:<\/p>\n<p>&#8211; Introducci\u00f3n y prefacio a la Biblia.<br \/>\n&#8211; Dios cuida de las mujeres.<br \/>\n&#8211; La vida equilibrada.<br \/>\n&#8211; Introducciones a la Biblias.<br \/>\n&#8211; Temas.<br \/>\n&#8211; Bosquejos.<br \/>\n&#8211; Inspiradores art\u00edculos por Anne Graham Lotz, Nancy Leigh DeMoss, Roberta Hromas, Linda Dillow, Kathy Troccoli, y otras.<br \/>\n&#8211; M\u00e1s de 100 historias de mujeres en la Biblia.<br \/>\n&#8211; M\u00e1s de 300 art\u00edculos sobre temas para mujeres.<br \/>\n&#8211; Cientos de profundas citas de mujeres inspiradoras a lo largo de la historia.<br \/>\n&#8211; Monedas y medidas en la Biblia.<br \/>\n&#8211; Lo que dejaron atr\u00e1s.<br \/>\n&#8211; Las mujeres y los ni\u00f1os en la narrativa B\u00edblica.<br \/>\n&#8211; \u00cdndice: Una gu\u00eda de referencias de los rasgos especiales.<br \/>\n&#8211; Mapas y gr\u00e1ficos.<br \/>\n&#8211; Concordancia.<br \/>\n&#8211; Cinta separadora.<br \/>\n&#8211; Canto plateado.<br \/>\n&#8211; Sin \u00edndice.<br \/>\n&#8212;&#8212;&#8212;&#8212;&#8212;&#8212;&#8212;&#8212;&#8212;<br \/>\nCualquier duda estamos a tus \u00f3rdenes. Bendiciones!<\/p>\n","protected":false},"excerpt":{"rendered":"<p>La Biblia de estudio mujer es un preciado tesoro, que revela de modo conmovedor la Palabra de Dios al coraz\u00f3n de la mujer. Ahora con un nuevo y atractivo dise\u00f1o y disponible por primera vez en la versi\u00f3n Reina-Valera, la Biblia de estudio mujer \u00a1es m\u00e1s relevante que nunca para las mujeres en la actualidad!<\/p>\n","protected":false},"featured_media":53178,"comment_status":"open","ping_status":"closed","template":"","meta":{"_acf_changed":false},"product_brand":[],"product_cat":[872,463,877,867,464,884,737],"product_tag":[],"class_list":{"0":"post-53177","1":"product","2":"type-product","3":"status-publish","4":"has-post-thumbnail","6":"product_cat-biblias-10-11-puntos","7":"product_cat-biblias-estudio","8":"product_cat-biblias-imitacion-piel","9":"product_cat-biblias-medianas","10":"product_cat-biblias-mujeres","11":"product_cat-biblias-rvr1960","12":"product_cat-editoriales-grupo-nelson","14":"first","15":"outofstock","16":"purchasable","17":"product-type-simple"},"acf":[],"_links":{"self":[{"href":"https:\/\/bibliaherramientas.com\/libreria\/wp-json\/wp\/v2\/product\/53177","targetHints":{"allow":["GET"]}}],"collection":[{"href":"https:\/\/bibliaherramientas.com\/libreria\/wp-json\/wp\/v2\/product"}],"about":[{"href":"https:\/\/bibliaherramientas.com\/libreria\/wp-json\/wp\/v2\/types\/product"}],"replies":[{"embeddable":true,"href":"https:\/\/bibliaherramientas.com\/libreria\/wp-json\/wp\/v2\/comments?post=53177"}],"wp:featuredmedia":[{"embeddable":true,"href":"https:\/\/bibliaherramientas.com\/libreria\/wp-json\/wp\/v2\/media\/53178"}],"wp:attachment":[{"href":"https:\/\/bibliaherramientas.com\/libreria\/wp-json\/wp\/v2\/media?parent=53177"}],"wp:term":[{"taxonomy":"product_brand","embeddable":true,"href":"https:\/\/bibliaherramientas.com\/libreria\/wp-json\/wp\/v2\/product_brand?post=53177"},{"taxonomy":"product_cat","embeddable":true,"href":"https:\/\/bibliaherramientas.com\/libreria\/wp-json\/wp\/v2\/product_cat?post=53177"},{"taxonomy":"product_tag","embeddable":true,"href":"https:\/\/bibliaherramientas.com\/libreria\/wp-json\/wp\/v2\/product_tag?post=53177"}],"curies":[{"name":"wp","href":"https:\/\/api.w.org\/{rel}","templated":true}]}}