{"id":53156,"date":"2024-09-04T12:08:49","date_gmt":"2024-09-04T17:08:49","guid":{"rendered":"https:\/\/bibliaherramientas.com\/libreria\/?post_type=product&#038;p=53156"},"modified":"2026-01-06T13:33:19","modified_gmt":"2026-01-06T19:33:19","slug":"biblia-visual-de-estudio-nbla-para-ninos-simil-piel-cafe-9780829772432","status":"publish","type":"product","link":"https:\/\/bibliaherramientas.com\/libreria\/producto\/biblia-visual-de-estudio-nbla-para-ninos-simil-piel-cafe-9780829772432\/","title":{"rendered":"Biblia Visual De Estudio Nbla Para Ni\u00f1os S\u00edmil Piel Caf\u00e9"},"content":{"rendered":"<p>BIBLIA NUEVA<\/p>\n<p>\u00a1M\u00e1s de 700 im\u00e1genes le dan vida a la Biblia para los ni\u00f1os!<\/p>\n<p>\u00bfCrees que tus hijos aprender\u00edan m\u00e1s de forma visual? \u00a1Entonces, esta es la Biblia para ellos! La NBLA Biblia visual de estudio para ni\u00f1os le da vida a la gran historia de Dios con m\u00e1s de 700 ilustraciones, fotograf\u00edas, infograf\u00edas y mapas. Dise\u00f1ada para ni\u00f1os de 8 a 12 a\u00f1os, esta atractiva Biblia los acerca a las Escrituras, explic\u00e1ndoles visualmente c\u00f3mo encajan los hechos y las historias. La Biblia tambi\u00e9n contiene notas de estudio que mantendr\u00e1n a los ni\u00f1os leyendo y explorando la Palabra de Dios.<\/p>\n<p>Reg\u00e1lales una NBLA Biblia visual de estudio para ni\u00f1os y observa c\u00f3mo sus mentes curiosas encuentran respuestas que los animar\u00e1n a seguir indagando en las Escrituras.<\/p>\n<p>CARACTER\u00cdSTICAS:<br \/>\n&#8211; M\u00e1s de 700 fotograf\u00edas a todo color, ilustraciones, infograf\u00edas y mapas.<br \/>\n&#8211; Notas de estudio que ayudan a explicar el texto con datos \u00fatiles sobre cada libro de la Biblia.<br \/>\n&#8211; Introducciones a los libros con datos importantes y una imagen para orientar al lector.<br \/>\n&#8211; Formato de una sola columna con notas de estudio laterales que facilitan la lectura.<br \/>\n&#8211; P\u00e1gina de presentaci\u00f3n ideal para regalo.<br \/>\n&#8211; Marcador de cinta para ayudar a recordar d\u00f3nde se detuvo la lectura.<br \/>\n&#8211; Tama\u00f1o de letra f\u00e1cil de leer.<br \/>\n&#8211; Texto completo de la Nueva Biblia de las Am\u00e9ricas (NBLA).<br \/>\n&#8212;&#8212;&#8212;&#8212;&#8212;&#8212;&#8212;&#8212;&#8212;&#8212;-<br \/>\nCualquier duda estamos a tus \u00f3rdenes. Bendiciones!<\/p>\n","protected":false},"excerpt":{"rendered":"<p>\u00bfCrees que tus hijos aprender\u00edan m\u00e1s de forma visual? \u00a1Entonces, esta es la Biblia para ellos! La NBLA Biblia visual de estudio para ni\u00f1os le da vida a la gran historia de Dios con m\u00e1s de 700 ilustraciones, fotograf\u00edas, infograf\u00edas y mapas. Dise\u00f1ada para ni\u00f1os de 8 a 12 a\u00f1os, esta atractiva Biblia los acerca a las Escrituras, explic\u00e1ndoles visualmente c\u00f3mo encajan los hechos y las historias.\u00a0La Biblia tambi\u00e9n contiene notas de estudio que mantendr\u00e1n a los ni\u00f1os leyendo y explorando la Palabra de Dios.<\/p>\n","protected":false},"featured_media":53157,"comment_status":"open","ping_status":"closed","template":"","meta":{"_acf_changed":false},"product_brand":[],"product_cat":[463,877,867,891,492,744],"product_tag":[],"class_list":{"0":"post-53156","1":"product","2":"type-product","3":"status-publish","4":"has-post-thumbnail","6":"product_cat-biblias-estudio","7":"product_cat-biblias-imitacion-piel","8":"product_cat-biblias-medianas","9":"product_cat-biblias-nbla","10":"product_cat-biblias-ninos","11":"product_cat-editoriales-vida","13":"first","14":"instock","15":"purchasable","16":"product-type-simple"},"acf":[],"_links":{"self":[{"href":"https:\/\/bibliaherramientas.com\/libreria\/wp-json\/wp\/v2\/product\/53156","targetHints":{"allow":["GET"]}}],"collection":[{"href":"https:\/\/bibliaherramientas.com\/libreria\/wp-json\/wp\/v2\/product"}],"about":[{"href":"https:\/\/bibliaherramientas.com\/libreria\/wp-json\/wp\/v2\/types\/product"}],"replies":[{"embeddable":true,"href":"https:\/\/bibliaherramientas.com\/libreria\/wp-json\/wp\/v2\/comments?post=53156"}],"wp:featuredmedia":[{"embeddable":true,"href":"https:\/\/bibliaherramientas.com\/libreria\/wp-json\/wp\/v2\/media\/53157"}],"wp:attachment":[{"href":"https:\/\/bibliaherramientas.com\/libreria\/wp-json\/wp\/v2\/media?parent=53156"}],"wp:term":[{"taxonomy":"product_brand","embeddable":true,"href":"https:\/\/bibliaherramientas.com\/libreria\/wp-json\/wp\/v2\/product_brand?post=53156"},{"taxonomy":"product_cat","embeddable":true,"href":"https:\/\/bibliaherramientas.com\/libreria\/wp-json\/wp\/v2\/product_cat?post=53156"},{"taxonomy":"product_tag","embeddable":true,"href":"https:\/\/bibliaherramientas.com\/libreria\/wp-json\/wp\/v2\/product_tag?post=53156"}],"curies":[{"name":"wp","href":"https:\/\/api.w.org\/{rel}","templated":true}]}}