{"id":53138,"date":"2024-09-03T17:10:41","date_gmt":"2024-09-03T22:10:41","guid":{"rendered":"https:\/\/bibliaherramientas.com\/libreria\/?post_type=product&#038;p=53138"},"modified":"2026-01-06T13:33:19","modified_gmt":"2026-01-06T19:33:19","slug":"biblia-para-ninos-nvi-simil-piel-azul-celeste-comfort-print-9780829772555","status":"publish","type":"product","link":"https:\/\/bibliaherramientas.com\/libreria\/producto\/biblia-para-ninos-nvi-simil-piel-azul-celeste-comfort-print-9780829772555\/","title":{"rendered":"Biblia Para Ni\u00f1os Nvi S\u00edmil Piel Azul Celeste Comfort Print"},"content":{"rendered":"<p>BIBLIA NUEVA<\/p>\n<p>\u00a1Una elecci\u00f3n perfecta para los lectores m\u00e1s j\u00f3venes de la Biblia, la Biblia para ni\u00f1os NVI incluye numerosos estudios de ayuda con la traducci\u00f3n contempor\u00e1nea m\u00e1s le\u00edda, \u00a1para hacer que la lectura de la Biblia sea divertida y accesible para los ni\u00f1os!<\/p>\n<p>Los ni\u00f1os estar\u00e1n encantados de tener esta edici\u00f3n f\u00e1cil de leer, y con el texto actualizado de la Nueva Versi\u00f3n Internacional (2022). La Biblia para ni\u00f1os NVI es ideal para que los ni\u00f1os de 8 a 12 a\u00f1os la lean solos o en familia. Esta Biblia incluye herramientas adecuadas a la edad para ayudar a los primeros lectores de la Biblia a empezar a relacionarse con las Escrituras y a explorarlas de forma independiente.<\/p>\n<p>Esta Biblia incluye:<\/p>\n<p>&#8211; Texto completo de la Nueva Versi\u00f3n Internacional (2022) NVI.<br \/>\n&#8211; P\u00e1gina de presentaci\u00f3n para personalizar este regalo especial.<br \/>\n&#8211; Ayudas de estudio dise\u00f1adas espec\u00edficamente para los lectores principiantes de la Biblia, incluyendo Los milagros de Jes\u00fas, Los nombres de Dios, Los ni\u00f1os en la Biblia, La memorizaci\u00f3n de las Escrituras y La importancia de leer la Biblia.<br \/>\n&#8211; El Glosario de la NVI aclara palabras utilizadas en las Escrituras.<br \/>\n&#8211; Los planes de lectura proporcionan un marco f\u00e1cil para guiar a los ni\u00f1os mientras experimentan a Dios en Su Palabra.<br \/>\n&#8211; Los mapas b\u00edblicos a todo color ayudan a los lectores a visualizar los acontecimientos hist\u00f3ricos y el lugar donde ocurrieron.<br \/>\n&#8211; Marcador de cinta para que puedan hojear f\u00e1cilmente y hacer un seguimiento de donde estaban leyendo.<br \/>\n&#8211; Importantes e interesantes ayudas extras como: Descubre los hechos, \u00bfD\u00f3nde lo encuentro?, Dios es todo lo que necesito \u2014 Vers\u00edculos de la Biblia.<br \/>\n&#8211; Secci\u00f3n con p\u00e1ginas dedicadas para sus notas o dibujar.<br \/>\n&#8211; Encuadernaci\u00f3n duradera para usarla por muchos a\u00f1os.<br \/>\n&#8212;&#8212;&#8212;&#8212;&#8212;&#8212;&#8212;&#8212;&#8212;&#8212;-<br \/>\nCualquier duda estamos a tus \u00f3rdenes. Bendiciones!<\/p>\n","protected":false},"excerpt":{"rendered":"<p>\u00a1Una elecci\u00f3n perfecta para los lectores m\u00e1s j\u00f3venes de la Biblia, la Biblia para ni\u00f1os NVI incluye numerosos estudios de ayuda con la traducci\u00f3n contempor\u00e1nea m\u00e1s le\u00edda, \u00a1para hacer que la lectura de la Biblia sea divertida y accesible para los ni\u00f1os!<\/p>\n","protected":false},"featured_media":53141,"comment_status":"open","ping_status":"closed","template":"","meta":{"_acf_changed":false},"product_brand":[],"product_cat":[877,494,867,887,492,498,744],"product_tag":[],"class_list":{"0":"post-53138","1":"product","2":"type-product","3":"status-publish","4":"has-post-thumbnail","6":"product_cat-biblias-imitacion-piel","7":"product_cat-biblias-juveniles","8":"product_cat-biblias-medianas","9":"product_cat-biblias-nvi","10":"product_cat-biblias-ninos","11":"product_cat-biblias-personales","12":"product_cat-editoriales-vida","14":"first","15":"instock","16":"purchasable","17":"product-type-simple"},"acf":[],"_links":{"self":[{"href":"https:\/\/bibliaherramientas.com\/libreria\/wp-json\/wp\/v2\/product\/53138","targetHints":{"allow":["GET"]}}],"collection":[{"href":"https:\/\/bibliaherramientas.com\/libreria\/wp-json\/wp\/v2\/product"}],"about":[{"href":"https:\/\/bibliaherramientas.com\/libreria\/wp-json\/wp\/v2\/types\/product"}],"replies":[{"embeddable":true,"href":"https:\/\/bibliaherramientas.com\/libreria\/wp-json\/wp\/v2\/comments?post=53138"}],"wp:featuredmedia":[{"embeddable":true,"href":"https:\/\/bibliaherramientas.com\/libreria\/wp-json\/wp\/v2\/media\/53141"}],"wp:attachment":[{"href":"https:\/\/bibliaherramientas.com\/libreria\/wp-json\/wp\/v2\/media?parent=53138"}],"wp:term":[{"taxonomy":"product_brand","embeddable":true,"href":"https:\/\/bibliaherramientas.com\/libreria\/wp-json\/wp\/v2\/product_brand?post=53138"},{"taxonomy":"product_cat","embeddable":true,"href":"https:\/\/bibliaherramientas.com\/libreria\/wp-json\/wp\/v2\/product_cat?post=53138"},{"taxonomy":"product_tag","embeddable":true,"href":"https:\/\/bibliaherramientas.com\/libreria\/wp-json\/wp\/v2\/product_tag?post=53138"}],"curies":[{"name":"wp","href":"https:\/\/api.w.org\/{rel}","templated":true}]}}