{"id":53135,"date":"2024-09-03T16:42:59","date_gmt":"2024-09-03T21:42:59","guid":{"rendered":"https:\/\/bibliaherramientas.com\/libreria\/?post_type=product&#038;p=53135"},"modified":"2026-01-06T13:33:19","modified_gmt":"2026-01-06T19:33:19","slug":"biblia-compacta-rvr1960-para-ninos-simil-piel-verde-cierre-9788418852190","status":"publish","type":"product","link":"https:\/\/bibliaherramientas.com\/libreria\/producto\/biblia-compacta-rvr1960-para-ninos-simil-piel-verde-cierre-9788418852190\/","title":{"rendered":"Biblia Compacta Rvr1960 Para Ni\u00f1os S\u00edmil Piel Verde Cierre"},"content":{"rendered":"<p>BIBLIA NUEVA<\/p>\n<p>\u00a1Dios te ama! Esta es la Palabra de Dios para ti.<\/p>\n<p>Esta Biblia en edici\u00f3n exclusiva de la versi\u00f3n Reina Valera 1960 te mostrar\u00e1 la fidelidad de Dios a trav\u00e9s de la historia. Cuando la leas, p\u00eddele a Dios que te ayude a entender lo que \u00c9l quiere que sepas. Crecer\u00e1s en conocimiento y amistad con Jes\u00fas.<\/p>\n<p>CARACTER\u00cdSTICAS:<br \/>\n\u2022 Edici\u00f3n Reina Valera 1960.<br \/>\n\u2022 P\u00e1gina para dedicatoria.<br \/>\n\u2022 Tips para leer la Biblia.<br \/>\n\u2022 Ilustraciones interiores.<br \/>\n\u2022 C\u00f3mo leer la Biblia.<br \/>\n\u2022 Qu\u00e9 dice la Biblia acerca del perd\u00f3n.<br \/>\n\u2022 C\u00f3mo encontrar ayuda en la Biblia.<br \/>\n\u2022 C\u00f3mo hacer frente a la inquietud.<br \/>\n\u2022 Pasajes famosos de la Biblia.<br \/>\n\u2022 Para leer la Biblia en un a\u00f1o.<br \/>\n\u2022 4 Mapas.<br \/>\n\u2022 Cierre color verde.<br \/>\n&#8212;&#8212;&#8212;&#8212;&#8212;&#8212;&#8212;&#8212;&#8212;&#8212;&#8212;&#8212;<br \/>\nCualquier duda, estamos para servirte, Bendiciones!<\/p>\n","protected":false},"excerpt":{"rendered":"<p>Esta Biblia en edici\u00f3n exclusiva de la versi\u00f3n Reina Valera 1960 te mostrar\u00e1 la fidelidad de Dios a trav\u00e9s de la historia. Cuando la leas, p\u00eddele a Dios que te ayude a entender lo que \u00c9l quiere que sepas. Crecer\u00e1s en conocimiento y amistad con Jes\u00fas.<\/p>\n","protected":false},"featured_media":53136,"comment_status":"open","ping_status":"closed","template":"","meta":{"_acf_changed":false},"product_brand":[],"product_cat":[866,877,492,498,884,748],"product_tag":[],"class_list":{"0":"post-53135","1":"product","2":"type-product","3":"status-publish","4":"has-post-thumbnail","6":"product_cat-biblias-compactas","7":"product_cat-biblias-imitacion-piel","8":"product_cat-biblias-ninos","9":"product_cat-biblias-personales","10":"product_cat-biblias-rvr1960","11":"product_cat-editoriales-sociedades-biblicas-unidas","13":"first","14":"instock","15":"purchasable","16":"product-type-simple"},"acf":[],"_links":{"self":[{"href":"https:\/\/bibliaherramientas.com\/libreria\/wp-json\/wp\/v2\/product\/53135","targetHints":{"allow":["GET"]}}],"collection":[{"href":"https:\/\/bibliaherramientas.com\/libreria\/wp-json\/wp\/v2\/product"}],"about":[{"href":"https:\/\/bibliaherramientas.com\/libreria\/wp-json\/wp\/v2\/types\/product"}],"replies":[{"embeddable":true,"href":"https:\/\/bibliaherramientas.com\/libreria\/wp-json\/wp\/v2\/comments?post=53135"}],"wp:featuredmedia":[{"embeddable":true,"href":"https:\/\/bibliaherramientas.com\/libreria\/wp-json\/wp\/v2\/media\/53136"}],"wp:attachment":[{"href":"https:\/\/bibliaherramientas.com\/libreria\/wp-json\/wp\/v2\/media?parent=53135"}],"wp:term":[{"taxonomy":"product_brand","embeddable":true,"href":"https:\/\/bibliaherramientas.com\/libreria\/wp-json\/wp\/v2\/product_brand?post=53135"},{"taxonomy":"product_cat","embeddable":true,"href":"https:\/\/bibliaherramientas.com\/libreria\/wp-json\/wp\/v2\/product_cat?post=53135"},{"taxonomy":"product_tag","embeddable":true,"href":"https:\/\/bibliaherramientas.com\/libreria\/wp-json\/wp\/v2\/product_tag?post=53135"}],"curies":[{"name":"wp","href":"https:\/\/api.w.org\/{rel}","templated":true}]}}