{"id":53122,"date":"2024-09-03T13:59:33","date_gmt":"2024-09-03T18:59:33","guid":{"rendered":"https:\/\/bibliaherramientas.com\/libreria\/?post_type=product&#038;p=53122"},"modified":"2026-01-06T13:33:18","modified_gmt":"2026-01-06T19:33:18","slug":"biblia-para-ninos-interactiva-rvr1960-tapa-dura-holman-9781087768458","status":"publish","type":"product","link":"https:\/\/bibliaherramientas.com\/libreria\/producto\/biblia-para-ninos-interactiva-rvr1960-tapa-dura-holman-9781087768458\/","title":{"rendered":"Biblia Para Ni\u00f1os Interactiva Rvr1960 Tapa Dura Holman"},"content":{"rendered":"<p>BIBLIA NUEVA<\/p>\n<p>Los ni\u00f1os podr\u00e1n leer la Biblia como nunca antes, al ver escenas de la Biblia literalmente saltar de la p\u00e1gina a trav\u00e9s de una aplicaci\u00f3n descargable que les permite ver las im\u00e1genes en un formato de realidad aumentada y al mismo tiempo escuchar la narraci\u00f3n del evento.<\/p>\n<p>Junto a sus padres, los ni\u00f1os podr\u00e1n disfrutar las secciones de Conexiones con Cristo y las Grandes preguntas y respuestas que muestran c\u00f3mo la historia de Dios se desarrolla desde el inicio del tiempo y c\u00f3mo nosotros encajamos en Su plan. Las p\u00e1ginas de esta Biblia cobran vida y encuentran a los ni\u00f1os en el mundo visual al que est\u00e1n acostumbrados.<br \/>\n&#8212;&#8212;&#8212;&#8212;&#8212;&#8212;&#8212;&#8212;&#8212;&#8212;&#8212;&#8212;&#8212;&#8212;<br \/>\nCualquier duda, estamos para servirte! Bendiciones!<\/p>\n","protected":false},"excerpt":{"rendered":"<p>Los ni\u00f1os podr\u00e1n leer la Biblia como nunca antes, al ver escenas de la Biblia literalmente saltar de la p\u00e1gina a trav\u00e9s de una aplicaci\u00f3n descargable que les permite ver las im\u00e1genes en un formato de realidad aumentada y al mismo tiempo escuchar la narraci\u00f3n del evento.<\/p>\n","protected":false},"featured_media":53123,"comment_status":"open","ping_status":"closed","template":"","meta":{"_acf_changed":false},"product_brand":[],"product_cat":[867,492,884,879,753],"product_tag":[],"class_list":{"0":"post-53122","1":"product","2":"type-product","3":"status-publish","4":"has-post-thumbnail","6":"product_cat-biblias-medianas","7":"product_cat-biblias-ninos","8":"product_cat-biblias-rvr1960","9":"product_cat-biblias-tapa-dura","10":"product_cat-holman","12":"first","13":"instock","14":"purchasable","15":"product-type-simple"},"acf":[],"_links":{"self":[{"href":"https:\/\/bibliaherramientas.com\/libreria\/wp-json\/wp\/v2\/product\/53122","targetHints":{"allow":["GET"]}}],"collection":[{"href":"https:\/\/bibliaherramientas.com\/libreria\/wp-json\/wp\/v2\/product"}],"about":[{"href":"https:\/\/bibliaherramientas.com\/libreria\/wp-json\/wp\/v2\/types\/product"}],"replies":[{"embeddable":true,"href":"https:\/\/bibliaherramientas.com\/libreria\/wp-json\/wp\/v2\/comments?post=53122"}],"wp:featuredmedia":[{"embeddable":true,"href":"https:\/\/bibliaherramientas.com\/libreria\/wp-json\/wp\/v2\/media\/53123"}],"wp:attachment":[{"href":"https:\/\/bibliaherramientas.com\/libreria\/wp-json\/wp\/v2\/media?parent=53122"}],"wp:term":[{"taxonomy":"product_brand","embeddable":true,"href":"https:\/\/bibliaherramientas.com\/libreria\/wp-json\/wp\/v2\/product_brand?post=53122"},{"taxonomy":"product_cat","embeddable":true,"href":"https:\/\/bibliaherramientas.com\/libreria\/wp-json\/wp\/v2\/product_cat?post=53122"},{"taxonomy":"product_tag","embeddable":true,"href":"https:\/\/bibliaherramientas.com\/libreria\/wp-json\/wp\/v2\/product_tag?post=53122"}],"curies":[{"name":"wp","href":"https:\/\/api.w.org\/{rel}","templated":true}]}}