{"id":53106,"date":"2024-09-03T12:40:46","date_gmt":"2024-09-03T17:40:46","guid":{"rendered":"https:\/\/bibliaherramientas.com\/libreria\/?post_type=product&#038;p=53106"},"modified":"2026-01-06T13:33:18","modified_gmt":"2026-01-06T19:33:18","slug":"relatos-biblicos-para-los-mas-pequenos-del-testamento-9781433689673","status":"publish","type":"product","link":"https:\/\/bibliaherramientas.com\/libreria\/producto\/relatos-biblicos-para-los-mas-pequenos-del-testamento-9781433689673\/","title":{"rendered":"Relatos B\u00edblicos Para Los M\u00e1s Peque\u00f1os Del Testamento"},"content":{"rendered":"<p><span class=\"a-text-italic\">Historias b\u00edblicas para los m\u00e1s peque\u00f1os (Nuevo Testamento).<\/span><\/p>\n<p><span class=\"a-text-italic\">Presente la Biblia a los aprendices m\u00e1s j\u00f3venes con\u00a0<\/span><span class=\"a-text-italic\">Historias b\u00edblicas para los m\u00e1s peque\u00f1os (Nuevo Testamento), edici\u00f3n de cart\u00f3n<\/span><span class=\"a-text-italic\">. Incluye veinte historias del Nuevo Testamento en un nuevo formato interactivo, divertido y atractivo de relatos b\u00edblicos para los chiquitos que empiezan a caminar.<br \/>\nCada historia se caracteriza por ilustraciones en cuatro colores resaltados que, utilizadas en conjunto con la aplicaci\u00f3n \u201cB&amp;H Kids AR\u201d [realidad aumentada], cobrar\u00e1n vida con im\u00e1genes animadas y la lectura grabada por Jenna Lucado.<br \/>\nHistorias b\u00edblicas para los m\u00e1s peque\u00f1os (NuevoTestamento), edici\u00f3n de cart\u00f3n,\u00a0<\/span>es el producto m\u00e1s reciente en la familia de libros de\u00a0<span class=\"a-text-italic\">Big Picture Interactive<\/span>\u00a0\u2014una serie dise\u00f1ada para crecer con la familia y fortalecer relaciones en Cristo por medio de publicaciones centradas en la Biblia y difundidas por plataformas m\u00faltiples para apasionar a lectores de toda edad.<\/p>\n","protected":false},"excerpt":{"rendered":"<p><span class=\"a-text-italic\">Incluye veinte historias del Nuevo Testamento en un nuevo formato interactivo, divertido y atractivo de relatos b\u00edblicos para los chiquitos que empiezan a caminar. Cada historia se caracteriza por ilustraciones en cuatro colores resaltados que, utilizadas en conjunto con la aplicaci\u00f3n \u201cB&amp;H Kids AR\u201d [realidad aumentada], cobrar\u00e1n vida con im\u00e1genes animadas y la lectura grabada por Jenna Lucado.<\/span><\/p>\n","protected":false},"featured_media":53107,"comment_status":"open","ping_status":"closed","template":"","meta":{"_acf_changed":false},"product_brand":[],"product_cat":[735,867,492,879,533,538],"product_tag":[],"class_list":{"0":"post-53106","1":"product","2":"type-product","3":"status-publish","4":"has-post-thumbnail","6":"product_cat-editoriales-bh-espanol","7":"product_cat-biblias-medianas","8":"product_cat-biblias-ninos","9":"product_cat-biblias-tapa-dura","10":"product_cat-libros-general","11":"product_cat-ninos-libros","13":"first","14":"instock","15":"purchasable","16":"product-type-simple"},"acf":[],"_links":{"self":[{"href":"https:\/\/bibliaherramientas.com\/libreria\/wp-json\/wp\/v2\/product\/53106","targetHints":{"allow":["GET"]}}],"collection":[{"href":"https:\/\/bibliaherramientas.com\/libreria\/wp-json\/wp\/v2\/product"}],"about":[{"href":"https:\/\/bibliaherramientas.com\/libreria\/wp-json\/wp\/v2\/types\/product"}],"replies":[{"embeddable":true,"href":"https:\/\/bibliaherramientas.com\/libreria\/wp-json\/wp\/v2\/comments?post=53106"}],"wp:featuredmedia":[{"embeddable":true,"href":"https:\/\/bibliaherramientas.com\/libreria\/wp-json\/wp\/v2\/media\/53107"}],"wp:attachment":[{"href":"https:\/\/bibliaherramientas.com\/libreria\/wp-json\/wp\/v2\/media?parent=53106"}],"wp:term":[{"taxonomy":"product_brand","embeddable":true,"href":"https:\/\/bibliaherramientas.com\/libreria\/wp-json\/wp\/v2\/product_brand?post=53106"},{"taxonomy":"product_cat","embeddable":true,"href":"https:\/\/bibliaherramientas.com\/libreria\/wp-json\/wp\/v2\/product_cat?post=53106"},{"taxonomy":"product_tag","embeddable":true,"href":"https:\/\/bibliaherramientas.com\/libreria\/wp-json\/wp\/v2\/product_tag?post=53106"}],"curies":[{"name":"wp","href":"https:\/\/api.w.org\/{rel}","templated":true}]}}