{"id":53102,"date":"2024-09-03T12:21:03","date_gmt":"2024-09-03T17:21:03","guid":{"rendered":"https:\/\/bibliaherramientas.com\/libreria\/?post_type=product&#038;p=53102"},"modified":"2026-01-06T13:33:15","modified_gmt":"2026-01-06T19:33:15","slug":"biblia-compacta-para-ninos-rvr1960-mi-gran-viaje-tapa-dura-9798885165860","status":"publish","type":"product","link":"https:\/\/bibliaherramientas.com\/libreria\/producto\/biblia-compacta-para-ninos-rvr1960-mi-gran-viaje-tapa-dura-9798885165860\/","title":{"rendered":"Biblia Compacta Para Ni\u00f1os Rvr1960 Mi Gran Viaje Tapa Dura"},"content":{"rendered":"<p>BIBLIA NUEVA<\/p>\n<p>La versi\u00f3n Reina Valera 1960 es la traducci\u00f3n m\u00e1s querida por el pueblo cristiano de habla hispana.<\/p>\n<p>En esta exclusiva edici\u00f3n podr\u00e1 disfrutar del texto completo de las Escrituras combinado con l\u00e1minas a todo color con dibujos de las escenas m\u00e1s relevantes de la Biblia. Una edici\u00f3n \u00fanica para ni\u00f1os y de gran calidad para aprender a amar la Palabra de Dios desde muy peque\u00f1os.<\/p>\n<p>CONTENIDO:<br \/>\n&#8211; Contiene el texto de la Reina Valera 1960.<br \/>\n&#8211; Letra mediana 10 puntos.<br \/>\n&#8211; Incluye im\u00e1genes muy coloridas.<br \/>\n&#8211; Para ni\u00f1os que ya saben leer y escribir.<br \/>\n&#8211; Portadas muy coloridas.<br \/>\n&#8211; Ap\u00e9ndices y ayudas al final.<\/p>\n<p>CONTENIDO ADICIONAL:<br \/>\n&#8211; C\u00f3mo leer la Biblia.<br \/>\n&#8211; Mientras lees.<br \/>\n&#8211; Despu\u00e9s de leer.<br \/>\n&#8211; Vers\u00edculos claves de cada libro.<br \/>\n&#8211; Plan de Lectura de la Biblia en un a\u00f1o.<br \/>\n&#8211; Genealog\u00eda de Jes\u00fas.<br \/>\n&#8211; Tipolog\u00eda de los Salmos.<br \/>\n&#8212;&#8212;&#8212;&#8212;&#8212;&#8212;&#8212;&#8212;&#8212;&#8212;&#8212;&#8212;&#8212;&#8212;&#8211;<br \/>\nCualquier duda, estamos para servirte, Bendiciones!<\/p>\n","protected":false},"excerpt":{"rendered":"<p>En esta exclusiva edici\u00f3n podr\u00e1 disfrutar del texto completo de las Escrituras combinado con l\u00e1minas a todo color con dibujos de las escenas m\u00e1s relevantes de la Biblia. Una edici\u00f3n \u00fanica para ni\u00f1os y de gran calidad para aprender a amar la Palabra de Dios desde muy peque\u00f1os.<\/p>\n","protected":false},"featured_media":53105,"comment_status":"open","ping_status":"closed","template":"","meta":{"_acf_changed":false},"product_brand":[],"product_cat":[866,492,498,884,879,1003],"product_tag":[],"class_list":{"0":"post-53102","1":"product","2":"type-product","3":"status-publish","4":"has-post-thumbnail","6":"product_cat-biblias-compactas","7":"product_cat-biblias-ninos","8":"product_cat-biblias-personales","9":"product_cat-biblias-rvr1960","10":"product_cat-biblias-tapa-dura","11":"product_cat-mundo-biblia","13":"first","14":"outofstock","15":"purchasable","16":"product-type-simple"},"acf":[],"_links":{"self":[{"href":"https:\/\/bibliaherramientas.com\/libreria\/wp-json\/wp\/v2\/product\/53102","targetHints":{"allow":["GET"]}}],"collection":[{"href":"https:\/\/bibliaherramientas.com\/libreria\/wp-json\/wp\/v2\/product"}],"about":[{"href":"https:\/\/bibliaherramientas.com\/libreria\/wp-json\/wp\/v2\/types\/product"}],"replies":[{"embeddable":true,"href":"https:\/\/bibliaherramientas.com\/libreria\/wp-json\/wp\/v2\/comments?post=53102"}],"wp:featuredmedia":[{"embeddable":true,"href":"https:\/\/bibliaherramientas.com\/libreria\/wp-json\/wp\/v2\/media\/53105"}],"wp:attachment":[{"href":"https:\/\/bibliaherramientas.com\/libreria\/wp-json\/wp\/v2\/media?parent=53102"}],"wp:term":[{"taxonomy":"product_brand","embeddable":true,"href":"https:\/\/bibliaherramientas.com\/libreria\/wp-json\/wp\/v2\/product_brand?post=53102"},{"taxonomy":"product_cat","embeddable":true,"href":"https:\/\/bibliaherramientas.com\/libreria\/wp-json\/wp\/v2\/product_cat?post=53102"},{"taxonomy":"product_tag","embeddable":true,"href":"https:\/\/bibliaherramientas.com\/libreria\/wp-json\/wp\/v2\/product_tag?post=53102"}],"curies":[{"name":"wp","href":"https:\/\/api.w.org\/{rel}","templated":true}]}}