{"id":53097,"date":"2024-09-03T12:03:59","date_gmt":"2024-09-03T17:03:59","guid":{"rendered":"https:\/\/bibliaherramientas.com\/libreria\/?post_type=product&#038;p=53097"},"modified":"2026-01-06T13:33:15","modified_gmt":"2026-01-06T19:33:15","slug":"relatos-biblicos-interactivos-en-5-minutos-para-ninos-9781433689567","status":"publish","type":"product","link":"https:\/\/bibliaherramientas.com\/libreria\/producto\/relatos-biblicos-interactivos-en-5-minutos-para-ninos-9781433689567\/","title":{"rendered":"Relatos B\u00edblicos Interactivos En 5 Minutos Para Ni\u00f1os"},"content":{"rendered":"<p>RECURSO NUEVO<\/p>\n<p>&#8211; Dimensiones: 28 \u00d7 20 \u00d7 2.5 cms.<br \/>\n&#8211; Tama\u00f1o de letra: Normal.<br \/>\n&#8211; Tipo de pasta: Pasta dura.<br \/>\n&#8211; P\u00e1ginas: 192.<br \/>\n&#8211; Peso: 837 gr.<\/p>\n<p>\u00a1LAS HISTORIAS M\u00c1S INCRE\u00cdBLES CONTADAS EN 5 MINUTOS!<\/p>\n<p>Una batalla con un gigante imponente, un escape milagroso de un ejercito enemigo, y un Rey que dio todo para salvar a su pueblo&#8230; \u00bfqu\u00e9 mejor que historias reales de aventuras arriesgadas y milagros maravillosos? Perfectas para la hora de dormir, de contar cuentos, o de cualquier momento, cada una de estas doce historias b\u00edblicas se lee en unos cinco minutos.<\/p>\n<p>Y si descargas la aplicaci\u00f3n gratuita de realidad aumentada de B&amp;H Ni\u00f1os, las historias cobran vida con im\u00e1genes que saltan de la p\u00e1gina. Cinco minutitos pueden darles a los ni\u00f1os una gran manera de disfrutar las historias m\u00e1s grandes de la Biblia.<\/p>\n<p>Comparta con los ni\u00f1os el panorama general de la Palabra de Dios con las nuevas Relatos b\u00edblicos en 5 minutos, edici\u00f3n que contiene 12 relatos diferentes de 5 minutos de duraci\u00f3n, ideales para leer antes de dormir. Contribuya a forjar el crecimiento espiritual de sus hijos con un nuevo y apasionante libro de La Gran historia interactiva, caracterizado por ilustraciones a cuatro colores, como as\u00ed tambi\u00e9n im\u00e1genes animadas y lectura narrada con la aplicaci\u00f3n gratuita Augmented Reality (realidad aumentada).<\/p>\n<p>Relatos b\u00edblicos en 5 minutos es el producto m\u00e1s reciente en la familia de libros de La Gran historia interactiva es una serie dise\u00f1ada para crecer con la familia y fortalecer relaciones en Cristo por medio de publicaciones centradas en la Biblia y difundidas por plataformas m\u00faltiples para apasionar a lectores de toda edad.<\/p>\n<p>&#8212;&#8212;&#8212;&#8212;&#8212;&#8212;&#8212;&#8212;&#8212;-<\/p>\n<p>Cualquier duda estamos a tus \u00f3rdenes. Bendiciones!<\/p>\n","protected":false},"excerpt":{"rendered":"<p>Relatos b\u00edblicos en 5 minutos es el producto m\u00e1s reciente en la familia de libros de La Gran historia interactiva es una serie dise\u00f1ada para crecer con la familia y fortalecer relaciones en Cristo por medio de publicaciones centradas en la Biblia y difundidas por plataformas m\u00faltiples para apasionar a lectores de toda edad.<\/p>\n","protected":false},"featured_media":53099,"comment_status":"open","ping_status":"closed","template":"","meta":{"_acf_changed":false},"product_brand":[],"product_cat":[735,867,492,879],"product_tag":[],"class_list":{"0":"post-53097","1":"product","2":"type-product","3":"status-publish","4":"has-post-thumbnail","6":"product_cat-editoriales-bh-espanol","7":"product_cat-biblias-medianas","8":"product_cat-biblias-ninos","9":"product_cat-biblias-tapa-dura","11":"first","12":"instock","13":"purchasable","14":"product-type-simple"},"acf":[],"_links":{"self":[{"href":"https:\/\/bibliaherramientas.com\/libreria\/wp-json\/wp\/v2\/product\/53097","targetHints":{"allow":["GET"]}}],"collection":[{"href":"https:\/\/bibliaherramientas.com\/libreria\/wp-json\/wp\/v2\/product"}],"about":[{"href":"https:\/\/bibliaherramientas.com\/libreria\/wp-json\/wp\/v2\/types\/product"}],"replies":[{"embeddable":true,"href":"https:\/\/bibliaherramientas.com\/libreria\/wp-json\/wp\/v2\/comments?post=53097"}],"wp:featuredmedia":[{"embeddable":true,"href":"https:\/\/bibliaherramientas.com\/libreria\/wp-json\/wp\/v2\/media\/53099"}],"wp:attachment":[{"href":"https:\/\/bibliaherramientas.com\/libreria\/wp-json\/wp\/v2\/media?parent=53097"}],"wp:term":[{"taxonomy":"product_brand","embeddable":true,"href":"https:\/\/bibliaherramientas.com\/libreria\/wp-json\/wp\/v2\/product_brand?post=53097"},{"taxonomy":"product_cat","embeddable":true,"href":"https:\/\/bibliaherramientas.com\/libreria\/wp-json\/wp\/v2\/product_cat?post=53097"},{"taxonomy":"product_tag","embeddable":true,"href":"https:\/\/bibliaherramientas.com\/libreria\/wp-json\/wp\/v2\/product_tag?post=53097"}],"curies":[{"name":"wp","href":"https:\/\/api.w.org\/{rel}","templated":true}]}}