{"id":53092,"date":"2024-09-03T11:27:09","date_gmt":"2024-09-03T16:27:09","guid":{"rendered":"https:\/\/bibliaherramientas.com\/libreria\/?post_type=product&#038;p=53092"},"modified":"2026-01-06T13:33:15","modified_gmt":"2026-01-06T19:33:15","slug":"mi-biblia-mi-gran-aventura-para-ninos-paginas-en-tablitas-9781648490279","status":"publish","type":"product","link":"https:\/\/bibliaherramientas.com\/libreria\/producto\/mi-biblia-mi-gran-aventura-para-ninos-paginas-en-tablitas-9781648490279\/","title":{"rendered":"Mi Biblia Mi Gran Aventura &#8211; Para Ni\u00f1os Paginas En Tablitas"},"content":{"rendered":"<p>BIBLIA NUEVA<\/p>\n<p>Una grandiosa aventura y un primer acercamiento de los ni\u00f1os al extraordinario mundo de la Biblia, con ilustraciones coloridas y textos entretenidos y de f\u00e1cil comprensi\u00f3n.<br \/>\n&#8212;&#8212;&#8212;&#8212;&#8212;&#8212;&#8212;&#8212;&#8212;&#8212;&#8212;-<br \/>\nCualquier duda estamos a tus \u00f3rdenes. Bendiciones!<\/p>\n","protected":false},"excerpt":{"rendered":"<p>Una grandiosa aventura y un primer acercamiento de los ni\u00f1os al extraordinario mundo de la Biblia, con ilustraciones coloridas y textos entretenidos y de f\u00e1cil comprensi\u00f3n.<\/p>\n","protected":false},"featured_media":53095,"comment_status":"open","ping_status":"closed","template":"","meta":{"_acf_changed":false},"product_brand":[],"product_cat":[867,492,972,1026],"product_tag":[],"class_list":{"0":"post-53092","1":"product","2":"type-product","3":"status-publish","4":"has-post-thumbnail","6":"product_cat-biblias-medianas","7":"product_cat-biblias-ninos","8":"product_cat-biblias-tapa-dura-acolchada","9":"product_cat-producciones-prats","11":"first","12":"instock","13":"purchasable","14":"product-type-simple"},"acf":[],"_links":{"self":[{"href":"https:\/\/bibliaherramientas.com\/libreria\/wp-json\/wp\/v2\/product\/53092","targetHints":{"allow":["GET"]}}],"collection":[{"href":"https:\/\/bibliaherramientas.com\/libreria\/wp-json\/wp\/v2\/product"}],"about":[{"href":"https:\/\/bibliaherramientas.com\/libreria\/wp-json\/wp\/v2\/types\/product"}],"replies":[{"embeddable":true,"href":"https:\/\/bibliaherramientas.com\/libreria\/wp-json\/wp\/v2\/comments?post=53092"}],"wp:featuredmedia":[{"embeddable":true,"href":"https:\/\/bibliaherramientas.com\/libreria\/wp-json\/wp\/v2\/media\/53095"}],"wp:attachment":[{"href":"https:\/\/bibliaherramientas.com\/libreria\/wp-json\/wp\/v2\/media?parent=53092"}],"wp:term":[{"taxonomy":"product_brand","embeddable":true,"href":"https:\/\/bibliaherramientas.com\/libreria\/wp-json\/wp\/v2\/product_brand?post=53092"},{"taxonomy":"product_cat","embeddable":true,"href":"https:\/\/bibliaherramientas.com\/libreria\/wp-json\/wp\/v2\/product_cat?post=53092"},{"taxonomy":"product_tag","embeddable":true,"href":"https:\/\/bibliaherramientas.com\/libreria\/wp-json\/wp\/v2\/product_tag?post=53092"}],"curies":[{"name":"wp","href":"https:\/\/api.w.org\/{rel}","templated":true}]}}