{"id":53071,"date":"2024-09-02T14:17:51","date_gmt":"2024-09-02T19:17:51","guid":{"rendered":"https:\/\/bibliaherramientas.com\/libreria\/?post_type=product&#038;p=53071"},"modified":"2026-01-06T13:33:14","modified_gmt":"2026-01-06T19:33:14","slug":"biblia-de-lujo-deluxe-holman-rvr1960-piel-genuina-de-cabra-9781087763019","status":"publish","type":"product","link":"https:\/\/bibliaherramientas.com\/libreria\/producto\/biblia-de-lujo-deluxe-holman-rvr1960-piel-genuina-de-cabra-9781087763019\/","title":{"rendered":"Biblia De Lujo Deluxe Holman Rvr1960 Piel Genuina De Cabra"},"content":{"rendered":"<p>BIBLIA NUEVA<\/p>\n<p>Por primera vez, Biblias Holman lanzar\u00e1 una Biblia de la m\u00e1s alta artesanal en la versi\u00f3n m\u00e1s popular, Reina Valera 1960. Cada Biblia de la Colecci\u00f3n B\u00edblica Deluxe de Biblias Holman est\u00e1 creada para usarse con frecuencia y constru\u00edda para perdurar a trav\u00e9s de a\u00f1os de lectura fiel. Sus caracter\u00edsticas artesanales incluyen cuero de grano natural con variaciones \u00fanicas en su grano y tono, costura smyth, papel de calidad y encuadernaci\u00f3n con bordes forrados. Para garantizar la experiencia de lectura m\u00e1s fiel, la Biblia Deluxe incluye un tipo de letra exclusivo llamado BibleSerif, el m\u00e1s legible y c\u00f3modo en el mercado. Como resultado, la Biblia brinda a todos la experiencia de lectura m\u00e1s hermosa en el mercado espa\u00f1ol. La Colecci\u00f3n Biblia Holman Deluxe est\u00e1 construida para toda la vida.<\/p>\n<p>CARACTER\u00cdSTICAS:<br \/>\n&#8211; Biblia artesanal de la m\u00e1s alta calidad.<br \/>\n&#8211; Cubierta de piel genuina de cabra de primera.<br \/>\n&#8211; Texto b\u00edblico en una sola columna.<br \/>\n&#8211; Nueva fuente exclusiva: BibleSerif de 11 puntos (la m\u00e1s grande en el mercado de biblias de lujo).<br \/>\n&#8211; Papel grueso de la m\u00e1s alta calidad.<br \/>\n&#8211; Encuadernaci\u00f3n bordeada.<br \/>\n&#8211; Manual de Ministro.<br \/>\n&#8211; Como leer y entender la Biblia.<br \/>\n&#8211; Historia Reina-Valera 1960.<br \/>\n&#8211; 3 listones de colores combinados.<br \/>\n&#8211; Mapas a todo color.<\/p>\n<p>VERSI\u00d3N: REINA-VALERA 1960<br \/>\nPor m\u00e1s de una generaci\u00f3n la Reina-Valera 1960\u00ae ha sido la traducci\u00f3n de las Sagradas Escrituras preferida en espa\u00f1ol. Su legado la hace un referente para aquellos que disfrutan de una lectura tradicional, en un lenguaje elegante y po\u00e9tico. Con el texto de la Reina-Valera 1960\u00ae, podr\u00e1s llevar la Palabra contigo y atesorarla en tu coraz\u00f3n.<\/p>\n<p>Esta traducci\u00f3n proviene de la primera traducci\u00f3n completa, directa y literal de la Biblia al castellano. Est\u00e1 basada en los Textos Masor\u00e9tico hebreo-arameo del Tanaj, y del Textus Receptus griego, pero traducida usando la edici\u00f3n Bomberg (1525) para el Antiguo Testamento y la edici\u00f3n Erasmo (1522) y la Stephanus (1550) para el Nuevo Testamento. Originalmente traducido al Espa\u00f1ol por Casiodoro de Reina y 33 a\u00f1os despu\u00e9s editada y revisada por Cipriano de Valera. La Revisi\u00f3n 1960 fue llevada a cabo por un grupo de biblistas de varios pa\u00edses hisp\u00e1nicos provenientes de diversas denominaciones cristianas, actualizando algunos de los t\u00e9rminos y palabras usadas en la versi\u00f3n 1909.<\/p>\n<p>MANUAL DEL MINISTRO<br \/>\nContiene el material de apoyo actualizado para poder cumplir con las numerosas oportunidades del ministro: celebraci\u00f3n de matrimonios, bautismos, recepci\u00f3n de nuevos miembros y otros asuntos relacionados.<\/p>\n<p>C\u00d3MO LEER Y ENTENDER LA BIBLIA<br \/>\nEstudiar la Biblia es el privilegio m\u00e1s grande de todo creyente. La secci\u00f3n Como leer y entender la Biblia contiene ayudas y gu\u00edas para profundizar en el estudio b\u00edblico diario.<br \/>\n&#8212;&#8212;&#8212;&#8212;&#8212;&#8212;&#8212;&#8212;&#8212;&#8212;&#8212;-<br \/>\nCualquier duda estamos a tus \u00f3rdenes. Bendiciones!<\/p>\n","protected":false},"excerpt":{"rendered":"<p>Por primera vez, Biblias Holman lanzar\u00e1 una Biblia de la m\u00e1s alta artesanal en la versi\u00f3n m\u00e1s popular, Reina Valera 1960. Cada Biblia de la Colecci\u00f3n B\u00edblica Deluxe de Biblias Holman est\u00e1 creada para usarse con frecuencia y constru\u00edda para perdurar a trav\u00e9s de a\u00f1os de lectura fiel.<\/p>\n","protected":false},"featured_media":53072,"comment_status":"open","ping_status":"closed","template":"","meta":{"_acf_changed":false},"product_brand":[],"product_cat":[872,881,498,884,753],"product_tag":[],"class_list":{"0":"post-53071","1":"product","2":"type-product","3":"status-publish","4":"has-post-thumbnail","6":"product_cat-biblias-10-11-puntos","7":"product_cat-biblias-piel-genuina","8":"product_cat-biblias-personales","9":"product_cat-biblias-rvr1960","10":"product_cat-holman","12":"first","13":"instock","14":"purchasable","15":"product-type-simple"},"acf":[],"_links":{"self":[{"href":"https:\/\/bibliaherramientas.com\/libreria\/wp-json\/wp\/v2\/product\/53071","targetHints":{"allow":["GET"]}}],"collection":[{"href":"https:\/\/bibliaherramientas.com\/libreria\/wp-json\/wp\/v2\/product"}],"about":[{"href":"https:\/\/bibliaherramientas.com\/libreria\/wp-json\/wp\/v2\/types\/product"}],"replies":[{"embeddable":true,"href":"https:\/\/bibliaherramientas.com\/libreria\/wp-json\/wp\/v2\/comments?post=53071"}],"wp:featuredmedia":[{"embeddable":true,"href":"https:\/\/bibliaherramientas.com\/libreria\/wp-json\/wp\/v2\/media\/53072"}],"wp:attachment":[{"href":"https:\/\/bibliaherramientas.com\/libreria\/wp-json\/wp\/v2\/media?parent=53071"}],"wp:term":[{"taxonomy":"product_brand","embeddable":true,"href":"https:\/\/bibliaherramientas.com\/libreria\/wp-json\/wp\/v2\/product_brand?post=53071"},{"taxonomy":"product_cat","embeddable":true,"href":"https:\/\/bibliaherramientas.com\/libreria\/wp-json\/wp\/v2\/product_cat?post=53071"},{"taxonomy":"product_tag","embeddable":true,"href":"https:\/\/bibliaherramientas.com\/libreria\/wp-json\/wp\/v2\/product_tag?post=53071"}],"curies":[{"name":"wp","href":"https:\/\/api.w.org\/{rel}","templated":true}]}}