{"id":53068,"date":"2024-09-02T13:57:17","date_gmt":"2024-09-02T18:57:17","guid":{"rendered":"https:\/\/bibliaherramientas.com\/libreria\/?post_type=product&#038;p=53068"},"modified":"2026-01-06T13:33:14","modified_gmt":"2026-01-06T19:33:14","slug":"biblia-de-estudio-macarthur-nbla-piel-genuina-azul-9780829770735","status":"publish","type":"product","link":"https:\/\/bibliaherramientas.com\/libreria\/producto\/biblia-de-estudio-macarthur-nbla-piel-genuina-azul-9780829770735\/","title":{"rendered":"Biblia De Estudio Macarthur Nbla Piel Genuina Azul"},"content":{"rendered":"<p>BIBLIA NUEVA<\/p>\n<p>&#8211; Dimensiones: 27 \u00d7 18.5 \u00d7 4.5 cms.<br \/>\n&#8211; Tama\u00f1o de letra: Mediana (11 puntos).<br \/>\n&#8211; Tipo de pasta: Piel de b\u00fafalo.<br \/>\n&#8211; Peso: 2.018 kg.<br \/>\n&#8211; Versi\u00f3n: Nueva Biblia de las Am\u00e9ricas &#8211; NBLA.<\/p>\n<p>La Biblia de Estudio m\u00e1s exhaustiva disponible al d\u00eda de hoy, en la traducci\u00f3n moderna m\u00e1s literal en espa\u00f1ol: la Nueva Biblia de las Am\u00e9ricas.<\/p>\n<p>La NBLA Biblia de Estudio MacArthur es ideal para el estudio serio de la Palabra. Dr. John MacArthur reuni\u00f3 en un solo volumen todo su trabajo pastoral y erudici\u00f3n de m\u00e1s de 35 a\u00f1os para crear la Biblia de Estudio m\u00e1s exhaustiva disponible hoy en d\u00eda. En ninguna otra Biblia de Estudio se puede encontrar una profundidad similar y que explique el contexto hist\u00f3rico, explicando el significado del texto, y expres\u00e1ndolo de manera pr\u00e1ctica para la vida del lector.<\/p>\n<p>El texto \u00edntegro de la Nueva Biblia de las Am\u00e9ricas retiene de manera precisa el significado de los idiomas originales, al mismo tiempo que provee claridad y legibilidad \u00fanicas. Respetando el mismo vocabulario, la gram\u00e1tica y la estructura de los originales, la Nueva Biblia de las Am\u00e9ricas es la traducci\u00f3n moderna m\u00e1s literal disponible en espa\u00f1ol latinoamericano.<\/p>\n<p>CARACTER\u00cdSTICAS:<br \/>\n&#8211; Texto \u00edntegro de la NBLA.<br \/>\n&#8211; Edici\u00f3n redise\u00f1ada con notas actualizadas, mapas y gr\u00e1ficos extendidos.<br \/>\n&#8211; M\u00e1s de 20 veinte mil notas de estudio, gr\u00e1ficos, mapas, bosquejos y art\u00edculos del doctor John MacArthur.<br \/>\n&#8211; M\u00e1s de 150 mapas, gr\u00e1ficos y diagramas que ilustran los significados, temas, ense\u00f1anzas, gente y lugares de la escritura.<br \/>\n&#8211; Bosquejo de Teolog\u00eda Sistem\u00e1tica.<br \/>\n&#8211; Referencias cruzadas.<br \/>\n&#8211; Concordancia tem\u00e1tica.<br \/>\n&#8211; Plan de lectura de la Biblia.<br \/>\n&#8211; Cronolog\u00eda de los Patriarcas, Jueces, Reyes y Profetas del Antiguo Testamento.<br \/>\n&#8211; Cronolog\u00eda del Nuevo Testamento.<br \/>\n&#8211; Resumen de la vida del Cristo, ministerio y su pasi\u00f3n.<br \/>\n&#8211; Armon\u00eda de los evangelios.<br \/>\n&#8211; Introducci\u00f3n a cada secci\u00f3n mayor de las escrituras.<br \/>\n&#8211; \u00cdndice de las doctrinas clave de la Biblia.<br \/>\n&#8211; 8 mapas a todo color.<br \/>\n&#8211; F\u00e1cil de leer exclusiva Letra Comfort Print\u00ae 11.<br \/>\n&#8211; Cinta separadora.<br \/>\n&#8212;&#8212;&#8212;&#8212;&#8212;&#8212;&#8212;&#8212;&#8212;&#8211;<br \/>\nJohn MacArthur ha servido como pastor-maestro de Grace Community Church en Sun Valley, California desde 1969. Tambi\u00e9n es presidente de The Master&#8217;s College and Seminary y se le escucha diariamente en \u00abGracia a Vosotros\u00bb, un programa distribuido a nivel internacional en diferentes formatos, para alcanzar a millones cada d\u00eda. Con m\u00e1s de cinco d\u00e9cadas de ministerio, ha escrito y editado muchos libros incluyendo el ganador del premio Medall\u00f3n de Oro, La Biblia de estudio MacArthur.<br \/>\n&#8212;&#8212;&#8212;&#8212;&#8212;&#8212;&#8212;&#8212;&#8212;&#8211;<br \/>\nCualquier duda estamos a tus \u00f3rdenes. Bendiciones!<\/p>\n","protected":false},"excerpt":{"rendered":"<p>La NBLA Biblia de Estudio MacArthur es ideal para el estudio serio de la Palabra. Dr. John MacArthur reuni\u00f3 en un solo volumen todo su trabajo pastoral y erudici\u00f3n de m\u00e1s de 35 a\u00f1os para crear la Biblia de Estudio m\u00e1s exhaustiva disponible hoy en d\u00eda. En ninguna otra Biblia de Estudio se puede encontrar una profundidad similar y que explique el contexto hist\u00f3rico, explicando el significado del texto, y expres\u00e1ndolo de manera pr\u00e1ctica para la vida del lector.<\/p>\n","protected":false},"featured_media":53069,"comment_status":"open","ping_status":"closed","template":"","meta":{"_acf_changed":false},"product_brand":[],"product_cat":[872,463,881,868,891,705,744],"product_tag":[],"class_list":{"0":"post-53068","1":"product","2":"type-product","3":"status-publish","4":"has-post-thumbnail","6":"product_cat-biblias-10-11-puntos","7":"product_cat-biblias-estudio","8":"product_cat-biblias-piel-genuina","9":"product_cat-biblias-grandes","10":"product_cat-biblias-nbla","11":"product_cat-escritores-john-macarthur","12":"product_cat-editoriales-vida","14":"first","15":"instock","16":"purchasable","17":"product-type-simple"},"acf":[],"_links":{"self":[{"href":"https:\/\/bibliaherramientas.com\/libreria\/wp-json\/wp\/v2\/product\/53068","targetHints":{"allow":["GET"]}}],"collection":[{"href":"https:\/\/bibliaherramientas.com\/libreria\/wp-json\/wp\/v2\/product"}],"about":[{"href":"https:\/\/bibliaherramientas.com\/libreria\/wp-json\/wp\/v2\/types\/product"}],"replies":[{"embeddable":true,"href":"https:\/\/bibliaherramientas.com\/libreria\/wp-json\/wp\/v2\/comments?post=53068"}],"wp:featuredmedia":[{"embeddable":true,"href":"https:\/\/bibliaherramientas.com\/libreria\/wp-json\/wp\/v2\/media\/53069"}],"wp:attachment":[{"href":"https:\/\/bibliaherramientas.com\/libreria\/wp-json\/wp\/v2\/media?parent=53068"}],"wp:term":[{"taxonomy":"product_brand","embeddable":true,"href":"https:\/\/bibliaherramientas.com\/libreria\/wp-json\/wp\/v2\/product_brand?post=53068"},{"taxonomy":"product_cat","embeddable":true,"href":"https:\/\/bibliaherramientas.com\/libreria\/wp-json\/wp\/v2\/product_cat?post=53068"},{"taxonomy":"product_tag","embeddable":true,"href":"https:\/\/bibliaherramientas.com\/libreria\/wp-json\/wp\/v2\/product_tag?post=53068"}],"curies":[{"name":"wp","href":"https:\/\/api.w.org\/{rel}","templated":true}]}}