{"id":53019,"date":"2024-08-30T16:27:55","date_gmt":"2024-08-30T21:27:55","guid":{"rendered":"https:\/\/bibliaherramientas.com\/libreria\/?post_type=product&#038;p=53019"},"modified":"2026-01-06T13:33:13","modified_gmt":"2026-01-06T19:33:13","slug":"biblia-rvr1960-letra-chica-negra-tapa-dura-9788941293347","status":"publish","type":"product","link":"https:\/\/bibliaherramientas.com\/libreria\/producto\/biblia-rvr1960-letra-chica-negra-tapa-dura-9788941293347\/","title":{"rendered":"Biblia Rvr1960 Letra Chica Negra Tapa Dura"},"content":{"rendered":"<p>BIBLIA NUEVA<\/p>\n<p>Caracter\u00edsticas:<\/p>\n<p>\u2013 Letra a dos tintas (8 Puntos)<br \/>\n\u2013 Referencias y notas a pie de p\u00e1gina<br \/>\n\u2013 Palabras de Jes\u00fas en rojo<br \/>\n\u2013 Glosario<br \/>\n\u2013 Qu\u00e9 se encuentra en la Biblia<br \/>\n\u2013 C\u00f3mo leer la Biblia<br \/>\n\u2013 Tabla de pesos y medidas<br \/>\n\u2013 Concordancia<br \/>\n\u2013 Mapas<br \/>\n\u2013 Cinta separadora<br \/>\n\u2013 Canto dorado<br \/>\n\u2013 Sin \u00edndice<br \/>\n\u2013 RVR043CLGPJR<\/p>\n<p>Beneficios:<br \/>\n\u2022 Conserva el estilo tradicional de la lengua espa\u00f1ola.<br \/>\n\u2022 Simplifica la escritura de los nombres propios.<br \/>\n\u2022 Suprimi\u00f3 eventos obsoletos y t\u00e9rminos desconocidos que pudieran ser mal interpretados.<\/p>\n<p>&#8212;&#8212;&#8212;&#8212;&#8212;&#8212;&#8212;&#8212;&#8212;&#8212;<br \/>\nCualquier duda estamos a tus \u00f3rdenes. Bendiciones!<\/p>\n","protected":false},"excerpt":{"rendered":"<p>Biblia Rvr1960 con letra a dos tintas (8 Puntos), referencias y notas a pie de p\u00e1gina, palabras de Jes\u00fas en rojo, glosario, qu\u00e9 se encuentra en la Biblia, cinta separadora y canto dorado.<\/p>\n","protected":false},"featured_media":53021,"comment_status":"open","ping_status":"closed","template":"","meta":{"_acf_changed":false},"product_brand":[],"product_cat":[866,871,498,884,879,748],"product_tag":[],"class_list":{"0":"post-53019","1":"product","2":"type-product","3":"status-publish","4":"has-post-thumbnail","6":"product_cat-biblias-compactas","7":"product_cat-biblias-8-9-puntos","8":"product_cat-biblias-personales","9":"product_cat-biblias-rvr1960","10":"product_cat-biblias-tapa-dura","11":"product_cat-editoriales-sociedades-biblicas-unidas","13":"first","14":"instock","15":"purchasable","16":"product-type-simple"},"acf":[],"_links":{"self":[{"href":"https:\/\/bibliaherramientas.com\/libreria\/wp-json\/wp\/v2\/product\/53019","targetHints":{"allow":["GET"]}}],"collection":[{"href":"https:\/\/bibliaherramientas.com\/libreria\/wp-json\/wp\/v2\/product"}],"about":[{"href":"https:\/\/bibliaherramientas.com\/libreria\/wp-json\/wp\/v2\/types\/product"}],"replies":[{"embeddable":true,"href":"https:\/\/bibliaherramientas.com\/libreria\/wp-json\/wp\/v2\/comments?post=53019"}],"wp:featuredmedia":[{"embeddable":true,"href":"https:\/\/bibliaherramientas.com\/libreria\/wp-json\/wp\/v2\/media\/53021"}],"wp:attachment":[{"href":"https:\/\/bibliaherramientas.com\/libreria\/wp-json\/wp\/v2\/media?parent=53019"}],"wp:term":[{"taxonomy":"product_brand","embeddable":true,"href":"https:\/\/bibliaherramientas.com\/libreria\/wp-json\/wp\/v2\/product_brand?post=53019"},{"taxonomy":"product_cat","embeddable":true,"href":"https:\/\/bibliaherramientas.com\/libreria\/wp-json\/wp\/v2\/product_cat?post=53019"},{"taxonomy":"product_tag","embeddable":true,"href":"https:\/\/bibliaherramientas.com\/libreria\/wp-json\/wp\/v2\/product_tag?post=53019"}],"curies":[{"name":"wp","href":"https:\/\/api.w.org\/{rel}","templated":true}]}}