{"id":53010,"date":"2024-08-30T13:30:19","date_gmt":"2024-08-30T18:30:19","guid":{"rendered":"https:\/\/bibliaherramientas.com\/libreria\/?post_type=product&#038;p=53010"},"modified":"2026-01-06T13:33:12","modified_gmt":"2026-01-06T19:33:12","slug":"biblia-ntv-letra-super-gigante-simil-piel-cafe-indice-9781496484963","status":"publish","type":"product","link":"https:\/\/bibliaherramientas.com\/libreria\/producto\/biblia-ntv-letra-super-gigante-simil-piel-cafe-indice-9781496484963\/","title":{"rendered":"Biblia Ntv Letra S\u00faper Gigante S\u00edmil Piel Caf\u00e9 \u00cdndice"},"content":{"rendered":"<p>BIBLIA NUEVA<\/p>\n<p>El lenguaje claro, c\u00e1lido y de f\u00e1cil comprensi\u00f3n de la Nueva Traducci\u00f3n Viviente (NTV) se presenta aqu\u00ed en letra s\u00faper gigante. Con un tama\u00f1o de letra de 14 puntos, esta Biblia es ideal para la lectura desde el p\u00falpito y tambi\u00e9n hace que la lectura personal y devocional sea una experiencia muy placentera.<\/p>\n<p>CARACTER\u00cdSTICAS:<br \/>\n&#8211; Introducci\u00f3n a cada libro.<br \/>\n&#8211; Palabras de Cristo en rojo.<br \/>\n&#8211; Concordancia.<br \/>\n&#8211; Mapas a todo color.<br \/>\n&#8211; P\u00e1gina de presentaci\u00f3n.<br \/>\n&#8211; Cinta marcadora.<br \/>\n&#8212;&#8212;&#8212;&#8212;&#8212;&#8212;&#8212;&#8212;&#8212;&#8212;-<br \/>\nCualquier duda estamos a tus \u00f3rdenes. Bendiciones!<\/p>\n","protected":false},"excerpt":{"rendered":"<p>El lenguaje claro, c\u00e1lido y de f\u00e1cil comprensi\u00f3n de la Nueva Traducci\u00f3n Viviente (NTV) se presenta aqu\u00ed en letra s\u00faper gigante. Con un tama\u00f1o de letra de 14 puntos, esta Biblia es ideal para la lectura desde el p\u00falpito y tambi\u00e9n hace que la lectura personal y devocional sea una experiencia muy placentera.<\/p>\n","protected":false},"featured_media":53011,"comment_status":"open","ping_status":"closed","template":"","meta":{"_acf_changed":false},"product_brand":[],"product_cat":[874,877,886,498,869,742],"product_tag":[],"class_list":{"0":"post-53010","1":"product","2":"type-product","3":"status-publish","4":"has-post-thumbnail","6":"product_cat-biblias-14-16-puntos","7":"product_cat-biblias-imitacion-piel","8":"product_cat-biblias-ntv","9":"product_cat-biblias-personales","10":"product_cat-biblias-super-grandes","11":"product_cat-editoriales-tyndale","13":"first","14":"instock","15":"purchasable","16":"product-type-simple"},"acf":[],"_links":{"self":[{"href":"https:\/\/bibliaherramientas.com\/libreria\/wp-json\/wp\/v2\/product\/53010","targetHints":{"allow":["GET"]}}],"collection":[{"href":"https:\/\/bibliaherramientas.com\/libreria\/wp-json\/wp\/v2\/product"}],"about":[{"href":"https:\/\/bibliaherramientas.com\/libreria\/wp-json\/wp\/v2\/types\/product"}],"replies":[{"embeddable":true,"href":"https:\/\/bibliaherramientas.com\/libreria\/wp-json\/wp\/v2\/comments?post=53010"}],"wp:featuredmedia":[{"embeddable":true,"href":"https:\/\/bibliaherramientas.com\/libreria\/wp-json\/wp\/v2\/media\/53011"}],"wp:attachment":[{"href":"https:\/\/bibliaherramientas.com\/libreria\/wp-json\/wp\/v2\/media?parent=53010"}],"wp:term":[{"taxonomy":"product_brand","embeddable":true,"href":"https:\/\/bibliaherramientas.com\/libreria\/wp-json\/wp\/v2\/product_brand?post=53010"},{"taxonomy":"product_cat","embeddable":true,"href":"https:\/\/bibliaherramientas.com\/libreria\/wp-json\/wp\/v2\/product_cat?post=53010"},{"taxonomy":"product_tag","embeddable":true,"href":"https:\/\/bibliaherramientas.com\/libreria\/wp-json\/wp\/v2\/product_tag?post=53010"}],"curies":[{"name":"wp","href":"https:\/\/api.w.org\/{rel}","templated":true}]}}