{"id":53006,"date":"2024-08-30T13:13:15","date_gmt":"2024-08-30T18:13:15","guid":{"rendered":"https:\/\/bibliaherramientas.com\/libreria\/?post_type=product&#038;p=53006"},"modified":"2026-01-06T13:33:12","modified_gmt":"2026-01-06T19:33:12","slug":"biblia-letra-super-gigante-holman-rvr1960-con-referencias-9781535973410","status":"publish","type":"product","link":"https:\/\/bibliaherramientas.com\/libreria\/producto\/biblia-letra-super-gigante-holman-rvr1960-con-referencias-9781535973410\/","title":{"rendered":"Biblia Letra Super Gigante Holman Rvr1960 Con Referencias"},"content":{"rendered":"<p>RECURSO NUEVO<br \/>\n&#8211; Dimensiones: 27.7 \u00d7 18.8 \u00d7 3.8 cms.<br \/>\n&#8211; Tama\u00f1o de letra: Super Gigante.<br \/>\n&#8211; Tipo de pasta: Imitaci\u00f3n piel negra.<br \/>\n&#8211; P\u00e1ginas: 1696.<br \/>\n&#8211; Peso: 1.5 kg.<\/p>\n<p>La Biblia de letra super gigante es nuestra edici\u00f3n m\u00e1s f\u00e1cil de leer. Es ideal para la lectura o estudio sin esfuerzo. El tipo de letra, dise\u00f1ado exclusivamente para Biblias Holman, es el doble del tama\u00f1o promedio de otras Biblias.<\/p>\n<p>Las referencias y ayudas adicionales son el complemento perfecto al texto de la Reina Valera 1960, la versi\u00f3n preferida en espa\u00f1ol. Esta Biblia le permite disfrutar plenamente de la lectura de la Palabra.<\/p>\n<p>CARACTER\u00cdSTICAS:<br \/>\n&#8211; Referencias.<br \/>\n&#8211; Concordancia.<br \/>\n&#8211; Panorama hist\u00f3rico de la Biblia.<br \/>\n&#8211; Plan de lectura anual.<br \/>\n&#8211; Buenas nuevas de salvaci\u00f3n.<br \/>\n&#8211; Palabras de Cristo en rojo.<br \/>\n&#8211; Armon\u00eda de los evangelios.<br \/>\n&#8211; Introducci\u00f3n y bosquejo de cada libro.<br \/>\n&#8211; Mapas a todo color.<br \/>\n&#8211; Atributos de Jes\u00fas.<br \/>\n&#8211; Palabras de aliento para tu caminar con Dios.<\/p>\n<p>&#8212;&#8212;&#8212;&#8212;&#8212;&#8212;&#8212;&#8212;&#8212;-<br \/>\nCualquier duda estamos a tus \u00f3rdenes. Bendiciones!<\/p>\n","protected":false},"excerpt":{"rendered":"<p>La Biblia de letra super gigante es nuestra edici\u00f3n m\u00e1s f\u00e1cil de leer. Es ideal para la lectura o estudio sin esfuerzo. El tipo de letra, dise\u00f1ado exclusivamente para Biblias Holman, es el doble del tama\u00f1o promedio de otras Biblias. Las referencias y ayudas adicionales son el complemento perfecto al texto de la Reina Valera 1960, la versi\u00f3n preferida en espa\u00f1ol. Esta Biblia le permite disfrutar plenamente de la lectura de la Palabra.<\/p>\n","protected":false},"featured_media":53007,"comment_status":"open","ping_status":"closed","template":"","meta":{"_acf_changed":false},"product_brand":[],"product_cat":[874,877,498,884,869,753],"product_tag":[],"class_list":{"0":"post-53006","1":"product","2":"type-product","3":"status-publish","4":"has-post-thumbnail","6":"product_cat-biblias-14-16-puntos","7":"product_cat-biblias-imitacion-piel","8":"product_cat-biblias-personales","9":"product_cat-biblias-rvr1960","10":"product_cat-biblias-super-grandes","11":"product_cat-holman","13":"first","14":"outofstock","15":"purchasable","16":"product-type-simple"},"acf":[],"_links":{"self":[{"href":"https:\/\/bibliaherramientas.com\/libreria\/wp-json\/wp\/v2\/product\/53006","targetHints":{"allow":["GET"]}}],"collection":[{"href":"https:\/\/bibliaherramientas.com\/libreria\/wp-json\/wp\/v2\/product"}],"about":[{"href":"https:\/\/bibliaherramientas.com\/libreria\/wp-json\/wp\/v2\/types\/product"}],"replies":[{"embeddable":true,"href":"https:\/\/bibliaherramientas.com\/libreria\/wp-json\/wp\/v2\/comments?post=53006"}],"wp:featuredmedia":[{"embeddable":true,"href":"https:\/\/bibliaherramientas.com\/libreria\/wp-json\/wp\/v2\/media\/53007"}],"wp:attachment":[{"href":"https:\/\/bibliaherramientas.com\/libreria\/wp-json\/wp\/v2\/media?parent=53006"}],"wp:term":[{"taxonomy":"product_brand","embeddable":true,"href":"https:\/\/bibliaherramientas.com\/libreria\/wp-json\/wp\/v2\/product_brand?post=53006"},{"taxonomy":"product_cat","embeddable":true,"href":"https:\/\/bibliaherramientas.com\/libreria\/wp-json\/wp\/v2\/product_cat?post=53006"},{"taxonomy":"product_tag","embeddable":true,"href":"https:\/\/bibliaherramientas.com\/libreria\/wp-json\/wp\/v2\/product_tag?post=53006"}],"curies":[{"name":"wp","href":"https:\/\/api.w.org\/{rel}","templated":true}]}}