{"id":53003,"date":"2024-08-30T12:36:32","date_gmt":"2024-08-30T17:36:32","guid":{"rendered":"https:\/\/bibliaherramientas.com\/libreria\/?post_type=product&#038;p=53003"},"modified":"2026-01-06T13:33:12","modified_gmt":"2026-01-06T19:33:12","slug":"biblia-letra-super-gigante-rvr1960-imit-piel-cierre-indice-9798885166034","status":"publish","type":"product","link":"https:\/\/bibliaherramientas.com\/libreria\/producto\/biblia-letra-super-gigante-rvr1960-imit-piel-cierre-indice-9798885166034\/","title":{"rendered":"Biblia Letra Super Gigante Rvr1960 Imit. Piel Cierre\/\u00edndice"},"content":{"rendered":"<p>BIBLIA NUEVA<\/p>\n<p>El tipo de traducci\u00f3n de la Reina-Valera 1960 es de equivalencia formal, todo esto sin alterar el sentido b\u00e1sico del mensaje b\u00edblico y preservando adem\u00e1s el estilo y cadencia del texto de Reina. Esta es la versi\u00f3n m\u00e1s aceptada por todas las iglesias de Latinoam\u00e9rica y Espa\u00f1a. Esta edici\u00f3n de Biblia en Reina Valera 1960 es ideal para aquellas personas que quieran una Biblia con letra bien legible de 19 puntos. Contiene 32 p\u00e1ginas a todo color con ayudas.<\/p>\n<p>CARACTER\u00cdSTICAS:<br \/>\n&#8211; Palabras de Jes\u00fas en rojo.<br \/>\n&#8211; Referencias cruzadas a pie de p\u00e1gina.<br \/>\n&#8211; Abreviaturas e Introducciones por C.H Spurgeon y J.C. Ryle.<br \/>\n&#8211; Concordancia de 90 p\u00e1ginas.<br \/>\n&#8211; Genealog\u00eda de Jes\u00fas\/Fiestas Jud\u00edas.<br \/>\n&#8211; Par\u00e1bolas y Milagros de Jes\u00fas.<br \/>\n&#8211; Plan de salvaci\u00f3n.<br \/>\n&#8211; Pasajes y vers\u00edculos claves de la Biblia.<br \/>\n&#8211; Plan de lectura B\u00edblica.<br \/>\n&#8211; Mapas de tiempos B\u00edblicos a todo color.<br \/>\n&#8211; 12 Mapas a todo color.<br \/>\n&#8211; Tipolog\u00eda de los salmos.<br \/>\n&#8211; Plano del templo.<br \/>\n&#8211; Cronolog\u00eda de reyes y profetas.<br \/>\n&#8211; Promesas de Dios.<br \/>\n&#8212;&#8212;&#8212;&#8212;&#8212;&#8212;&#8212;&#8212;&#8212;&#8212;&#8212;&#8212;&#8212;&#8212;<br \/>\nCualquier duda, estamos para servirte, Bendiciones!<\/p>\n","protected":false},"excerpt":{"rendered":"<p>Esta edici\u00f3n de Biblia en Reina Valera 1960 es ideal para aquellas personas que quieran una Biblia con letra bien legible de 19 puntos. Contiene 32 p\u00e1ginas a todo color con ayudas.<\/p>\n","protected":false},"featured_media":53004,"comment_status":"open","ping_status":"closed","template":"","meta":{"_acf_changed":false},"product_brand":[],"product_cat":[875,877,498,884,869,1003],"product_tag":[],"class_list":{"0":"post-53003","1":"product","2":"type-product","3":"status-publish","4":"has-post-thumbnail","6":"product_cat-biblias-17-19-puntos","7":"product_cat-biblias-imitacion-piel","8":"product_cat-biblias-personales","9":"product_cat-biblias-rvr1960","10":"product_cat-biblias-super-grandes","11":"product_cat-mundo-biblia","13":"first","14":"instock","15":"purchasable","16":"product-type-simple"},"acf":[],"_links":{"self":[{"href":"https:\/\/bibliaherramientas.com\/libreria\/wp-json\/wp\/v2\/product\/53003","targetHints":{"allow":["GET"]}}],"collection":[{"href":"https:\/\/bibliaherramientas.com\/libreria\/wp-json\/wp\/v2\/product"}],"about":[{"href":"https:\/\/bibliaherramientas.com\/libreria\/wp-json\/wp\/v2\/types\/product"}],"replies":[{"embeddable":true,"href":"https:\/\/bibliaherramientas.com\/libreria\/wp-json\/wp\/v2\/comments?post=53003"}],"wp:featuredmedia":[{"embeddable":true,"href":"https:\/\/bibliaherramientas.com\/libreria\/wp-json\/wp\/v2\/media\/53004"}],"wp:attachment":[{"href":"https:\/\/bibliaherramientas.com\/libreria\/wp-json\/wp\/v2\/media?parent=53003"}],"wp:term":[{"taxonomy":"product_brand","embeddable":true,"href":"https:\/\/bibliaherramientas.com\/libreria\/wp-json\/wp\/v2\/product_brand?post=53003"},{"taxonomy":"product_cat","embeddable":true,"href":"https:\/\/bibliaherramientas.com\/libreria\/wp-json\/wp\/v2\/product_cat?post=53003"},{"taxonomy":"product_tag","embeddable":true,"href":"https:\/\/bibliaherramientas.com\/libreria\/wp-json\/wp\/v2\/product_tag?post=53003"}],"curies":[{"name":"wp","href":"https:\/\/api.w.org\/{rel}","templated":true}]}}