{"id":52945,"date":"2024-08-29T11:39:18","date_gmt":"2024-08-29T16:39:18","guid":{"rendered":"https:\/\/bibliaherramientas.com\/libreria\/?post_type=product&#038;p=52945"},"modified":"2026-01-06T13:33:07","modified_gmt":"2026-01-06T19:33:07","slug":"biblia-bonita-para-apuntes-rv1602-espiral-dorado-9789560964434","status":"publish","type":"product","link":"https:\/\/bibliaherramientas.com\/libreria\/producto\/biblia-bonita-para-apuntes-rv1602-espiral-dorado-9789560964434\/","title":{"rendered":"Biblia Bonita Para Apuntes Rv1602 Espiral Dorado"},"content":{"rendered":"<p>BIBLIA NUEVA<\/p>\n<p>Bible Journal los hago en mi Bibliabonita\u00ae que es la primera Biblia en espa\u00f1ol con espiral.<br \/>\nEs versi\u00f3n Reina Valera 1602 Purificada.<br \/>\n&#8211; Biblia en espiral.<br \/>\n&#8211; Hoja gruesa.<br \/>\n&#8211; El\u00e1stico para cerrarla.<br \/>\n&#8211; Gran espacio para ilustrar.<br \/>\n&#8211; Gramaje de 75 gramos por hoja \u00a180% m\u00e1s que las Biblias tradicionales! Es la Biblia con mayor resistencia del mercado. Podr\u00e1s usar los materiales que quieras y echar a volar la creatividad que Dios te ha dado.<br \/>\n&#8211; Cuenta con un espiral muy resistente que la hace \u00fanica.<br \/>\n&#8211; Pasta dura con dise\u00f1o artesanal.<br \/>\n&#8211; Este modelo se entrega en su caja.<\/p>\n<p>ESPECIFICACIONES:<br \/>\n&#8211; Libro Nuevo Original.<br \/>\n&#8211; Tapa: Dura.<br \/>\n&#8211; Alto: 24.5 cm.<br \/>\n&#8211; Ancho: 19.5 cm.<br \/>\n&#8211; P\u00e1ginas: 865.<br \/>\n&#8211; El\u00e1stico para cerrar La Biblia.<br \/>\n&#8212;&#8212;&#8212;&#8212;&#8212;&#8212;&#8212;&#8212;&#8212;&#8212;&#8212;-<br \/>\nCualquier duda estamos a tus \u00f3rdenes. Bendiciones!<\/p>\n","protected":false},"excerpt":{"rendered":"<p>Bible Journal los hago en mi Bibliabonita\u00ae que es la primera Biblia en espa\u00f1ol con espiral. Es versi\u00f3n Reina Valera 1602 Purificada, en espiral, hoja gruesa, el\u00e1stico para cerrarla y gran espacio para ilustrar.<\/p>\n","protected":false},"featured_media":52957,"comment_status":"open","ping_status":"closed","template":"","meta":{"_acf_changed":false},"product_brand":[],"product_cat":[631,494,464,498,869,879],"product_tag":[],"class_list":{"0":"post-52945","1":"product","2":"type-product","3":"status-publish","4":"has-post-thumbnail","6":"product_cat-biblias-de-apuntes","7":"product_cat-biblias-juveniles","8":"product_cat-biblias-mujeres","9":"product_cat-biblias-personales","10":"product_cat-biblias-super-grandes","11":"product_cat-biblias-tapa-dura","13":"first","14":"outofstock","15":"purchasable","16":"product-type-simple"},"acf":[],"_links":{"self":[{"href":"https:\/\/bibliaherramientas.com\/libreria\/wp-json\/wp\/v2\/product\/52945","targetHints":{"allow":["GET"]}}],"collection":[{"href":"https:\/\/bibliaherramientas.com\/libreria\/wp-json\/wp\/v2\/product"}],"about":[{"href":"https:\/\/bibliaherramientas.com\/libreria\/wp-json\/wp\/v2\/types\/product"}],"replies":[{"embeddable":true,"href":"https:\/\/bibliaherramientas.com\/libreria\/wp-json\/wp\/v2\/comments?post=52945"}],"wp:featuredmedia":[{"embeddable":true,"href":"https:\/\/bibliaherramientas.com\/libreria\/wp-json\/wp\/v2\/media\/52957"}],"wp:attachment":[{"href":"https:\/\/bibliaherramientas.com\/libreria\/wp-json\/wp\/v2\/media?parent=52945"}],"wp:term":[{"taxonomy":"product_brand","embeddable":true,"href":"https:\/\/bibliaherramientas.com\/libreria\/wp-json\/wp\/v2\/product_brand?post=52945"},{"taxonomy":"product_cat","embeddable":true,"href":"https:\/\/bibliaherramientas.com\/libreria\/wp-json\/wp\/v2\/product_cat?post=52945"},{"taxonomy":"product_tag","embeddable":true,"href":"https:\/\/bibliaherramientas.com\/libreria\/wp-json\/wp\/v2\/product_tag?post=52945"}],"curies":[{"name":"wp","href":"https:\/\/api.w.org\/{rel}","templated":true}]}}