{"id":52933,"date":"2024-08-28T17:30:25","date_gmt":"2024-08-28T22:30:25","guid":{"rendered":"https:\/\/bibliaherramientas.com\/libreria\/?post_type=product&#038;p=52933"},"modified":"2026-01-06T13:33:01","modified_gmt":"2026-01-06T19:33:01","slug":"biblia-rvr1960-de-apuntes-personal-tapa-dura-tela-floral-9798384500407","status":"publish","type":"product","link":"https:\/\/bibliaherramientas.com\/libreria\/producto\/biblia-rvr1960-de-apuntes-personal-tapa-dura-tela-floral-9798384500407\/","title":{"rendered":"Biblia Rvr1960 De Apuntes Personal Tapa Dura Tela Floral"},"content":{"rendered":"<p>BIBLIA NUEVA<\/p>\n<p>Bellamente dise\u00f1ada, con espacio para tomar anotaciones o para creaciones art\u00edsticas, plan de lectura, cinta marcadora y mapas a todo color.<\/p>\n<p>La RVR 1960 Biblia de apuntes tama\u00f1o personal ha sido dise\u00f1ada para mejorar el estudio personal de la Biblia y la preparaci\u00f3n de clases y predicaciones.<\/p>\n<p>Esta Biblia contiene la popular versi\u00f3n Reina Valera 1960. Provee espacio de 4.5 cent\u00edmetros para tomar notas en cada p\u00e1gina, apuntar observaciones, anotar pensamientos y formular preguntas para la exploraci\u00f3n adicional del texto.<\/p>\n<p>La Biblia est\u00e1 hermosamente encuadernada e incluye una p\u00e1gina de presentaci\u00f3n y un plan para leer la Biblia en un a\u00f1o.<\/p>\n<p>CARACTER\u00cdSTICAS:<br \/>\n&#8211; Palabras de Cristo en rojo.<br \/>\n&#8211; Texto en una sola columna.<br \/>\n&#8211; Letra de 8.5 puntos.<br \/>\n&#8211; Espacio para notas de 4.5 cm.<br \/>\n&#8211; Plan de lectura b\u00edblica de un a\u00f1o.<br \/>\n&#8211; Mapas a todo color; cinta marcadora.<br \/>\n&#8211; 1344 p\u00e1ginas.<br \/>\n&#8212;&#8212;&#8212;&#8212;&#8212;&#8212;&#8212;&#8212;&#8212;&#8212;&#8212;-<br \/>\nCualquier duda estamos a tus \u00f3rdenes. Bendiciones!<\/p>\n","protected":false},"excerpt":{"rendered":"<p>Bellamente dise\u00f1ada, con espacio para tomar anotaciones o para creaciones art\u00edsticas, plan de lectura, cinta marcadora y mapas a todo color. La RVR 1960 Biblia de apuntes tama\u00f1o personal ha sido dise\u00f1ada para mejorar el estudio personal de la Biblia y la preparaci\u00f3n de clases y predicaciones.<\/p>\n","protected":false},"featured_media":52934,"comment_status":"open","ping_status":"closed","template":"","meta":{"_acf_changed":false},"product_brand":[],"product_cat":[871,631,867,464,882,498,884,879,753],"product_tag":[],"class_list":{"0":"post-52933","1":"product","2":"type-product","3":"status-publish","4":"has-post-thumbnail","6":"product_cat-biblias-8-9-puntos","7":"product_cat-biblias-de-apuntes","8":"product_cat-biblias-medianas","9":"product_cat-biblias-mujeres","10":"product_cat-biblias-pasta-tela","11":"product_cat-biblias-personales","12":"product_cat-biblias-rvr1960","13":"product_cat-biblias-tapa-dura","14":"product_cat-holman","16":"first","17":"instock","18":"purchasable","19":"product-type-simple"},"acf":[],"_links":{"self":[{"href":"https:\/\/bibliaherramientas.com\/libreria\/wp-json\/wp\/v2\/product\/52933","targetHints":{"allow":["GET"]}}],"collection":[{"href":"https:\/\/bibliaherramientas.com\/libreria\/wp-json\/wp\/v2\/product"}],"about":[{"href":"https:\/\/bibliaherramientas.com\/libreria\/wp-json\/wp\/v2\/types\/product"}],"replies":[{"embeddable":true,"href":"https:\/\/bibliaherramientas.com\/libreria\/wp-json\/wp\/v2\/comments?post=52933"}],"wp:featuredmedia":[{"embeddable":true,"href":"https:\/\/bibliaherramientas.com\/libreria\/wp-json\/wp\/v2\/media\/52934"}],"wp:attachment":[{"href":"https:\/\/bibliaherramientas.com\/libreria\/wp-json\/wp\/v2\/media?parent=52933"}],"wp:term":[{"taxonomy":"product_brand","embeddable":true,"href":"https:\/\/bibliaherramientas.com\/libreria\/wp-json\/wp\/v2\/product_brand?post=52933"},{"taxonomy":"product_cat","embeddable":true,"href":"https:\/\/bibliaherramientas.com\/libreria\/wp-json\/wp\/v2\/product_cat?post=52933"},{"taxonomy":"product_tag","embeddable":true,"href":"https:\/\/bibliaherramientas.com\/libreria\/wp-json\/wp\/v2\/product_tag?post=52933"}],"curies":[{"name":"wp","href":"https:\/\/api.w.org\/{rel}","templated":true}]}}