{"id":52929,"date":"2024-08-28T14:24:39","date_gmt":"2024-08-28T19:24:39","guid":{"rendered":"https:\/\/bibliaherramientas.com\/libreria\/?post_type=product&#038;p=52929"},"modified":"2026-01-06T13:33:01","modified_gmt":"2026-01-06T19:33:01","slug":"biblia-rvr1960-economica-mediana-tapa-dura-nombres-verde-9781644737125","status":"publish","type":"product","link":"https:\/\/bibliaherramientas.com\/libreria\/producto\/biblia-rvr1960-economica-mediana-tapa-dura-nombres-verde-9781644737125\/","title":{"rendered":"Biblia Rvr1960 Econ\u00f3mica Mediana Tapa Dura Nombres Verde"},"content":{"rendered":"<p>BIBLIA NUEVA<\/p>\n<p>Biblia tama\u00f1o manual, ultrafina y con letra grande, portada de tapa dura con un estudio conciso de los nombres de Dios.<\/p>\n<p>Su encuadernaci\u00f3n de tapa dura con p\u00e1gina para dedicatoria hace que la Santa Biblia RVR 1960 sea ideal para uso personal o para regalar. Esta edici\u00f3n \u00fanica trae un estudio especial sobre los nombres de Dios. Descubre el significado b\u00edblico de cada nombre de Dios tanto como su aplicaci\u00f3n en nuestro andar diario. Con letra grande y las palabras de Cristo destacadas en rojo, incluye una gu\u00eda para ayudarte a leer toda la Biblia en un a\u00f1o.<\/p>\n<p>Esta edici\u00f3n conserva la belleza cl\u00e1sica y la elocuencia de la Reina Valera Revisada 1960. Liviana, pr\u00e1ctica y resistente, su encuadernaci\u00f3n la hace perfecta para acompa\u00f1arte a todas partes, para la lectura diaria y el uso en la iglesia cada domingo.<\/p>\n<p>El texto incluye:<br \/>\n&#8211; Letra grande que facilita la lectura (10.5 pts).<br \/>\n&#8211; Concordancia.<br \/>\n-Palabras de Cristo en rojo.<br \/>\n&#8211; Encabezados visibles para encontrar f\u00e1cilmente las referencias.<br \/>\n-M\u00e1s de 10,000 referencias cruzadas.<br \/>\n-Plan de salvaci\u00f3n.<br \/>\n-Un estudio conciso de los nombres de Dios.<br \/>\n&#8211; Una gu\u00eda para leer la Biblia en un a\u00f1o.<\/p>\n<p>Adem\u00e1s, esta edici\u00f3n Reina Valera Revisada 1960 ofrece:<br \/>\n&#8211; Encuadernaci\u00f3n de tapa dura.<br \/>\n&#8211; Resistente y durable.<br \/>\n&#8211; Ultrafina.<br \/>\n&#8211; P\u00e1gina para dedicatoria.<br \/>\n&#8211; Tama\u00f1o: 5 3\/8 x 8 3\/8 pulgadas (13.6 cm x 20.3 cm).<br \/>\n&#8211; 1,280 p\u00e1ginas.<br \/>\n&#8212;&#8212;&#8212;&#8212;&#8212;&#8212;&#8212;&#8212;&#8212;&#8212;&#8212;-<br \/>\nCualquier duda estamos a tus \u00f3rdenes. Bendiciones!<\/p>\n","protected":false},"excerpt":{"rendered":"<p>Biblia tama\u00f1o manual, ultrafina y con letra grande, portada de tapa dura con un estudio conciso de los nombres de Dios.<\/p>\n","protected":false},"featured_media":52930,"comment_status":"open","ping_status":"closed","template":"","meta":{"_acf_changed":false},"product_brand":[],"product_cat":[872,867,498,884,879,1017],"product_tag":[],"class_list":{"0":"post-52929","1":"product","2":"type-product","3":"status-publish","4":"has-post-thumbnail","6":"product_cat-biblias-10-11-puntos","7":"product_cat-biblias-medianas","8":"product_cat-biblias-personales","9":"product_cat-biblias-rvr1960","10":"product_cat-biblias-tapa-dura","11":"product_cat-origen","13":"first","14":"outofstock","15":"purchasable","16":"product-type-simple"},"acf":[],"_links":{"self":[{"href":"https:\/\/bibliaherramientas.com\/libreria\/wp-json\/wp\/v2\/product\/52929","targetHints":{"allow":["GET"]}}],"collection":[{"href":"https:\/\/bibliaherramientas.com\/libreria\/wp-json\/wp\/v2\/product"}],"about":[{"href":"https:\/\/bibliaherramientas.com\/libreria\/wp-json\/wp\/v2\/types\/product"}],"replies":[{"embeddable":true,"href":"https:\/\/bibliaherramientas.com\/libreria\/wp-json\/wp\/v2\/comments?post=52929"}],"wp:featuredmedia":[{"embeddable":true,"href":"https:\/\/bibliaherramientas.com\/libreria\/wp-json\/wp\/v2\/media\/52930"}],"wp:attachment":[{"href":"https:\/\/bibliaherramientas.com\/libreria\/wp-json\/wp\/v2\/media?parent=52929"}],"wp:term":[{"taxonomy":"product_brand","embeddable":true,"href":"https:\/\/bibliaherramientas.com\/libreria\/wp-json\/wp\/v2\/product_brand?post=52929"},{"taxonomy":"product_cat","embeddable":true,"href":"https:\/\/bibliaherramientas.com\/libreria\/wp-json\/wp\/v2\/product_cat?post=52929"},{"taxonomy":"product_tag","embeddable":true,"href":"https:\/\/bibliaherramientas.com\/libreria\/wp-json\/wp\/v2\/product_tag?post=52929"}],"curies":[{"name":"wp","href":"https:\/\/api.w.org\/{rel}","templated":true}]}}