{"id":52924,"date":"2024-08-28T14:10:27","date_gmt":"2024-08-28T19:10:27","guid":{"rendered":"https:\/\/bibliaherramientas.com\/libreria\/?post_type=product&#038;p=52924"},"modified":"2026-01-06T13:33:01","modified_gmt":"2026-01-06T19:33:01","slug":"biblia-para-ninos-rvr1960-fuente-de-bendiciones-pescaditos-7899938407011","status":"publish","type":"product","link":"https:\/\/bibliaherramientas.com\/libreria\/producto\/biblia-para-ninos-rvr1960-fuente-de-bendiciones-pescaditos-7899938407011\/","title":{"rendered":"Biblia Para Ni\u00f1os Rvr1960 Fuente De Bendiciones Pescaditos"},"content":{"rendered":"<p>BIBLIA NUEVA<\/p>\n<p>Su hermoso dise\u00f1o colorido y las bellas ilustraciones en su interior, la hacen una Biblia ideal para los ni\u00f1os que ya saben leer, o est\u00e1n aprendiendo a leer.<\/p>\n<p>Contiene cientos de vers\u00edculos resaltados en la Biblia con tono vino tenue para no distraer la lectura, a la vez que se invita a reflexionar m\u00e1s profundamente.<\/p>\n<p>Los vers\u00edculos resaltados pertenecen a cuatro categor\u00edas:<br \/>\n&#8211; Nuestra relaci\u00f3n con Dios: Son textos que muestran qui\u00e9n es Dios, lo que \u00c9l hace por su nosotros y c\u00f3mo podemos permanecer unidos a \u00c9l.<br \/>\n&#8211; Nuestra relaci\u00f3n con las personas: Son textos que nos muestran c\u00f3mo vivir en este mundo y ser una bendici\u00f3n en la vida de nuestro pr\u00f3jimo.<br \/>\n&#8211; Nuestra relaci\u00f3n con la Palabra de Dios: El cristiano necesita un contacto permanente con la Palabra de Dios.<br \/>\n&#8211; Virtudes y bendiciones de la vida cristiana: Son textos que muestran las bendiciones que recibimos y anunciamos cuando estamos unidos a Jesucristo.<\/p>\n<p>Con diversas ayudas para acercarse a la Escritura y con un bello dise\u00f1o, esta Biblia es el obsequio ideal para ni\u00f1as y ni\u00f1os.<\/p>\n<p>Caracter\u00edsticas:<br \/>\n&#8211; 80 ilustraciones a color de historias b\u00edblicas intercaladas a lo largo de la Biblia.<br \/>\n&#8211; Tama\u00f1o compacto.<br \/>\n&#8211; Dos cintas marcadoras.<br \/>\n&#8211; Descripci\u00f3n general de la Biblia.<br \/>\n&#8211; Contenido de la Biblia.<br \/>\n&#8211; Diferentes estilos literarios en la Biblia.<br \/>\n&#8211; Tres enfoques de la lectura de la Biblia.<br \/>\n&#8211; Aprovechar al m\u00e1ximo la lectura de la Biblia.<br \/>\n&#8211; C\u00f3mo encontrar una referencia b\u00edblica.<br \/>\n&#8211; Lectura cronol\u00f3gica de la Biblia.<br \/>\n&#8211; Gu\u00eda de los acontecimientos, personajes y temas principales de la Biblia.<br \/>\n&#8211; Plan de lectura un a\u00f1o con la Biblia.<br \/>\n&#8211; C\u00f3mo encontrar ayuda en la Biblia.<br \/>\n&#8211; Lecturas para d\u00edas especiales.<br \/>\n&#8211; Concordancia breve de 27 p\u00e1ginas.<br \/>\n&#8212;&#8212;&#8212;&#8212;&#8212;&#8212;&#8212;&#8212;&#8212;&#8212;-<br \/>\nCualquier duda estamos a tus \u00f3rdenes. Bendiciones!<\/p>\n","protected":false},"excerpt":{"rendered":"<p>Su hermoso dise\u00f1o colorido y las bellas ilustraciones en su interior, la hacen una Biblia ideal para los ni\u00f1os que ya saben leer, o est\u00e1n aprendiendo a leer. Contiene cientos de vers\u00edculos resaltados en la Biblia con tono vino tenue para no distraer la lectura, a la vez que se invita a reflexionar m\u00e1s profundamente.<\/p>\n","protected":false},"featured_media":52926,"comment_status":"open","ping_status":"closed","template":"","meta":{"_acf_changed":false},"product_brand":[],"product_cat":[866,492,884,879,748],"product_tag":[],"class_list":{"0":"post-52924","1":"product","2":"type-product","3":"status-publish","4":"has-post-thumbnail","6":"product_cat-biblias-compactas","7":"product_cat-biblias-ninos","8":"product_cat-biblias-rvr1960","9":"product_cat-biblias-tapa-dura","10":"product_cat-editoriales-sociedades-biblicas-unidas","12":"first","13":"instock","14":"purchasable","15":"product-type-simple"},"acf":[],"_links":{"self":[{"href":"https:\/\/bibliaherramientas.com\/libreria\/wp-json\/wp\/v2\/product\/52924","targetHints":{"allow":["GET"]}}],"collection":[{"href":"https:\/\/bibliaherramientas.com\/libreria\/wp-json\/wp\/v2\/product"}],"about":[{"href":"https:\/\/bibliaherramientas.com\/libreria\/wp-json\/wp\/v2\/types\/product"}],"replies":[{"embeddable":true,"href":"https:\/\/bibliaherramientas.com\/libreria\/wp-json\/wp\/v2\/comments?post=52924"}],"wp:featuredmedia":[{"embeddable":true,"href":"https:\/\/bibliaherramientas.com\/libreria\/wp-json\/wp\/v2\/media\/52926"}],"wp:attachment":[{"href":"https:\/\/bibliaherramientas.com\/libreria\/wp-json\/wp\/v2\/media?parent=52924"}],"wp:term":[{"taxonomy":"product_brand","embeddable":true,"href":"https:\/\/bibliaherramientas.com\/libreria\/wp-json\/wp\/v2\/product_brand?post=52924"},{"taxonomy":"product_cat","embeddable":true,"href":"https:\/\/bibliaherramientas.com\/libreria\/wp-json\/wp\/v2\/product_cat?post=52924"},{"taxonomy":"product_tag","embeddable":true,"href":"https:\/\/bibliaherramientas.com\/libreria\/wp-json\/wp\/v2\/product_tag?post=52924"}],"curies":[{"name":"wp","href":"https:\/\/api.w.org\/{rel}","templated":true}]}}