{"id":52896,"date":"2024-08-26T18:36:44","date_gmt":"2024-08-26T23:36:44","guid":{"rendered":"https:\/\/bibliaherramientas.com\/libreria\/?post_type=product&#038;p=52896"},"modified":"2026-01-06T13:33:00","modified_gmt":"2026-01-06T19:33:00","slug":"biblia-ntv-edicion-manual-gris-letra-gigante-9781496466020","status":"publish","type":"product","link":"https:\/\/bibliaherramientas.com\/libreria\/producto\/biblia-ntv-edicion-manual-gris-letra-gigante-9781496466020\/","title":{"rendered":"Biblia Ntv Edici\u00f3n Manual Gris Letra Gigante"},"content":{"rendered":"<p>Biblia Nueva<\/p>\n<p>La Edici\u00f3n manual, letra gigante ofrece comodidad a los lectores que prefieren una Biblia con el texto claro y comprensible de la NTV y un tama\u00f1o de letra f\u00e1cilmente legible de 12 puntos. Es ideal para la lectura desde el p\u00falpito y conveniente para la lectura personal.<\/p>\n<p>Sus caracter\u00edsticas especiales incluyen:<br \/>\n&#8211; Letra gigante de 12 puntos.<br \/>\n&#8211; P\u00e1gina de presentaci\u00f3n.<br \/>\n&#8211; Introducci\u00f3n a cada libro.<br \/>\n&#8211; Palabras de Cristo en rojo.<br \/>\n&#8211; Concordancia.<br \/>\n&#8211; Mapas a todo color.<br \/>\n&#8211; Cinta marcadora.<\/p>\n<p>&#8212;&#8212;&#8212;&#8212;&#8212;&#8212;&#8212;&#8212;&#8212;&#8212;-<\/p>\n<p>Cualquier duda estamos a tus \u00f3rdenes. Bendiciones!<\/p>\n","protected":false},"excerpt":{"rendered":"<p>La Edici\u00f3n manual, letra gigante ofrece comodidad a los lectores que prefieren una Biblia con el texto claro y comprensible de la NTV y un tama\u00f1o de letra f\u00e1cilmente legible de 12 puntos. Es ideal para la lectura desde el p\u00falpito y conveniente para la lectura personal.<\/p>\n","protected":false},"featured_media":52897,"comment_status":"open","ping_status":"closed","template":"","meta":{"_acf_changed":false},"product_brand":[],"product_cat":[874,877,867,886,498,742],"product_tag":[],"class_list":{"0":"post-52896","1":"product","2":"type-product","3":"status-publish","4":"has-post-thumbnail","6":"product_cat-biblias-14-16-puntos","7":"product_cat-biblias-imitacion-piel","8":"product_cat-biblias-medianas","9":"product_cat-biblias-ntv","10":"product_cat-biblias-personales","11":"product_cat-editoriales-tyndale","13":"first","14":"instock","15":"purchasable","16":"product-type-simple"},"acf":[],"_links":{"self":[{"href":"https:\/\/bibliaherramientas.com\/libreria\/wp-json\/wp\/v2\/product\/52896","targetHints":{"allow":["GET"]}}],"collection":[{"href":"https:\/\/bibliaherramientas.com\/libreria\/wp-json\/wp\/v2\/product"}],"about":[{"href":"https:\/\/bibliaherramientas.com\/libreria\/wp-json\/wp\/v2\/types\/product"}],"replies":[{"embeddable":true,"href":"https:\/\/bibliaherramientas.com\/libreria\/wp-json\/wp\/v2\/comments?post=52896"}],"wp:featuredmedia":[{"embeddable":true,"href":"https:\/\/bibliaherramientas.com\/libreria\/wp-json\/wp\/v2\/media\/52897"}],"wp:attachment":[{"href":"https:\/\/bibliaherramientas.com\/libreria\/wp-json\/wp\/v2\/media?parent=52896"}],"wp:term":[{"taxonomy":"product_brand","embeddable":true,"href":"https:\/\/bibliaherramientas.com\/libreria\/wp-json\/wp\/v2\/product_brand?post=52896"},{"taxonomy":"product_cat","embeddable":true,"href":"https:\/\/bibliaherramientas.com\/libreria\/wp-json\/wp\/v2\/product_cat?post=52896"},{"taxonomy":"product_tag","embeddable":true,"href":"https:\/\/bibliaherramientas.com\/libreria\/wp-json\/wp\/v2\/product_tag?post=52896"}],"curies":[{"name":"wp","href":"https:\/\/api.w.org\/{rel}","templated":true}]}}