{"id":52892,"date":"2024-08-26T18:24:54","date_gmt":"2024-08-26T23:24:54","guid":{"rendered":"https:\/\/bibliaherramientas.com\/libreria\/?post_type=product&#038;p=52892"},"modified":"2026-01-06T13:33:00","modified_gmt":"2026-01-06T19:33:00","slug":"biblia-rv1960-para-mujer-letra-12-pts-imit-piel-rosa-indice-9798885160094","status":"publish","type":"product","link":"https:\/\/bibliaherramientas.com\/libreria\/producto\/biblia-rv1960-para-mujer-letra-12-pts-imit-piel-rosa-indice-9798885160094\/","title":{"rendered":"Biblia Rv1960 Para Mujer Letra 12 Pts Imit. Piel Rosa \u00cdndice"},"content":{"rendered":"<p>RECURSO NUEVO<\/p>\n<p>El tipo de traducci\u00f3n de la Reina-Valera 1960 es de equivalencia formal, todo esto sin alterar el sentido b\u00e1sico del mensaje b\u00edblico y preservando adem\u00e1s el estilo y cadencia del texto de Reina.<\/p>\n<p>Esta es la versi\u00f3n m\u00e1s aceptada por todas las iglesias de Latinoam\u00e9rica y Espa\u00f1a. Esta edici\u00f3n de Biblia en Reina Valera 1960 es ideal para aquellas personas que quieran una Biblia de letra grande y legible y a la vez que sea un tama\u00f1o pr\u00e1ctico para llevar.<\/p>\n<p>Caracter\u00edsticas:<br \/>\n&#8211; Palabras de Jes\u00fas en rojo.<br \/>\n&#8211; Concordancia.<br \/>\n&#8211; Concordancia de personajes b\u00edblicos.<br \/>\n&#8211; Ayudas.<br \/>\n&#8211; Referencias cruzadas.<br \/>\n&#8211; 32 p\u00e1ginas a todo color con ayudas y esquemas.<br \/>\n&#8211; Vers\u00edculos clave de cada libro.<br \/>\n&#8211; Genealog\u00eda de Jes\u00fas.<br \/>\n&#8211; Fiestas B\u00edblicas.<br \/>\n&#8211; Tipolog\u00eda de los salmos.<br \/>\n&#8211; Plano del templo.<br \/>\n&#8211; Cronolog\u00eda de Reyes y Profetas.<br \/>\n&#8211; Cuadro con las par\u00e1bolas de Jes\u00fas.<br \/>\n&#8211; Cuadro con los milagros de Jes\u00fas.<br \/>\n&#8211; Plan de salvaci\u00f3n.<br \/>\n&#8211; Promesas de Dios.<br \/>\n&#8211; Plan de lectura en un a\u00f1o.<br \/>\n&#8211; 12 mapas a todo color.<br \/>\n&#8211; Canto dorado.<br \/>\n&#8211; \u00cdndice en el canto.<br \/>\n&#8212;&#8212;&#8212;&#8212;&#8212;&#8212;&#8212;&#8212;&#8212;&#8212;<br \/>\nCualquier duda estamos a tus \u00f3rdenes. Bendiciones!<\/p>\n","protected":false},"excerpt":{"rendered":"<p>Esta edici\u00f3n de Biblia en Reina Valera 1960 es ideal para aquellas personas que quieran una Biblia de letra grande y legible y a la vez que sea un tama\u00f1o pr\u00e1ctico para llevar.<\/p>\n","protected":false},"featured_media":52893,"comment_status":"open","ping_status":"closed","template":"","meta":{"_acf_changed":false},"product_brand":[],"product_cat":[873,877,867,464,498,884,1003],"product_tag":[],"class_list":{"0":"post-52892","1":"product","2":"type-product","3":"status-publish","4":"has-post-thumbnail","6":"product_cat-biblias-12-13-puntos","7":"product_cat-biblias-imitacion-piel","8":"product_cat-biblias-medianas","9":"product_cat-biblias-mujeres","10":"product_cat-biblias-personales","11":"product_cat-biblias-rvr1960","12":"product_cat-mundo-biblia","14":"first","15":"outofstock","16":"purchasable","17":"product-type-simple"},"acf":[],"_links":{"self":[{"href":"https:\/\/bibliaherramientas.com\/libreria\/wp-json\/wp\/v2\/product\/52892","targetHints":{"allow":["GET"]}}],"collection":[{"href":"https:\/\/bibliaherramientas.com\/libreria\/wp-json\/wp\/v2\/product"}],"about":[{"href":"https:\/\/bibliaherramientas.com\/libreria\/wp-json\/wp\/v2\/types\/product"}],"replies":[{"embeddable":true,"href":"https:\/\/bibliaherramientas.com\/libreria\/wp-json\/wp\/v2\/comments?post=52892"}],"wp:featuredmedia":[{"embeddable":true,"href":"https:\/\/bibliaherramientas.com\/libreria\/wp-json\/wp\/v2\/media\/52893"}],"wp:attachment":[{"href":"https:\/\/bibliaherramientas.com\/libreria\/wp-json\/wp\/v2\/media?parent=52892"}],"wp:term":[{"taxonomy":"product_brand","embeddable":true,"href":"https:\/\/bibliaherramientas.com\/libreria\/wp-json\/wp\/v2\/product_brand?post=52892"},{"taxonomy":"product_cat","embeddable":true,"href":"https:\/\/bibliaherramientas.com\/libreria\/wp-json\/wp\/v2\/product_cat?post=52892"},{"taxonomy":"product_tag","embeddable":true,"href":"https:\/\/bibliaherramientas.com\/libreria\/wp-json\/wp\/v2\/product_tag?post=52892"}],"curies":[{"name":"wp","href":"https:\/\/api.w.org\/{rel}","templated":true}]}}