{"id":52852,"date":"2024-08-26T14:03:55","date_gmt":"2024-08-26T19:03:55","guid":{"rendered":"https:\/\/bibliaherramientas.com\/libreria\/?post_type=product&#038;p=52852"},"modified":"2026-01-06T13:32:59","modified_gmt":"2026-01-06T19:32:59","slug":"diccionario-biblico-conciso-holman-9781535948814","status":"publish","type":"product","link":"https:\/\/bibliaherramientas.com\/libreria\/producto\/diccionario-biblico-conciso-holman-9781535948814\/","title":{"rendered":"Diccionario B\u00edblico Conciso Holman"},"content":{"rendered":"<p>RECURSO NUEVO<br \/>\n&#8211; Dimensiones: 22 \u00d7 14 \u00d7 13 cms.<br \/>\n&#8211; Tama\u00f1o de letra: Normal.<br \/>\n&#8211; Tipo de pasta: Dura.<br \/>\n&#8211; P\u00e1ginas: 693.<br \/>\n&#8211; Peso: 706 g.<\/p>\n<p>El Diccionario B\u00edblico Conciso Holman, es la herramienta adecuada para obtener los fundamentos de ciertos temas en la Escritura.<\/p>\n<p>Cubre de manera sencilla, clara y conveniente los temas tradicionales de los diccionarios b\u00edblicos, es decir:<\/p>\n<p>&#8211; Res\u00famenes de libros de la Biblia.<br \/>\n&#8211; Personajes importantes.<br \/>\n&#8211; Lugares.<br \/>\n&#8211; Animales.<br \/>\n&#8211; Plantas.<br \/>\nY mucho m\u00e1s&#8230; de manera clara y convincente.<\/p>\n<p>Adem\u00e1s, el volumen incluye m\u00e1s de 2,800 art\u00edculos sobre diversos temas contempor\u00e1neos, entre los que se incluye:<\/p>\n<p>&#8211; Aborto.<br \/>\n&#8211; Abuso de menores.<br \/>\n&#8211; Anticonceptivos.<br \/>\n&#8211; Carrera profesional.<br \/>\n&#8211; Defectos cong\u00e9nitos.<br \/>\n&#8211; Drogas.<br \/>\n&#8211; SIDA.<br \/>\n&#8211; Suicido asistido.<br \/>\n&#8211; Mantenimiento artificial de la vida.<br \/>\n&#8211; Tarjetas de cr\u00e9dito.<br \/>\n&#8211; Los derechos de los animales.<\/p>\n<p>CARACTER\u00cdSTICAS:<br \/>\n&#8211; M\u00e1s de 2300 entradas.<br \/>\n&#8211; Art\u00edculos de considerable contenido escritos en un lenguaje f\u00e1cil de entender.<br \/>\n&#8211; Resumen de cada libro de la Biblia.<br \/>\n&#8211; Compatible con una amplia variedad de versiones de la Biblia.<br \/>\n&#8211; Extensas referencias cruzadas de art\u00edculos relacionados.<br \/>\n&#8211; El significado de casi todos los nombres propios.<\/p>\n<p>&#8212;&#8212;&#8212;&#8212;&#8212;&#8212;&#8212;&#8212;&#8212;&#8212;&#8212;-<br \/>\nCualquier duda estamos a tus \u00f3rdenes. Bendiciones!<\/p>\n","protected":false},"excerpt":{"rendered":"<p>El Diccionario B\u00edblico Conciso Holman, es la herramienta adecuada para obtener los fundamentos de ciertos temas en la Escritura. Cubre de manera sencilla, clara y conveniente los temas tradicionales de los diccionarios b\u00edblicos.<\/p>\n","protected":false},"featured_media":52853,"comment_status":"open","ping_status":"closed","template":"","meta":{"_acf_changed":false},"product_brand":[],"product_cat":[518,753],"product_tag":[],"class_list":{"0":"post-52852","1":"product","2":"type-product","3":"status-publish","4":"has-post-thumbnail","6":"product_cat-diccionarios","7":"product_cat-holman","9":"first","10":"instock","11":"purchasable","12":"product-type-simple"},"acf":[],"_links":{"self":[{"href":"https:\/\/bibliaherramientas.com\/libreria\/wp-json\/wp\/v2\/product\/52852","targetHints":{"allow":["GET"]}}],"collection":[{"href":"https:\/\/bibliaherramientas.com\/libreria\/wp-json\/wp\/v2\/product"}],"about":[{"href":"https:\/\/bibliaherramientas.com\/libreria\/wp-json\/wp\/v2\/types\/product"}],"replies":[{"embeddable":true,"href":"https:\/\/bibliaherramientas.com\/libreria\/wp-json\/wp\/v2\/comments?post=52852"}],"wp:featuredmedia":[{"embeddable":true,"href":"https:\/\/bibliaherramientas.com\/libreria\/wp-json\/wp\/v2\/media\/52853"}],"wp:attachment":[{"href":"https:\/\/bibliaherramientas.com\/libreria\/wp-json\/wp\/v2\/media?parent=52852"}],"wp:term":[{"taxonomy":"product_brand","embeddable":true,"href":"https:\/\/bibliaherramientas.com\/libreria\/wp-json\/wp\/v2\/product_brand?post=52852"},{"taxonomy":"product_cat","embeddable":true,"href":"https:\/\/bibliaherramientas.com\/libreria\/wp-json\/wp\/v2\/product_cat?post=52852"},{"taxonomy":"product_tag","embeddable":true,"href":"https:\/\/bibliaherramientas.com\/libreria\/wp-json\/wp\/v2\/product_tag?post=52852"}],"curies":[{"name":"wp","href":"https:\/\/api.w.org\/{rel}","templated":true}]}}