{"id":52827,"date":"2024-08-26T11:42:01","date_gmt":"2024-08-26T16:42:01","guid":{"rendered":"https:\/\/bibliaherramientas.com\/libreria\/?post_type=product&#038;p=52827"},"modified":"2026-01-06T13:32:58","modified_gmt":"2026-01-06T19:32:58","slug":"biblia-reina-valera-1960-tapa-dura-elegante-mariposas-9781644737736","status":"publish","type":"product","link":"https:\/\/bibliaherramientas.com\/libreria\/producto\/biblia-reina-valera-1960-tapa-dura-elegante-mariposas-9781644737736\/","title":{"rendered":"Biblia Reina Valera 1960 Tapa Dura Elegante Mariposas"},"content":{"rendered":"<p>BIBLIA NUEVA<\/p>\n<p>Biblia tama\u00f1o manual, ultrafina y con letra grande, encuadernaci\u00f3n de tapa dura con un estudio conciso de los nombres de Dios<\/p>\n<p>Su encuadernaci\u00f3n de tapa dura hace que la Santa Biblia RVR 1960 sea ideal para el uso personal o para regalo. Esta edici\u00f3n \u00fanica trae un estudio especial sobre los nombres de Dios. Descubre el significado b\u00edblico de cada nombre de Dios tanto como su aplicaci\u00f3n en nuestro andar diario. Con letra grande y las palabras de Cristo destacadas en rojo, incluye una gu\u00eda para ayudarte a leer toda la Biblia en un a\u00f1o.<\/p>\n<p>Esta edici\u00f3n conserva la belleza cl\u00e1sica y la elocuencia de la Reina Valera Revisada 1960. Liviana, pr\u00e1ctica y resistente, su encuadernaci\u00f3n la hace perfecta para acompa\u00f1arte a todas partes, para la lectura diaria y el uso en la iglesia cada domingo.<\/p>\n<p>El texto incluye:<br \/>\n\u2022 Letra grande que facilita la lectura (10.5 pts).<br \/>\n\u2022 Concordancia.<br \/>\n\u2022 Palabras de Cristo en rojo.<br \/>\n\u2022 Encabezados visibles para encontrar f\u00e1cilmente las referencias.<br \/>\n\u2022 M\u00e1s de 10,000 referencias cruzadas.<br \/>\n\u2022 Plan de salvaci\u00f3n.<br \/>\n\u2022 Un estudio concisa de los nombres de Dios.<br \/>\n\u2022 Una gu\u00cda para leer la Biblia en un a\u00f1o.<\/p>\n<p>Adem\u00e1s, esta edici\u00f3n Reina Valera Revisada 1960 ofrece:<br \/>\n\u2022 Encuadernaci\u00f3n de tapa dura.<br \/>\n\u2022 Resistente y durable.<br \/>\n\u2022 Ultrafina.<br \/>\n\u2022 P\u00e1gina para dedicatoria.<br \/>\n\u2022 Tama\u00f1o: 5 3\/8 x 8 3\/8 pulgadas (13.6 cm x 20.3 cm).<br \/>\n\u2022 1,280 p\u00e1ginas.<br \/>\n&#8212;&#8212;&#8212;&#8212;&#8212;&#8212;&#8212;&#8212;&#8212;&#8212;&#8212;-<br \/>\nCualquier duda estamos a tus \u00f3rdenes. Bendiciones!<\/p>\n","protected":false},"excerpt":{"rendered":"<p>Biblia tama\u00f1o manual, ultrafina y con letra grande, encuadernaci\u00f3n de tapa dura con un estudio conciso de los nombres de Dios.<\/p>\n","protected":false},"featured_media":52828,"comment_status":"open","ping_status":"closed","template":"","meta":{"_acf_changed":false},"product_brand":[],"product_cat":[872,867,464,498,884,879,1017],"product_tag":[],"class_list":{"0":"post-52827","1":"product","2":"type-product","3":"status-publish","4":"has-post-thumbnail","6":"product_cat-biblias-10-11-puntos","7":"product_cat-biblias-medianas","8":"product_cat-biblias-mujeres","9":"product_cat-biblias-personales","10":"product_cat-biblias-rvr1960","11":"product_cat-biblias-tapa-dura","12":"product_cat-origen","14":"first","15":"instock","16":"purchasable","17":"product-type-simple"},"acf":[],"_links":{"self":[{"href":"https:\/\/bibliaherramientas.com\/libreria\/wp-json\/wp\/v2\/product\/52827","targetHints":{"allow":["GET"]}}],"collection":[{"href":"https:\/\/bibliaherramientas.com\/libreria\/wp-json\/wp\/v2\/product"}],"about":[{"href":"https:\/\/bibliaherramientas.com\/libreria\/wp-json\/wp\/v2\/types\/product"}],"replies":[{"embeddable":true,"href":"https:\/\/bibliaherramientas.com\/libreria\/wp-json\/wp\/v2\/comments?post=52827"}],"wp:featuredmedia":[{"embeddable":true,"href":"https:\/\/bibliaherramientas.com\/libreria\/wp-json\/wp\/v2\/media\/52828"}],"wp:attachment":[{"href":"https:\/\/bibliaherramientas.com\/libreria\/wp-json\/wp\/v2\/media?parent=52827"}],"wp:term":[{"taxonomy":"product_brand","embeddable":true,"href":"https:\/\/bibliaherramientas.com\/libreria\/wp-json\/wp\/v2\/product_brand?post=52827"},{"taxonomy":"product_cat","embeddable":true,"href":"https:\/\/bibliaherramientas.com\/libreria\/wp-json\/wp\/v2\/product_cat?post=52827"},{"taxonomy":"product_tag","embeddable":true,"href":"https:\/\/bibliaherramientas.com\/libreria\/wp-json\/wp\/v2\/product_tag?post=52827"}],"curies":[{"name":"wp","href":"https:\/\/api.w.org\/{rel}","templated":true}]}}