{"id":52823,"date":"2024-08-26T11:25:24","date_gmt":"2024-08-26T16:25:24","guid":{"rendered":"https:\/\/bibliaherramientas.com\/libreria\/?post_type=product&#038;p=52823"},"modified":"2026-01-06T13:32:58","modified_gmt":"2026-01-06T19:32:58","slug":"biblia-para-ninos-traduccion-lenguaje-actual-biper-tapa-dura-9789509519060","status":"publish","type":"product","link":"https:\/\/bibliaherramientas.com\/libreria\/producto\/biblia-para-ninos-traduccion-lenguaje-actual-biper-tapa-dura-9789509519060\/","title":{"rendered":"Biblia Para Ni\u00f1os Traducci\u00f3n Lenguaje Actual Biper Tapa Dura"},"content":{"rendered":"<p>BIBLIA NUEVA<\/p>\n<p>Biper, es un reconocido personaje infantil que acompa\u00f1ar\u00e1 a los ni\u00f1os a un recorrido por la Biblia, por medio de c\u00f3digos QR dar\u00e1 accesos a canciones y v\u00eddeos de Biper y sus amigos, adem\u00e1s de ilustraciones son a todo color dentro del texto b\u00edblico desde G\u00e9nesis hasta Apocalipsis.<\/p>\n<p>CARACTER\u00cdSTICAS:<br \/>\n&#8211; Papel Biblia.<br \/>\n&#8211; Ilustraciones a color.<br \/>\n&#8211; \u00bfQue leer cuando&#8230;?<br \/>\n&#8211; \u00bfComo encontrar ayuda en la Biblia?<br \/>\n&#8211; C\u00f3digos QR para accesos a v\u00eddeos y canciones de Biper y sus amigos.<br \/>\n&#8211; Edici\u00f3n: Biblia Infantil Biper.<br \/>\n&#8211; Versi\u00f3n: Traducci\u00f3n Lenguaje Actual.<br \/>\n&#8211; Referencias: Si.<br \/>\n&#8211; Tama\u00f1o: Chico 17 x 12.5 cm. Aprox.<br \/>\n&#8211; Encuadernaci\u00f3n: Tapa Dura.<br \/>\n&#8211; Concordancia: Sin Concordancia.<br \/>\n&#8211; Cierre: No.<br \/>\n&#8211; \u00cdndice: No.<br \/>\n&#8211; Tama\u00f1o de Letra: Chica 8 puntos.<br \/>\n&#8211; Acolchada: No.<br \/>\n&#8211; Palabras de Jes\u00fas en Rojo: No.<br \/>\n&#8211; Peso: 0.43 Kg.<br \/>\n&#8212;&#8212;&#8212;&#8212;&#8212;&#8212;&#8212;&#8212;&#8212;&#8212;-<br \/>\nCualquier duda estamos a tus \u00f3rdenes. Bendiciones!<\/p>\n","protected":false},"excerpt":{"rendered":"<p>Biper, es un reconocido personaje infantil que acompa\u00f1ar\u00e1 a los ni\u00f1os a un recorrido por la Biblia, por medio de c\u00f3digos QR dar\u00e1 accesos a canciones y v\u00eddeos de Biper y sus amigos, adem\u00e1s de ilustraciones son a todo color dentro del texto b\u00edblico desde G\u00e9nesis hasta Apocalipsis.<\/p>\n","protected":false},"featured_media":52824,"comment_status":"open","ping_status":"closed","template":"","meta":{"_acf_changed":false},"product_brand":[],"product_cat":[866,871,492,879,889,748],"product_tag":[],"class_list":{"0":"post-52823","1":"product","2":"type-product","3":"status-publish","4":"has-post-thumbnail","6":"product_cat-biblias-compactas","7":"product_cat-biblias-8-9-puntos","8":"product_cat-biblias-ninos","9":"product_cat-biblias-tapa-dura","10":"product_cat-biblias-tla","11":"product_cat-editoriales-sociedades-biblicas-unidas","13":"first","14":"instock","15":"purchasable","16":"product-type-simple"},"acf":[],"_links":{"self":[{"href":"https:\/\/bibliaherramientas.com\/libreria\/wp-json\/wp\/v2\/product\/52823","targetHints":{"allow":["GET"]}}],"collection":[{"href":"https:\/\/bibliaherramientas.com\/libreria\/wp-json\/wp\/v2\/product"}],"about":[{"href":"https:\/\/bibliaherramientas.com\/libreria\/wp-json\/wp\/v2\/types\/product"}],"replies":[{"embeddable":true,"href":"https:\/\/bibliaherramientas.com\/libreria\/wp-json\/wp\/v2\/comments?post=52823"}],"wp:featuredmedia":[{"embeddable":true,"href":"https:\/\/bibliaherramientas.com\/libreria\/wp-json\/wp\/v2\/media\/52824"}],"wp:attachment":[{"href":"https:\/\/bibliaherramientas.com\/libreria\/wp-json\/wp\/v2\/media?parent=52823"}],"wp:term":[{"taxonomy":"product_brand","embeddable":true,"href":"https:\/\/bibliaherramientas.com\/libreria\/wp-json\/wp\/v2\/product_brand?post=52823"},{"taxonomy":"product_cat","embeddable":true,"href":"https:\/\/bibliaherramientas.com\/libreria\/wp-json\/wp\/v2\/product_cat?post=52823"},{"taxonomy":"product_tag","embeddable":true,"href":"https:\/\/bibliaherramientas.com\/libreria\/wp-json\/wp\/v2\/product_tag?post=52823"}],"curies":[{"name":"wp","href":"https:\/\/api.w.org\/{rel}","templated":true}]}}