{"id":52818,"date":"2024-08-23T17:57:10","date_gmt":"2024-08-23T22:57:10","guid":{"rendered":"https:\/\/bibliaherramientas.com\/libreria\/?post_type=product&#038;p=52818"},"modified":"2026-01-06T13:32:58","modified_gmt":"2026-01-06T19:32:58","slug":"biblia-de-estudio-de-la-reforma-lbla-tapa-dura-9781642892543","status":"publish","type":"product","link":"https:\/\/bibliaherramientas.com\/libreria\/producto\/biblia-de-estudio-de-la-reforma-lbla-tapa-dura-9781642892543\/","title":{"rendered":"Biblia De Estudio De La Reforma Lbla Tapa Dura"},"content":{"rendered":"<p>BIBLIA NUEVA<\/p>\n<p>La Biblia de Estudio de La Reforma ha sido revisada a fondo y cuidadosamente elaborada bajo la direcci\u00f3n editorial de R.C. Sproul y las contribuciones de 75 distinguidos te\u00f3logos y pastores de todo el mundo. M\u00e1s de 1,1 millones de palabras de explicaciones vers\u00edculo por vers\u00edculo y tem\u00e1ticas presentadas fielmente para enfatizar la necesidad de que la gracia de Dios nos saque de las tinieblas y nos conduzca a la luz de las Escrituras. La Biblia de Estudio de La Reforma ofrece una experiencia de lectura, estudio y discipulado sin precedentes para cada edad y etapa de la vida cristiana.<\/p>\n<p>Fidelidad en erudici\u00f3n y comentarios<\/p>\n<p>&#8211; Notas teol\u00f3gicas del editor general, R.C. Sproul.<br \/>\n&#8211; Comentarios de 75 pastores y te\u00f3logos de alrededor del mundo.<br \/>\n&#8211; Art\u00edculos tem\u00e1ticos para enriquecer el estudio adicional de las Escrituras.<\/p>\n<p>Notas exhaustivas y recursos teol\u00f3gicos<\/p>\n<p>&#8211; M\u00e1s de 1,1 millones de palabras de explicaciones vers\u00edculo por vers\u00edculo y tem\u00e1ticas.<br \/>\n&#8211; M\u00e1s de 20,000 notas de estudio.<br \/>\n&#8211; Confesiones y credos hist\u00f3ricos de 2,000 a\u00f1os de historia de la Iglesia.<\/p>\n<p>Herramientas de estudio y ayudas visuales<\/p>\n<p>&#8211; 16 p\u00e1ginas de galardonados mapas a color.<br \/>\n&#8211; Los mapas integrados proporcionan referencias r\u00e1pidas mientras se lee.<br \/>\n&#8211; Concordancia, tabla de pesos y medidas, y mucho m\u00e1s.<\/p>\n<p>Una publicaci\u00f3n de Ligonier Ministries y Poiema Publicaciones.<br \/>\n&#8212;&#8212;&#8212;&#8212;&#8212;&#8212;&#8212;&#8212;&#8212;&#8212;&#8212;&#8212;&#8212;-<br \/>\nCualquier duda estamos a tus \u00f3rdenes. Saludos cordiales!<\/p>\n","protected":false},"excerpt":{"rendered":"<p>La Biblia de Estudio de La Reforma ha sido revisada a fondo y cuidadosamente elaborada bajo la direcci\u00f3n editorial de R.C. Sproul y las contribuciones de 75 distinguidos te\u00f3logos y pastores de todo el mundo. M\u00e1s de 1,1 millones de palabras de explicaciones vers\u00edculo por vers\u00edculo y tem\u00e1ticas presentadas fielmente para enfatizar la necesidad de que la gracia de Dios nos saque de las tinieblas y nos conduzca a la luz de las Escrituras.<\/p>\n","protected":false},"featured_media":52819,"comment_status":"open","ping_status":"closed","template":"","meta":{"_acf_changed":false},"product_brand":[],"product_cat":[871,463,891,498,869,879,745,717],"product_tag":[],"class_list":{"0":"post-52818","1":"product","2":"type-product","3":"status-publish","4":"has-post-thumbnail","6":"product_cat-biblias-8-9-puntos","7":"product_cat-biblias-estudio","8":"product_cat-biblias-nbla","9":"product_cat-biblias-personales","10":"product_cat-biblias-super-grandes","11":"product_cat-biblias-tapa-dura","12":"product_cat-editoriales-poiema","13":"product_cat-escritores-r-c-sproul","15":"first","16":"outofstock","17":"purchasable","18":"product-type-simple"},"acf":[],"_links":{"self":[{"href":"https:\/\/bibliaherramientas.com\/libreria\/wp-json\/wp\/v2\/product\/52818","targetHints":{"allow":["GET"]}}],"collection":[{"href":"https:\/\/bibliaherramientas.com\/libreria\/wp-json\/wp\/v2\/product"}],"about":[{"href":"https:\/\/bibliaherramientas.com\/libreria\/wp-json\/wp\/v2\/types\/product"}],"replies":[{"embeddable":true,"href":"https:\/\/bibliaherramientas.com\/libreria\/wp-json\/wp\/v2\/comments?post=52818"}],"wp:featuredmedia":[{"embeddable":true,"href":"https:\/\/bibliaherramientas.com\/libreria\/wp-json\/wp\/v2\/media\/52819"}],"wp:attachment":[{"href":"https:\/\/bibliaherramientas.com\/libreria\/wp-json\/wp\/v2\/media?parent=52818"}],"wp:term":[{"taxonomy":"product_brand","embeddable":true,"href":"https:\/\/bibliaherramientas.com\/libreria\/wp-json\/wp\/v2\/product_brand?post=52818"},{"taxonomy":"product_cat","embeddable":true,"href":"https:\/\/bibliaherramientas.com\/libreria\/wp-json\/wp\/v2\/product_cat?post=52818"},{"taxonomy":"product_tag","embeddable":true,"href":"https:\/\/bibliaherramientas.com\/libreria\/wp-json\/wp\/v2\/product_tag?post=52818"}],"curies":[{"name":"wp","href":"https:\/\/api.w.org\/{rel}","templated":true}]}}