{"id":52814,"date":"2024-08-23T17:39:28","date_gmt":"2024-08-23T22:39:28","guid":{"rendered":"https:\/\/bibliaherramientas.com\/libreria\/?post_type=product&#038;p=52814"},"modified":"2026-01-06T13:32:58","modified_gmt":"2026-01-06T19:32:58","slug":"biblia-ntv-nueva-traduccion-viviente-letra-grande-con-cierre-9781496433374","status":"publish","type":"product","link":"https:\/\/bibliaherramientas.com\/libreria\/producto\/biblia-ntv-nueva-traduccion-viviente-letra-grande-con-cierre-9781496433374\/","title":{"rendered":"Biblia Ntv Nueva Traducci\u00f3n Viviente Letra Grande Con Cierre"},"content":{"rendered":"<p>BIBLIA NUEVA<\/p>\n<p>En sus manos tiene la Santa Biblia, NUEVA TRADUCCI\u00d3N VIVIENTE (NTV): una traducci\u00f3n excepcional de la Biblia, redactada en un espa\u00f1ol de f\u00e1cil comprensi\u00f3n y fiel a los idiomas originales. La NTV es el fruto del trabajo de un equipo de m\u00e1s de cincuenta destacadas eruditos de la Biblia. La erudici\u00f3n y la claridad de la NTV le dan vida a\u00fan a los pasajes m\u00e1s dif\u00edciles. Sin embargo, lo m\u00e1s importante de la NTV son los testimonios de c\u00f3mo esta Biblia est\u00e1 cambiando la vida de las personas al hablarles directamente al coraz\u00f3n. Por eso la llamamos &#8220;LA VERDAD CON CLARIDAD&#8221;<\/p>\n<p>ZIPS:<br \/>\n&#8211; Sistema de referencia.<br \/>\n&#8211; Introducci\u00f3n a cada libro.<br \/>\n&#8211; Concordancia.<br \/>\n&#8211; Cierre de z\u00edper.<br \/>\n&#8211; Dise\u00f1o contempor\u00e1neo.<br \/>\n&#8211; P\u00e1gina de presentaci\u00f3n.<br \/>\n&#8211; Palabras de Cristo en rojo.<br \/>\n&#8211; Mapas a todo color.<br \/>\n&#8211; Letra grande.<br \/>\n&#8211; Encuadernaci\u00f3n duradera.<br \/>\n&#8212;&#8212;&#8212;&#8212;&#8212;&#8212;&#8212;&#8212;&#8212;&#8212;<br \/>\nCualquier duda estamos a tus \u00f3rdenes. Bendiciones!<\/p>\n","protected":false},"excerpt":{"rendered":"<p>En sus manos tiene la Santa Biblia NTV: una traducci\u00f3n excepcional de la Biblia, redactada en un espa\u00f1ol de f\u00e1cil comprensi\u00f3n y fiel a los idiomas originales. Lo m\u00e1s importante de la NTV son los testimonios de c\u00f3mo esta Biblia est\u00e1 cambiando la vida de las personas al hablarles directamente al coraz\u00f3n. Por eso la llamamos &#8220;LA VERDAD CON CLARIDAD&#8221;.<\/p>\n","protected":false},"featured_media":52815,"comment_status":"open","ping_status":"closed","template":"","meta":{"_acf_changed":false},"product_brand":[],"product_cat":[873,877,867,886,498,742],"product_tag":[],"class_list":{"0":"post-52814","1":"product","2":"type-product","3":"status-publish","4":"has-post-thumbnail","6":"product_cat-biblias-12-13-puntos","7":"product_cat-biblias-imitacion-piel","8":"product_cat-biblias-medianas","9":"product_cat-biblias-ntv","10":"product_cat-biblias-personales","11":"product_cat-editoriales-tyndale","13":"first","14":"outofstock","15":"purchasable","16":"product-type-simple"},"acf":[],"_links":{"self":[{"href":"https:\/\/bibliaherramientas.com\/libreria\/wp-json\/wp\/v2\/product\/52814","targetHints":{"allow":["GET"]}}],"collection":[{"href":"https:\/\/bibliaherramientas.com\/libreria\/wp-json\/wp\/v2\/product"}],"about":[{"href":"https:\/\/bibliaherramientas.com\/libreria\/wp-json\/wp\/v2\/types\/product"}],"replies":[{"embeddable":true,"href":"https:\/\/bibliaherramientas.com\/libreria\/wp-json\/wp\/v2\/comments?post=52814"}],"wp:featuredmedia":[{"embeddable":true,"href":"https:\/\/bibliaherramientas.com\/libreria\/wp-json\/wp\/v2\/media\/52815"}],"wp:attachment":[{"href":"https:\/\/bibliaherramientas.com\/libreria\/wp-json\/wp\/v2\/media?parent=52814"}],"wp:term":[{"taxonomy":"product_brand","embeddable":true,"href":"https:\/\/bibliaherramientas.com\/libreria\/wp-json\/wp\/v2\/product_brand?post=52814"},{"taxonomy":"product_cat","embeddable":true,"href":"https:\/\/bibliaherramientas.com\/libreria\/wp-json\/wp\/v2\/product_cat?post=52814"},{"taxonomy":"product_tag","embeddable":true,"href":"https:\/\/bibliaherramientas.com\/libreria\/wp-json\/wp\/v2\/product_tag?post=52814"}],"curies":[{"name":"wp","href":"https:\/\/api.w.org\/{rel}","templated":true}]}}