{"id":52776,"date":"2024-08-23T13:29:51","date_gmt":"2024-08-23T18:29:51","guid":{"rendered":"https:\/\/bibliaherramientas.com\/libreria\/?post_type=product&#038;p=52776"},"modified":"2026-01-06T13:32:54","modified_gmt":"2026-01-06T19:32:54","slug":"mi-primera-biblia-para-memorizar-para-ninos-paginas-duras-9781404110120","status":"publish","type":"product","link":"https:\/\/bibliaherramientas.com\/libreria\/producto\/mi-primera-biblia-para-memorizar-para-ninos-paginas-duras-9781404110120\/","title":{"rendered":"Mi Primera Biblia Para Memorizar Para Ni\u00f1os &#8211; P\u00e1ginas Duras"},"content":{"rendered":"<p>BIBLIA NUEVA<br \/>\n&#8211; Dimensiones: 15.7 x 18.3 x 1.2 cms.<br \/>\n&#8211; Tama\u00f1o de letra: Normal (10 puntos).<br \/>\n&#8211; Tipo de pasta: Dura.<br \/>\n&#8211; Peso: 590 g.<\/p>\n<p>Nunca es demasiado temprano para ense\u00f1arles a los ni\u00f1os acerca de la Biblia, \u00a1y Mi primera Biblia para memorizar es la introducci\u00f3n perfecta! Cada p\u00e1gina muestra ilustraciones coloridas y divertidas, breves explicaciones b\u00edblicas de cada vers\u00edculo y un verso clave para memorizar.<\/p>\n<p>Mi primera Biblia para memorizar viene con una manija f\u00e1cil de agarrar, y es perfecta para manitos peque\u00f1as y para llevarla de paseo. Considere este libro como un regalo para cualquier ocasi\u00f3n, y presente a los preescolares al poder de la Palabra de Dios desde sus primeros a\u00f1os.<\/p>\n<p>&#8212;&#8212;&#8212;&#8212;&#8212;&#8212;&#8212;&#8212;-<\/p>\n<p>Cualquier duda estamos a tus \u00f3rdenes. Bendiciones!<\/p>\n","protected":false},"excerpt":{"rendered":"<p>Mi primera Biblia para memorizar viene con una manija f\u00e1cil de agarrar, y es perfecta para manitos peque\u00f1as y para llevarla de paseo. Considere este libro como un regalo para cualquier ocasi\u00f3n, y presente a los preescolares al poder de la Palabra de Dios desde sus primeros a\u00f1os.<\/p>\n","protected":false},"featured_media":52777,"comment_status":"open","ping_status":"closed","template":"","meta":{"_acf_changed":false},"product_brand":[],"product_cat":[866,492,879,737],"product_tag":[],"class_list":{"0":"post-52776","1":"product","2":"type-product","3":"status-publish","4":"has-post-thumbnail","6":"product_cat-biblias-compactas","7":"product_cat-biblias-ninos","8":"product_cat-biblias-tapa-dura","9":"product_cat-editoriales-grupo-nelson","11":"first","12":"outofstock","13":"purchasable","14":"product-type-simple"},"acf":[],"_links":{"self":[{"href":"https:\/\/bibliaherramientas.com\/libreria\/wp-json\/wp\/v2\/product\/52776","targetHints":{"allow":["GET"]}}],"collection":[{"href":"https:\/\/bibliaherramientas.com\/libreria\/wp-json\/wp\/v2\/product"}],"about":[{"href":"https:\/\/bibliaherramientas.com\/libreria\/wp-json\/wp\/v2\/types\/product"}],"replies":[{"embeddable":true,"href":"https:\/\/bibliaherramientas.com\/libreria\/wp-json\/wp\/v2\/comments?post=52776"}],"wp:featuredmedia":[{"embeddable":true,"href":"https:\/\/bibliaherramientas.com\/libreria\/wp-json\/wp\/v2\/media\/52777"}],"wp:attachment":[{"href":"https:\/\/bibliaherramientas.com\/libreria\/wp-json\/wp\/v2\/media?parent=52776"}],"wp:term":[{"taxonomy":"product_brand","embeddable":true,"href":"https:\/\/bibliaherramientas.com\/libreria\/wp-json\/wp\/v2\/product_brand?post=52776"},{"taxonomy":"product_cat","embeddable":true,"href":"https:\/\/bibliaherramientas.com\/libreria\/wp-json\/wp\/v2\/product_cat?post=52776"},{"taxonomy":"product_tag","embeddable":true,"href":"https:\/\/bibliaherramientas.com\/libreria\/wp-json\/wp\/v2\/product_tag?post=52776"}],"curies":[{"name":"wp","href":"https:\/\/api.w.org\/{rel}","templated":true}]}}