{"id":52772,"date":"2024-08-23T13:01:41","date_gmt":"2024-08-23T18:01:41","guid":{"rendered":"https:\/\/bibliaherramientas.com\/libreria\/?post_type=product&#038;p=52772"},"modified":"2026-01-06T13:32:54","modified_gmt":"2026-01-06T19:32:54","slug":"biblia-rv1960-para-mujer-letra-12-pts-tapa-dura-con-elastico-9798885163224","status":"publish","type":"product","link":"https:\/\/bibliaherramientas.com\/libreria\/producto\/biblia-rv1960-para-mujer-letra-12-pts-tapa-dura-con-elastico-9798885163224\/","title":{"rendered":"Biblia Rv1960 Para Mujer Letra 12 Pts Tapa Dura Con El\u00e1stico"},"content":{"rendered":"<p>RECURSO NUEVO<\/p>\n<p>Santa Biblia Reina Valera 1960 Tapa dura con el\u00e1stico, Tama\u00f1o 138x212mm, Canto pintado, Letra grande 12 puntos, Palabras de Jes\u00fas en rojo, Dise\u00f1o originales, Notas a pie de pagina, Referencias cruzadas a pie de p\u00e1gina, Concordancia amplia, Concordancia adicional de personajes b\u00edblicos, p\u00e1gina de presentaci\u00f3n.<\/p>\n<p>La Biblia Reina &#8211; Valera 1960 es una de las traducciones de la Biblia m\u00e1s reconocidas en el mundo de habla hispana, siendo la traducci\u00f3n cl\u00e1sica del pueblo evang\u00e9lico.<\/p>\n<p>Adem\u00e1s, en todas las Biblias de la versi\u00f3n RVR 1960:<br \/>\n&#8211; Vers\u00edculos clave de cada libro.<br \/>\n&#8211; Genealog\u00eda de Jes\u00fas.<br \/>\n&#8211; Fiestas B\u00edblicas.<br \/>\n&#8211; Tipolog\u00eda de los salmos.<br \/>\n&#8211; Plano del templo.<br \/>\n&#8211; Cronolog\u00eda de Reyes y Profetas.<br \/>\n&#8211; Cuadro con las par\u00e1bolas de Jes\u00fas.<br \/>\n&#8211; Cuadro con los milagros de Jes\u00fas.<br \/>\n&#8211; Plan de salvaci\u00f3n.<br \/>\n&#8211; Promesas de Dios.<br \/>\n&#8211; Plan de lectura en un a\u00f1o.<br \/>\n&#8211; 12 mapas a todo color.<\/p>\n<p>&#8212;&#8212;&#8212;&#8212;&#8212;&#8212;&#8212;&#8212;&#8212;&#8211;<br \/>\nCualquier duda estamos a tus \u00f3rdenes. Bendiciones!<\/p>\n","protected":false},"excerpt":{"rendered":"<p>Biblia RVR1960 Tapa dura con el\u00e1stico, Canto pintado, Letra grande 12 puntos, Palabras de Jes\u00fas en rojo, Dise\u00f1o originales, Notas a pie de pagina, Referencias cruzadas a pie de p\u00e1gina, Concordancia amplia, Concordancia adicional de personajes b\u00edblicos, p\u00e1gina de presentaci\u00f3n.<\/p>\n","protected":false},"featured_media":52773,"comment_status":"open","ping_status":"closed","template":"","meta":{"_acf_changed":false},"product_brand":[],"product_cat":[873,494,867,498,884,879,1003],"product_tag":[],"class_list":{"0":"post-52772","1":"product","2":"type-product","3":"status-publish","4":"has-post-thumbnail","6":"product_cat-biblias-12-13-puntos","7":"product_cat-biblias-juveniles","8":"product_cat-biblias-medianas","9":"product_cat-biblias-personales","10":"product_cat-biblias-rvr1960","11":"product_cat-biblias-tapa-dura","12":"product_cat-mundo-biblia","14":"first","15":"outofstock","16":"purchasable","17":"product-type-simple"},"acf":[],"_links":{"self":[{"href":"https:\/\/bibliaherramientas.com\/libreria\/wp-json\/wp\/v2\/product\/52772","targetHints":{"allow":["GET"]}}],"collection":[{"href":"https:\/\/bibliaherramientas.com\/libreria\/wp-json\/wp\/v2\/product"}],"about":[{"href":"https:\/\/bibliaherramientas.com\/libreria\/wp-json\/wp\/v2\/types\/product"}],"replies":[{"embeddable":true,"href":"https:\/\/bibliaherramientas.com\/libreria\/wp-json\/wp\/v2\/comments?post=52772"}],"wp:featuredmedia":[{"embeddable":true,"href":"https:\/\/bibliaherramientas.com\/libreria\/wp-json\/wp\/v2\/media\/52773"}],"wp:attachment":[{"href":"https:\/\/bibliaherramientas.com\/libreria\/wp-json\/wp\/v2\/media?parent=52772"}],"wp:term":[{"taxonomy":"product_brand","embeddable":true,"href":"https:\/\/bibliaherramientas.com\/libreria\/wp-json\/wp\/v2\/product_brand?post=52772"},{"taxonomy":"product_cat","embeddable":true,"href":"https:\/\/bibliaherramientas.com\/libreria\/wp-json\/wp\/v2\/product_cat?post=52772"},{"taxonomy":"product_tag","embeddable":true,"href":"https:\/\/bibliaherramientas.com\/libreria\/wp-json\/wp\/v2\/product_tag?post=52772"}],"curies":[{"name":"wp","href":"https:\/\/api.w.org\/{rel}","templated":true}]}}