{"id":52739,"date":"2024-08-22T17:30:19","date_gmt":"2024-08-22T22:30:19","guid":{"rendered":"https:\/\/bibliaherramientas.com\/libreria\/?post_type=product&#038;p=52739"},"modified":"2026-01-06T13:32:52","modified_gmt":"2026-01-06T19:32:52","slug":"biblia-reina-valera-1960-letra-supergigante-14-pt-simil-pie-7899938412626","status":"publish","type":"product","link":"https:\/\/bibliaherramientas.com\/libreria\/producto\/biblia-reina-valera-1960-letra-supergigante-14-pt-simil-pie-7899938412626\/","title":{"rendered":"Biblia Reina Valera 1960 Letra Supergigante 14 Pt S\u00edmil Piel"},"content":{"rendered":"<p>BIBLIA NUEVA<\/p>\n<p>Biblia tama\u00f1o manual Letra supergigante, revisi\u00f3n Reina-Valera 1960. Gracias al tama\u00f1o de letra grande de 14 puntos, ayuda a descansar la vista durante la lectura y el estudio de las Escrituras. Contiene concordancia con palabras clave y los pasajes en que \u00e9stas aparecen, lo cual facilita el estudio de las Escrituras.<\/p>\n<p>CONTIENE:<br \/>\n&#8211; Palabras de Jes\u00fas en rojo.<br \/>\n&#8211; Referencias al final del vers\u00edculo.<br \/>\n&#8211; Plan para leer la Biblia en un a\u00f1o.<br \/>\n&#8211; Cinta marcadora.<br \/>\n&#8211; \u00cdndice digital.<br \/>\n&#8211; Tama\u00f1o de letra 14 puntos.<br \/>\n&#8212;&#8212;&#8212;&#8212;&#8212;&#8212;&#8212;&#8212;&#8212;&#8212;<br \/>\nCualquier duda estamos a tus \u00f3rdenes. Bendiciones!<\/p>\n","protected":false},"excerpt":{"rendered":"<p>Biblia tama\u00f1o manual Letra supergigante, revisi\u00f3n Reina-Valera 1960. Gracias al tama\u00f1o de letra grande de 14 puntos, ayuda a descansar la vista durante la lectura y el estudio de las Escrituras. Contiene concordancia con palabras clave y los pasajes en que \u00e9stas aparecen, lo cual facilita el estudio de las Escrituras.<\/p>\n","protected":false},"featured_media":52740,"comment_status":"open","ping_status":"closed","template":"","meta":{"_acf_changed":false},"product_brand":[],"product_cat":[874,868,877,498,884,748],"product_tag":[],"class_list":{"0":"post-52739","1":"product","2":"type-product","3":"status-publish","4":"has-post-thumbnail","6":"product_cat-biblias-14-16-puntos","7":"product_cat-biblias-grandes","8":"product_cat-biblias-imitacion-piel","9":"product_cat-biblias-personales","10":"product_cat-biblias-rvr1960","11":"product_cat-editoriales-sociedades-biblicas-unidas","13":"first","14":"outofstock","15":"purchasable","16":"product-type-simple"},"acf":[],"_links":{"self":[{"href":"https:\/\/bibliaherramientas.com\/libreria\/wp-json\/wp\/v2\/product\/52739","targetHints":{"allow":["GET"]}}],"collection":[{"href":"https:\/\/bibliaherramientas.com\/libreria\/wp-json\/wp\/v2\/product"}],"about":[{"href":"https:\/\/bibliaherramientas.com\/libreria\/wp-json\/wp\/v2\/types\/product"}],"replies":[{"embeddable":true,"href":"https:\/\/bibliaherramientas.com\/libreria\/wp-json\/wp\/v2\/comments?post=52739"}],"wp:featuredmedia":[{"embeddable":true,"href":"https:\/\/bibliaherramientas.com\/libreria\/wp-json\/wp\/v2\/media\/52740"}],"wp:attachment":[{"href":"https:\/\/bibliaherramientas.com\/libreria\/wp-json\/wp\/v2\/media?parent=52739"}],"wp:term":[{"taxonomy":"product_brand","embeddable":true,"href":"https:\/\/bibliaherramientas.com\/libreria\/wp-json\/wp\/v2\/product_brand?post=52739"},{"taxonomy":"product_cat","embeddable":true,"href":"https:\/\/bibliaherramientas.com\/libreria\/wp-json\/wp\/v2\/product_cat?post=52739"},{"taxonomy":"product_tag","embeddable":true,"href":"https:\/\/bibliaherramientas.com\/libreria\/wp-json\/wp\/v2\/product_tag?post=52739"}],"curies":[{"name":"wp","href":"https:\/\/api.w.org\/{rel}","templated":true}]}}