{"id":52735,"date":"2024-08-22T17:15:11","date_gmt":"2024-08-22T22:15:11","guid":{"rendered":"https:\/\/bibliaherramientas.com\/libreria\/?post_type=product&#038;p=52735"},"modified":"2026-01-06T13:32:52","modified_gmt":"2026-01-06T19:32:52","slug":"biblia-reina-valera-1960-tapa-dura-elegante-leon-9781644733868","status":"publish","type":"product","link":"https:\/\/bibliaherramientas.com\/libreria\/producto\/biblia-reina-valera-1960-tapa-dura-elegante-leon-9781644733868\/","title":{"rendered":"Biblia Reina Valera 1960 Tapa Dura Elegante &#8211; Le\u00f3n"},"content":{"rendered":"<p>BIBLIA NUEVA<\/p>\n<p>Biblia tama\u00f1o manual, ultrafina y con letra grande. Tapadura, cinta marcadora y fotos a color de Tierra Santa.<\/p>\n<p>Su encuadernaci\u00f3n de lujo con el Le\u00f3n de Jud\u00e1, con p\u00e1gina para dedicatoria, y cinta marcadora, hacen que la Santa Biblia RVR 1960 sea ideal para el uso personal o para regalo. Con letra grande y las palabras de Cristo destacadas en rojo, la Biblia incluye la esencia de Tierra Santa con preciosas im\u00e1genes a todo color, que nos invitan a orar por el pueblo de Israel.<\/p>\n<p>Esta elegante edici\u00f3n conserva la belleza cl\u00e1sica y la elocuencia de la Reina Valera Revisada 1960. Liviana, pr\u00e1ctica y resistente, la hace perfecta para acompa\u00f1arte a todas partes, para la lectura diaria y el uso en la iglesia cada domingo.<\/p>\n<p>El texto incluye:<br \/>\n&#8211; Letra grande que facilita la lectura (10.5 pts).<br \/>\n&#8211; Concordancia<br \/>\n&#8211; Palabras de Cristo en rojo.<br \/>\n&#8211; Encabezados visibles para encontrar f\u00e1cilmente las referencias.<br \/>\n&#8211; M\u00e1s de 10,000 referencias cruzadas.<br \/>\n&#8211; Plan de salvaci\u00f3n.<br \/>\n&#8211; 16 p\u00e1ginas con im\u00e1genes a todo color de Tierra Santa.<br \/>\n&#8211; Cinco formas cristianas de apoyo a Israel.<\/p>\n<p>Adem\u00e1s, esta edici\u00f3n Reina Valera Revisada 1960 ofrece:<br \/>\n&#8211; Encuadernaci\u00f3n tapa dura.<br \/>\n&#8211; Resistente y durable.<br \/>\n&#8211; Ultrafina.<br \/>\n&#8211; P\u00e1gina para dedicatoria.<br \/>\n&#8211; Cinta marcadora.<br \/>\n&#8211; Tama\u00f1o: 5 3\/8 x 8 3\/8 pulgadas (13.6 cm x 20.3 cm).<br \/>\n&#8211; 1,216 p\u00e1ginas.<br \/>\n&#8212;&#8212;&#8212;&#8212;&#8212;&#8212;&#8212;&#8212;&#8212;&#8212;&#8212;-<br \/>\nCualquier duda estamos a tus \u00f3rdenes. Bendiciones!<\/p>\n","protected":false},"excerpt":{"rendered":"<p>Biblia tama\u00f1o manual, ultrafina y con letra grande. Tapadura, cinta marcadora y fotos a color de Tierra Santa.<\/p>\n","protected":false},"featured_media":52736,"comment_status":"open","ping_status":"closed","template":"","meta":{"_acf_changed":false},"product_brand":[],"product_cat":[872,867,498,884,879,748],"product_tag":[],"class_list":{"0":"post-52735","1":"product","2":"type-product","3":"status-publish","4":"has-post-thumbnail","6":"product_cat-biblias-10-11-puntos","7":"product_cat-biblias-medianas","8":"product_cat-biblias-personales","9":"product_cat-biblias-rvr1960","10":"product_cat-biblias-tapa-dura","11":"product_cat-editoriales-sociedades-biblicas-unidas","13":"first","14":"instock","15":"purchasable","16":"product-type-simple"},"acf":[],"_links":{"self":[{"href":"https:\/\/bibliaherramientas.com\/libreria\/wp-json\/wp\/v2\/product\/52735","targetHints":{"allow":["GET"]}}],"collection":[{"href":"https:\/\/bibliaherramientas.com\/libreria\/wp-json\/wp\/v2\/product"}],"about":[{"href":"https:\/\/bibliaherramientas.com\/libreria\/wp-json\/wp\/v2\/types\/product"}],"replies":[{"embeddable":true,"href":"https:\/\/bibliaherramientas.com\/libreria\/wp-json\/wp\/v2\/comments?post=52735"}],"wp:featuredmedia":[{"embeddable":true,"href":"https:\/\/bibliaherramientas.com\/libreria\/wp-json\/wp\/v2\/media\/52736"}],"wp:attachment":[{"href":"https:\/\/bibliaherramientas.com\/libreria\/wp-json\/wp\/v2\/media?parent=52735"}],"wp:term":[{"taxonomy":"product_brand","embeddable":true,"href":"https:\/\/bibliaherramientas.com\/libreria\/wp-json\/wp\/v2\/product_brand?post=52735"},{"taxonomy":"product_cat","embeddable":true,"href":"https:\/\/bibliaherramientas.com\/libreria\/wp-json\/wp\/v2\/product_cat?post=52735"},{"taxonomy":"product_tag","embeddable":true,"href":"https:\/\/bibliaherramientas.com\/libreria\/wp-json\/wp\/v2\/product_tag?post=52735"}],"curies":[{"name":"wp","href":"https:\/\/api.w.org\/{rel}","templated":true}]}}