{"id":52731,"date":"2024-08-22T16:29:39","date_gmt":"2024-08-22T21:29:39","guid":{"rendered":"https:\/\/bibliaherramientas.com\/libreria\/?post_type=product&#038;p=52731"},"modified":"2026-01-06T13:32:52","modified_gmt":"2026-01-06T19:32:52","slug":"biblia-rv1960-compacta-cierre-letra-11-pts-simil-piel-mokka-9798885167796","status":"publish","type":"product","link":"https:\/\/bibliaherramientas.com\/libreria\/producto\/biblia-rv1960-compacta-cierre-letra-11-pts-simil-piel-mokka-9798885167796\/","title":{"rendered":"Biblia Rv1960 Compacta Cierre Letra 12 Pts S\u00edmil Piel Mokka"},"content":{"rendered":"<p>BIBLIA NUEVA<\/p>\n<p>CARACTER\u00cdSTICAS:<br \/>\n&#8211; Referencias cruzadas a pie de p\u00e1gina.<br \/>\n&#8211; Abreviaturas e Introducciones por C.H Spurgeon y J.C. Ryle.<br \/>\n&#8211; Concordancia de 100 p\u00e1ginas.<br \/>\n&#8211; Genealog\u00eda de Jes\u00fas\/Fiestas Jud\u00edas.<br \/>\n&#8211; Par\u00e1bolas y Milagros de Jes\u00fas.<br \/>\n&#8211; Plan de salvaci\u00f3n.<br \/>\n&#8211; Pasajes y vers\u00edculos claves de la Biblia.<br \/>\n&#8211; Plan de lectura B\u00edblica.<br \/>\n&#8211; Mapas de tiempos B\u00edblicos a todo color.<br \/>\n&#8211; 12 Mapas a todo color.<br \/>\n&#8211; Tipolog\u00eda de los salmos.<br \/>\n&#8211; Plano del templo.<br \/>\n&#8211; Cronolog\u00eda de reyes y profetas.<br \/>\n&#8211; Promesas de Dios.<br \/>\n&#8211; Apta para ser usada como regalo de Quincea\u00f1era.<br \/>\n&#8212;&#8212;&#8212;&#8212;&#8212;&#8212;&#8212;&#8212;&#8212;&#8212;&#8212;-<br \/>\nCualquier duda estamos a tus \u00f3rdenes. Bendiciones!<\/p>\n","protected":false},"excerpt":{"rendered":"<p>Biblia RVR60 con referencias cruzadas a pie de p\u00e1gina, abreviaturas e Introducciones por C.H Spurgeon y J.C. Ryle, concordancia de 100 p\u00e1ginas, genealog\u00eda de Jes\u00fas\/Fiestas Jud\u00edas y par\u00e1bolas y Milagros de Jes\u00fas.<\/p>\n","protected":false},"featured_media":52732,"comment_status":"open","ping_status":"closed","template":"","meta":{"_acf_changed":false},"product_brand":[],"product_cat":[872,866,877,498,884,1003],"product_tag":[],"class_list":{"0":"post-52731","1":"product","2":"type-product","3":"status-publish","4":"has-post-thumbnail","6":"product_cat-biblias-10-11-puntos","7":"product_cat-biblias-compactas","8":"product_cat-biblias-imitacion-piel","9":"product_cat-biblias-personales","10":"product_cat-biblias-rvr1960","11":"product_cat-mundo-biblia","13":"first","14":"outofstock","15":"purchasable","16":"product-type-simple"},"acf":[],"_links":{"self":[{"href":"https:\/\/bibliaherramientas.com\/libreria\/wp-json\/wp\/v2\/product\/52731","targetHints":{"allow":["GET"]}}],"collection":[{"href":"https:\/\/bibliaherramientas.com\/libreria\/wp-json\/wp\/v2\/product"}],"about":[{"href":"https:\/\/bibliaherramientas.com\/libreria\/wp-json\/wp\/v2\/types\/product"}],"replies":[{"embeddable":true,"href":"https:\/\/bibliaherramientas.com\/libreria\/wp-json\/wp\/v2\/comments?post=52731"}],"wp:featuredmedia":[{"embeddable":true,"href":"https:\/\/bibliaherramientas.com\/libreria\/wp-json\/wp\/v2\/media\/52732"}],"wp:attachment":[{"href":"https:\/\/bibliaherramientas.com\/libreria\/wp-json\/wp\/v2\/media?parent=52731"}],"wp:term":[{"taxonomy":"product_brand","embeddable":true,"href":"https:\/\/bibliaherramientas.com\/libreria\/wp-json\/wp\/v2\/product_brand?post=52731"},{"taxonomy":"product_cat","embeddable":true,"href":"https:\/\/bibliaherramientas.com\/libreria\/wp-json\/wp\/v2\/product_cat?post=52731"},{"taxonomy":"product_tag","embeddable":true,"href":"https:\/\/bibliaherramientas.com\/libreria\/wp-json\/wp\/v2\/product_tag?post=52731"}],"curies":[{"name":"wp","href":"https:\/\/api.w.org\/{rel}","templated":true}]}}