{"id":52699,"date":"2024-08-21T13:55:30","date_gmt":"2024-08-21T18:55:30","guid":{"rendered":"https:\/\/bibliaherramientas.com\/libreria\/?post_type=product&#038;p=52699"},"modified":"2026-01-06T13:32:51","modified_gmt":"2026-01-06T19:32:51","slug":"biblia-rvr1960-de-bolsillo-simil-piel-rojo-con-indice-9798885165991","status":"publish","type":"product","link":"https:\/\/bibliaherramientas.com\/libreria\/producto\/biblia-rvr1960-de-bolsillo-simil-piel-rojo-con-indice-9798885165991\/","title":{"rendered":"Biblia Rvr1960 De Bolsillo S\u00edmil Piel Rojo Con \u00cdndice"},"content":{"rendered":"<p>BIBLIA NUEVA<\/p>\n<p>DESCRIPCI\u00d3N<br \/>\n&#8211; Reina Valera 1960.<br \/>\n&#8211; tama\u00f1o bolsillo: 100&#215;140 mm.<br \/>\n&#8211; Portada: Tela + imitaci\u00f3n piel.<br \/>\n&#8211; Letra: 8,5 puntos.<br \/>\n&#8211; con \u00edndice<br \/>\n&#8211; Con canto blanco.<br \/>\n&#8211; Palabras de Jes\u00fas en rojo.<br \/>\n&#8211; Concordancia amplia de palabras de la Biblia.<br \/>\n&#8211; Concordancia de personajes b\u00edblicos.<\/p>\n<p>32 p\u00e1ginas a todo color con ayudas y esquemas que incluyen:<br \/>\n&#8211; Vers\u00edculos clave de cada libro.<br \/>\n&#8211; Genealog\u00eda de Jes\u00fas.<br \/>\n&#8211; Fiestas B\u00edblicas.<br \/>\n&#8211; Tipolog\u00eda de los salmos.<br \/>\n&#8211; Plano del templo.<br \/>\n&#8211; Cronolog\u00eda de Reyes y Profetas.<br \/>\n&#8211; Cuadro con las par\u00e1bolas de Jes\u00fas.<br \/>\n&#8211; Cuadro con los milagros de Jes\u00fas.<br \/>\n&#8211; Plan de salvaci\u00f3n.<br \/>\n&#8211; Promesas de Dios.<br \/>\n&#8211; Plan de lectura en un a\u00f1o.<br \/>\n&#8211; 12 mapas a todo color.<br \/>\n&#8212;&#8212;&#8212;&#8212;&#8212;&#8212;&#8212;&#8212;&#8212;&#8212;&#8212;&#8212;&#8211;<br \/>\nCualquier duda, estamos para servirte, Bendiciones!<\/p>\n","protected":false},"excerpt":{"rendered":"<p>Biblia RVR60, tama\u00f1o bolsillo de color rojo y blanco con dibujos, letra chica, con \u00edndice, canto blanco, palabras de Jes\u00fas en rojo y concordancia amplia de palabras de la Biblia.<\/p>\n","protected":false},"featured_media":52711,"comment_status":"open","ping_status":"closed","template":"","meta":{"_acf_changed":false},"product_brand":[],"product_cat":[871,865,877,494,492,498,884,1003],"product_tag":[],"class_list":{"0":"post-52699","1":"product","2":"type-product","3":"status-publish","4":"has-post-thumbnail","6":"product_cat-biblias-8-9-puntos","7":"product_cat-biblias-de-bolsillo","8":"product_cat-biblias-imitacion-piel","9":"product_cat-biblias-juveniles","10":"product_cat-biblias-ninos","11":"product_cat-biblias-personales","12":"product_cat-biblias-rvr1960","13":"product_cat-mundo-biblia","15":"first","16":"outofstock","17":"purchasable","18":"product-type-simple"},"acf":[],"_links":{"self":[{"href":"https:\/\/bibliaherramientas.com\/libreria\/wp-json\/wp\/v2\/product\/52699","targetHints":{"allow":["GET"]}}],"collection":[{"href":"https:\/\/bibliaherramientas.com\/libreria\/wp-json\/wp\/v2\/product"}],"about":[{"href":"https:\/\/bibliaherramientas.com\/libreria\/wp-json\/wp\/v2\/types\/product"}],"replies":[{"embeddable":true,"href":"https:\/\/bibliaherramientas.com\/libreria\/wp-json\/wp\/v2\/comments?post=52699"}],"wp:featuredmedia":[{"embeddable":true,"href":"https:\/\/bibliaherramientas.com\/libreria\/wp-json\/wp\/v2\/media\/52711"}],"wp:attachment":[{"href":"https:\/\/bibliaherramientas.com\/libreria\/wp-json\/wp\/v2\/media?parent=52699"}],"wp:term":[{"taxonomy":"product_brand","embeddable":true,"href":"https:\/\/bibliaherramientas.com\/libreria\/wp-json\/wp\/v2\/product_brand?post=52699"},{"taxonomy":"product_cat","embeddable":true,"href":"https:\/\/bibliaherramientas.com\/libreria\/wp-json\/wp\/v2\/product_cat?post=52699"},{"taxonomy":"product_tag","embeddable":true,"href":"https:\/\/bibliaherramientas.com\/libreria\/wp-json\/wp\/v2\/product_tag?post=52699"}],"curies":[{"name":"wp","href":"https:\/\/api.w.org\/{rel}","templated":true}]}}