{"id":52681,"date":"2024-08-20T18:31:41","date_gmt":"2024-08-20T23:31:41","guid":{"rendered":"https:\/\/bibliaherramientas.com\/libreria\/?post_type=product&#038;p=52681"},"modified":"2026-01-06T13:32:50","modified_gmt":"2026-01-06T19:32:50","slug":"biblia-rvr60-jardin-tamano-bolsillo-verde-9798885165389","status":"publish","type":"product","link":"https:\/\/bibliaherramientas.com\/libreria\/producto\/biblia-rvr60-jardin-tamano-bolsillo-verde-9798885165389\/","title":{"rendered":"Biblia RVR60 Jard\u00edn Tama\u00f1o Bolsillo Verde"},"content":{"rendered":"<p>BIBLIA NUEVA<\/p>\n<p>La Biblia RVR60 es una de las traducciones de la Biblia m\u00e1s reconocidas en el mundo de habla hispana, siendo la traducci\u00f3n cl\u00e1sica del pueblo evang\u00e9lico.<\/p>\n<p>CARACTER\u00cdSTICAS:<\/p>\n<ul>\n<li>Palabras de Jes\u00fas en rojo<\/li>\n<li>Letra mediana de 8 puntos.<\/li>\n<li>Tipograf\u00eda clara.<\/li>\n<li>Notas a pie de p\u00e1gina.<\/li>\n<li>Referencias cruzadas a pie de p\u00e1gina.<\/li>\n<li>Concordancia de 120 p\u00e1ginas.<\/li>\n<li>Concordancia adicional de personajes b\u00edblicos.<\/li>\n<li>P\u00e1gina de presentaci\u00f3n.<\/li>\n<\/ul>\n<p>AYUDAS:<\/p>\n<ul>\n<li>Genealog\u00eda de Jes\u00fas\/Fiestas Jud\u00edas.<\/li>\n<li>Par\u00e1bolas y Milagros de Jes\u00fas.<\/li>\n<li>Plan de salvaci\u00f3n.<\/li>\n<li>Pasajes y vers\u00edculos claves de la Biblia.<\/li>\n<li>Plan de lectura B\u00edblica en un a\u00f1o.<\/li>\n<li>12 Mapas a todo color.<\/li>\n<li>Tipolog\u00eda de los salmos.<\/li>\n<li>Plano del templo.<\/li>\n<li>Cronolog\u00eda de reyes y profetas.<\/li>\n<li>Promesas de Dios.<\/li>\n<\/ul>\n<p>&#8212;&#8212;&#8212;&#8212;&#8212;&#8212;&#8212;&#8212;&#8212;&#8212;&#8212;-<br \/>\nCualquier duda estamos a tus \u00f3rdenes. Bendiciones!<\/p>\n","protected":false},"excerpt":{"rendered":"<p>Biblia RVR1960 con palabras de Jes\u00fas en rojo, letra mediana de 8 puntos, tipograf\u00eda clara, notas a pie de p\u00e1gina, referencias cruzadas a pie de p\u00e1gina y concordancia de 120 p\u00e1ginas.<\/p>\n","protected":false},"featured_media":52682,"comment_status":"open","ping_status":"closed","template":"","meta":{"_acf_changed":false},"product_brand":[],"product_cat":[866,871,877,464,498,884],"product_tag":[],"class_list":{"0":"post-52681","1":"product","2":"type-product","3":"status-publish","4":"has-post-thumbnail","6":"product_cat-biblias-compactas","7":"product_cat-biblias-8-9-puntos","8":"product_cat-biblias-imitacion-piel","9":"product_cat-biblias-mujeres","10":"product_cat-biblias-personales","11":"product_cat-biblias-rvr1960","13":"first","14":"outofstock","15":"purchasable","16":"product-type-simple"},"acf":[],"_links":{"self":[{"href":"https:\/\/bibliaherramientas.com\/libreria\/wp-json\/wp\/v2\/product\/52681","targetHints":{"allow":["GET"]}}],"collection":[{"href":"https:\/\/bibliaherramientas.com\/libreria\/wp-json\/wp\/v2\/product"}],"about":[{"href":"https:\/\/bibliaherramientas.com\/libreria\/wp-json\/wp\/v2\/types\/product"}],"replies":[{"embeddable":true,"href":"https:\/\/bibliaherramientas.com\/libreria\/wp-json\/wp\/v2\/comments?post=52681"}],"wp:featuredmedia":[{"embeddable":true,"href":"https:\/\/bibliaherramientas.com\/libreria\/wp-json\/wp\/v2\/media\/52682"}],"wp:attachment":[{"href":"https:\/\/bibliaherramientas.com\/libreria\/wp-json\/wp\/v2\/media?parent=52681"}],"wp:term":[{"taxonomy":"product_brand","embeddable":true,"href":"https:\/\/bibliaherramientas.com\/libreria\/wp-json\/wp\/v2\/product_brand?post=52681"},{"taxonomy":"product_cat","embeddable":true,"href":"https:\/\/bibliaherramientas.com\/libreria\/wp-json\/wp\/v2\/product_cat?post=52681"},{"taxonomy":"product_tag","embeddable":true,"href":"https:\/\/bibliaherramientas.com\/libreria\/wp-json\/wp\/v2\/product_tag?post=52681"}],"curies":[{"name":"wp","href":"https:\/\/api.w.org\/{rel}","templated":true}]}}