{"id":52574,"date":"2024-08-16T18:00:47","date_gmt":"2024-08-16T23:00:47","guid":{"rendered":"https:\/\/bibliaherramientas.com\/libreria\/?post_type=product&#038;p=52574"},"modified":"2026-01-06T13:32:42","modified_gmt":"2026-01-06T19:32:42","slug":"libro-mujeres-piadosas-grandes-hombres-y-sus-madres-9780311463701","status":"publish","type":"product","link":"https:\/\/bibliaherramientas.com\/libreria\/producto\/libro-mujeres-piadosas-grandes-hombres-y-sus-madres-9780311463701\/","title":{"rendered":"Libro Mujeres Piadosas &#8211; Grandes Hombres Y Sus Madres"},"content":{"rendered":"<p>LIBRO NUEVO<\/p>\n<p>La relaci\u00f3n de una madre con su hijo var\u00f3n es tremendamente importante y adquiere un valor singular.<\/p>\n<p>Nos sorprender\u00e1 ver cu\u00e1ntos de nuestros h\u00e9roes cristianos fueron formados por la dedicaci\u00f3n y la piedad de su madre. Aunque hayan tenido un padre presente, dedicado y fiel, ellos insisten en que su principal influencia espiritual fue su madre.<\/p>\n<p>Uno de los m\u00e1s grandes predicadores cristianos dijo: &#8220;En cuanto al cristianismo, aprend\u00ed m\u00e1s de mi madre que de todos los te\u00f3logos de Inglaterra&#8221;.<\/p>\n<p>La historia nos habla de mujeres cuyo amor por la Biblia form\u00f3 a sus expositores m\u00e1s prominentes desde la antig\u00fcedad, y mujeres cuya oraci\u00f3n incesante condujo hacia la tan esperada salvaci\u00f3n de sus hijos descarriados. Nos habla de mujeres que fueron grandes te\u00f3logas aunque sus \u00fanicos alumnos hayan sido sus propios hijos. Nos habla de mujeres que sentaron bases y fundamentos en la vida de sus hijos que, a pesar de todos los intentos de estos, nunca lograron deshacerlos. Una y otra vez nos habla de cristianos excepcionales que le deben tanto a su madre piadosa y fiel.<\/p>\n<p>En este libro vamos a echar un vistazo a algunos de estos casos. Vamos a aprender juntos del ejemplo de grandes cristianos y de sus madres piadosas. Vamos a celebrar la vida de madres que fueron usadas por Dios para formar a los hombres que cambiaron al mundo.<br \/>\n&#8212;&#8212;&#8212;&#8212;&#8212;&#8212;&#8212;&#8212;&#8212;&#8212;&#8212;-<br \/>\nCualquier duda estamos a tus \u00f3rdenes. Bendiciones!<\/p>\n","protected":false},"excerpt":{"rendered":"<p>En este libro vamos a aprender juntos del ejemplo de grandes cristianos y de sus madres piadosas. Vamos a celebrar la vida de madres que fueron usadas por Dios para formar a los hombres que cambiaron al mundo.<\/p>\n","protected":false},"featured_media":52575,"comment_status":"open","ping_status":"closed","template":"","meta":{"_acf_changed":false},"product_brand":[],"product_cat":[514,533,537,740],"product_tag":[],"class_list":{"0":"post-52574","1":"product","2":"type-product","3":"status-publish","4":"has-post-thumbnail","6":"product_cat-biografias","7":"product_cat-libros-general","8":"product_cat-mujeres-libros","9":"product_cat-editoriales-mundo-hispano","11":"first","12":"instock","13":"purchasable","14":"product-type-simple"},"acf":[],"_links":{"self":[{"href":"https:\/\/bibliaherramientas.com\/libreria\/wp-json\/wp\/v2\/product\/52574","targetHints":{"allow":["GET"]}}],"collection":[{"href":"https:\/\/bibliaherramientas.com\/libreria\/wp-json\/wp\/v2\/product"}],"about":[{"href":"https:\/\/bibliaherramientas.com\/libreria\/wp-json\/wp\/v2\/types\/product"}],"replies":[{"embeddable":true,"href":"https:\/\/bibliaherramientas.com\/libreria\/wp-json\/wp\/v2\/comments?post=52574"}],"wp:featuredmedia":[{"embeddable":true,"href":"https:\/\/bibliaherramientas.com\/libreria\/wp-json\/wp\/v2\/media\/52575"}],"wp:attachment":[{"href":"https:\/\/bibliaherramientas.com\/libreria\/wp-json\/wp\/v2\/media?parent=52574"}],"wp:term":[{"taxonomy":"product_brand","embeddable":true,"href":"https:\/\/bibliaherramientas.com\/libreria\/wp-json\/wp\/v2\/product_brand?post=52574"},{"taxonomy":"product_cat","embeddable":true,"href":"https:\/\/bibliaherramientas.com\/libreria\/wp-json\/wp\/v2\/product_cat?post=52574"},{"taxonomy":"product_tag","embeddable":true,"href":"https:\/\/bibliaherramientas.com\/libreria\/wp-json\/wp\/v2\/product_tag?post=52574"}],"curies":[{"name":"wp","href":"https:\/\/api.w.org\/{rel}","templated":true}]}}