{"id":52559,"date":"2024-08-16T17:11:35","date_gmt":"2024-08-16T22:11:35","guid":{"rendered":"https:\/\/bibliaherramientas.com\/libreria\/?post_type=product&#038;p=52559"},"modified":"2026-01-06T13:32:42","modified_gmt":"2026-01-06T19:32:42","slug":"biblia-para-ninos-mi-biblia-portatil-pasta-y-hojas-duras-9780825450686","status":"publish","type":"product","link":"https:\/\/bibliaherramientas.com\/libreria\/producto\/biblia-para-ninos-mi-biblia-portatil-pasta-y-hojas-duras-9780825450686\/","title":{"rendered":"Biblia Para Ni\u00f1os Mi Biblia Port\u00e1til Pasta Y Hojas Duras"},"content":{"rendered":"<p>BIBLIA NUEVA<\/p>\n<p>En este libro encontrar\u00e1s las historias b\u00edblicas m\u00e1s conocidas contadas para peque\u00f1os lectores.<\/p>\n<p>Las ilustraciones coloridas, junto con un texto sencillo y fiel a la Biblia, hacen que sea un regalo perfecto para ni\u00f1os de 1 a 6 a\u00f1os, y una herramienta \u00fatil para los padres y maestros.<\/p>\n<p>\u00a1A los peque\u00f1os les encantar\u00e1 la manija incorporada y llevar\u00e1n su propia Biblia a todas partes!<\/p>\n<p>Mi Biblia port\u00e1til incluye una buena cantidad de historias tanto del Antiguo como del Nuevo Testamento, lo que proporciona una descripci\u00f3n bastante completa de la Biblia. Las lecturas se han mantenido fieles a la Biblia, sin embargo, se ha usado un leguaje claro que la hace comprensible para los ni\u00f1os peque\u00f1os, quienes necesitan entender que Dios los ama y se preocupa por ellos.<\/p>\n<p>Este es un producto vers\u00e1til, una herramienta \u00fatil para el tiempo devocional en familias y un excelente recurso para la escuela dominical. Todo, desde el formato y la durabilidad hasta el texto y las im\u00e1genes, hace de esta Biblia port\u00e1til un regalo especial para ni\u00f1os de 1 a 3 a\u00f1os.<br \/>\n&#8212;&#8212;&#8212;&#8212;&#8212;&#8212;&#8212;&#8212;&#8212;&#8212;&#8212;&#8212;&#8211;<br \/>\nCualquier duda, estamos para servirte, Bendiciones!<\/p>\n","protected":false},"excerpt":{"rendered":"<p>En este libro encontrar\u00e1s las historias b\u00edblicas m\u00e1s conocidas contadas para peque\u00f1os lectores. Las ilustraciones coloridas, junto con un texto sencillo y fiel a la Biblia, hacen que sea un regalo perfecto para ni\u00f1os de 1 a 6 a\u00f1os, y una herramienta \u00fatil para los padres y maestros.<\/p>\n","protected":false},"featured_media":52563,"comment_status":"open","ping_status":"closed","template":"","meta":{"_acf_changed":false},"product_brand":[],"product_cat":[866,492,879,741],"product_tag":[],"class_list":{"0":"post-52559","1":"product","2":"type-product","3":"status-publish","4":"has-post-thumbnail","6":"product_cat-biblias-compactas","7":"product_cat-biblias-ninos","8":"product_cat-biblias-tapa-dura","9":"product_cat-editoriales-portavoz","11":"first","12":"instock","13":"purchasable","14":"product-type-simple"},"acf":[],"_links":{"self":[{"href":"https:\/\/bibliaherramientas.com\/libreria\/wp-json\/wp\/v2\/product\/52559","targetHints":{"allow":["GET"]}}],"collection":[{"href":"https:\/\/bibliaherramientas.com\/libreria\/wp-json\/wp\/v2\/product"}],"about":[{"href":"https:\/\/bibliaherramientas.com\/libreria\/wp-json\/wp\/v2\/types\/product"}],"replies":[{"embeddable":true,"href":"https:\/\/bibliaherramientas.com\/libreria\/wp-json\/wp\/v2\/comments?post=52559"}],"wp:featuredmedia":[{"embeddable":true,"href":"https:\/\/bibliaherramientas.com\/libreria\/wp-json\/wp\/v2\/media\/52563"}],"wp:attachment":[{"href":"https:\/\/bibliaherramientas.com\/libreria\/wp-json\/wp\/v2\/media?parent=52559"}],"wp:term":[{"taxonomy":"product_brand","embeddable":true,"href":"https:\/\/bibliaherramientas.com\/libreria\/wp-json\/wp\/v2\/product_brand?post=52559"},{"taxonomy":"product_cat","embeddable":true,"href":"https:\/\/bibliaherramientas.com\/libreria\/wp-json\/wp\/v2\/product_cat?post=52559"},{"taxonomy":"product_tag","embeddable":true,"href":"https:\/\/bibliaherramientas.com\/libreria\/wp-json\/wp\/v2\/product_tag?post=52559"}],"curies":[{"name":"wp","href":"https:\/\/api.w.org\/{rel}","templated":true}]}}