{"id":52529,"date":"2024-08-16T12:37:50","date_gmt":"2024-08-16T17:37:50","guid":{"rendered":"https:\/\/bibliaherramientas.com\/libreria\/?post_type=product&#038;p=52529"},"modified":"2026-01-06T13:32:38","modified_gmt":"2026-01-06T19:32:38","slug":"libro-fundamentos-de-la-feguia-estudiantil-john-macarthur-9780802408952","status":"publish","type":"product","link":"https:\/\/bibliaherramientas.com\/libreria\/producto\/libro-fundamentos-de-la-feguia-estudiantil-john-macarthur-9780802408952\/","title":{"rendered":"Libro Fundamentos De La Fe(gu\u00eda Estudiantil) -john Macarthur"},"content":{"rendered":"<p>LIBRO NUEVO<\/p>\n<p>Los domingos por la ma\u00f1ana en la Iglesia Grace Community, peque\u00f1os grupos de personas se re\u00fanen para las clases de Fundamentos de la Fe y usan este manual de trece lecciones que combina verdades y bases b\u00edblicas con el servicio y obediencia personal. Muchos nuevos creyentes han tomado estas clases para crecer en su entendimiento de las verdades b\u00edblicas.<\/p>\n<p>Por primera vez, Fundamentos de la Fe esta disponible a la venta. Incluyendo temas como \u201cDios: Su Car\u00e1cter y Atributos\u201d y \u201cLa Iglesia: Comuni\u00f3n y Adoraci\u00f3n\u201d este estudio es ideal para discipular a nuevos creyentes o recordar una vez m\u00e1s lo que significa creer en Jes\u00fas.<\/p>\n<p>Cada lecci\u00f3n est\u00e1 saturada de herramientas de aprendizaje para ayudarle a participar de las Escrituras como: un enlace a 13 mensajes de John MacArthur que puede descargar, preguntas de estudio, vers\u00edculos para memorizar y sugerencias pr\u00e1cticas para la aplicaci\u00f3n.<br \/>\n&#8212;&#8212;&#8212;&#8212;&#8212;&#8212;&#8212;&#8212;&#8212;&#8212;&#8212;-<br \/>\nCualquier duda estamos a tus \u00f3rdenes. \u00a1Bendiciones!<\/p>\n","protected":false},"excerpt":{"rendered":"<p>Este estudio es ideal para discipular a nuevos creyentes o recordar una vez m\u00e1s lo que significa creer en Jes\u00fas.<\/p>\n","protected":false},"featured_media":52530,"comment_status":"open","ping_status":"closed","template":"","meta":{"_acf_changed":false},"product_brand":[],"product_cat":[666,693,705,623,741],"product_tag":[],"class_list":{"0":"post-52529","1":"product","2":"type-product","3":"status-publish","4":"has-post-thumbnail","6":"product_cat-crecimiento-espiritual","7":"product_cat-guias-de-estudio","8":"product_cat-escritores-john-macarthur","9":"product_cat-libros-john-macarthur","10":"product_cat-editoriales-portavoz","12":"first","13":"instock","14":"purchasable","15":"product-type-simple"},"acf":[],"_links":{"self":[{"href":"https:\/\/bibliaherramientas.com\/libreria\/wp-json\/wp\/v2\/product\/52529","targetHints":{"allow":["GET"]}}],"collection":[{"href":"https:\/\/bibliaherramientas.com\/libreria\/wp-json\/wp\/v2\/product"}],"about":[{"href":"https:\/\/bibliaherramientas.com\/libreria\/wp-json\/wp\/v2\/types\/product"}],"replies":[{"embeddable":true,"href":"https:\/\/bibliaherramientas.com\/libreria\/wp-json\/wp\/v2\/comments?post=52529"}],"wp:featuredmedia":[{"embeddable":true,"href":"https:\/\/bibliaherramientas.com\/libreria\/wp-json\/wp\/v2\/media\/52530"}],"wp:attachment":[{"href":"https:\/\/bibliaherramientas.com\/libreria\/wp-json\/wp\/v2\/media?parent=52529"}],"wp:term":[{"taxonomy":"product_brand","embeddable":true,"href":"https:\/\/bibliaherramientas.com\/libreria\/wp-json\/wp\/v2\/product_brand?post=52529"},{"taxonomy":"product_cat","embeddable":true,"href":"https:\/\/bibliaherramientas.com\/libreria\/wp-json\/wp\/v2\/product_cat?post=52529"},{"taxonomy":"product_tag","embeddable":true,"href":"https:\/\/bibliaherramientas.com\/libreria\/wp-json\/wp\/v2\/product_tag?post=52529"}],"curies":[{"name":"wp","href":"https:\/\/api.w.org\/{rel}","templated":true}]}}