{"id":52517,"date":"2024-08-16T11:49:22","date_gmt":"2024-08-16T16:49:22","guid":{"rendered":"https:\/\/bibliaherramientas.com\/libreria\/?post_type=product&#038;p=52517"},"modified":"2026-01-06T13:32:37","modified_gmt":"2026-01-06T19:32:37","slug":"biblia-compacta-letra-grande-reina-valera-1960-pasta-vinil-9788941293088","status":"publish","type":"product","link":"https:\/\/bibliaherramientas.com\/libreria\/producto\/biblia-compacta-letra-grande-reina-valera-1960-pasta-vinil-9788941293088\/","title":{"rendered":"Biblia Compacta Letra Grande Reina Valera 1960 Pasta Vinil"},"content":{"rendered":"<p>BIBLIA NUEVA<\/p>\n<p>En 1946 las Sociedades B\u00edblicas Unidas observ\u00f3 que surge la necesidad de realizar una revisi\u00f3n de la Biblia Reina Valera dada la necesidad de facilitar el lenguaje para los pa\u00edses de habla hispana.<\/p>\n<p>Beneficios:<br \/>\n\u2022 Conserva el estilo tradicional de la lengua espa\u00f1ola.<br \/>\n\u2022 Simplifica la escritura de los nombres propios.<br \/>\n\u2022Suprimi\u00f3 eventos obsoletos y t\u00e9rminos desconocidos que pudieran ser mal interpretados.<\/p>\n<p>Caracter\u00edsticas:<\/p>\n<p>&#8211; Glosario.<br \/>\n&#8211; Qu\u00e9 se encuentra en la Biblia.<br \/>\n&#8211; Como leer la Biblia.<br \/>\n&#8211; Tabla de pesos y medidas.<br \/>\n&#8211; Concordancia.<br \/>\n&#8211; Mapas.<br \/>\n&#8211; Referencias a pie de p\u00e1gina.<br \/>\n&#8211; Canto Plateado.<br \/>\n&#8211; Separador.<br \/>\n&#8211; Violeta.<br \/>\n&#8212;&#8212;&#8212;&#8212;&#8212;&#8212;&#8212;&#8212;&#8212;&#8212;&#8212;-<br \/>\nCualquier duda estamos a tus \u00f3rdenes. Bendiciones!<\/p>\n","protected":false},"excerpt":{"rendered":"<p>La Biblia conserva el estilo tradicional de la lengua espa\u00f1ola, simplifica la escritura de los nombres propios y suprimi\u00f3 eventos obsoletos y t\u00e9rminos desconocidos que pudieran ser mal interpretados.<\/p>\n","protected":false},"featured_media":52518,"comment_status":"open","ping_status":"closed","template":"","meta":{"_acf_changed":false},"product_brand":[],"product_cat":[866,871,878,498,884,748],"product_tag":[],"class_list":{"0":"post-52517","1":"product","2":"type-product","3":"status-publish","4":"has-post-thumbnail","6":"product_cat-biblias-compactas","7":"product_cat-biblias-8-9-puntos","8":"product_cat-biblias-de-vinil","9":"product_cat-biblias-personales","10":"product_cat-biblias-rvr1960","11":"product_cat-editoriales-sociedades-biblicas-unidas","13":"first","14":"instock","15":"purchasable","16":"product-type-simple"},"acf":[],"_links":{"self":[{"href":"https:\/\/bibliaherramientas.com\/libreria\/wp-json\/wp\/v2\/product\/52517","targetHints":{"allow":["GET"]}}],"collection":[{"href":"https:\/\/bibliaherramientas.com\/libreria\/wp-json\/wp\/v2\/product"}],"about":[{"href":"https:\/\/bibliaherramientas.com\/libreria\/wp-json\/wp\/v2\/types\/product"}],"replies":[{"embeddable":true,"href":"https:\/\/bibliaherramientas.com\/libreria\/wp-json\/wp\/v2\/comments?post=52517"}],"wp:featuredmedia":[{"embeddable":true,"href":"https:\/\/bibliaherramientas.com\/libreria\/wp-json\/wp\/v2\/media\/52518"}],"wp:attachment":[{"href":"https:\/\/bibliaherramientas.com\/libreria\/wp-json\/wp\/v2\/media?parent=52517"}],"wp:term":[{"taxonomy":"product_brand","embeddable":true,"href":"https:\/\/bibliaherramientas.com\/libreria\/wp-json\/wp\/v2\/product_brand?post=52517"},{"taxonomy":"product_cat","embeddable":true,"href":"https:\/\/bibliaherramientas.com\/libreria\/wp-json\/wp\/v2\/product_cat?post=52517"},{"taxonomy":"product_tag","embeddable":true,"href":"https:\/\/bibliaherramientas.com\/libreria\/wp-json\/wp\/v2\/product_tag?post=52517"}],"curies":[{"name":"wp","href":"https:\/\/api.w.org\/{rel}","templated":true}]}}