{"id":52502,"date":"2024-08-16T10:42:23","date_gmt":"2024-08-16T15:42:23","guid":{"rendered":"https:\/\/bibliaherramientas.com\/libreria\/?post_type=product&#038;p=52502"},"modified":"2026-01-06T13:32:37","modified_gmt":"2026-01-06T19:32:37","slug":"libro-la-obra-maestra-francine-rivers-9781496408167-9781496408167","status":"publish","type":"product","link":"https:\/\/bibliaherramientas.com\/libreria\/producto\/libro-la-obra-maestra-francine-rivers-9781496408167-9781496408167\/","title":{"rendered":"Libro La Obra Maestra &#8211; Francine Rivers"},"content":{"rendered":"<p>LIBRO NUEVO<br \/>\n&#8211; Dimensiones: 13.7 x 20.8 x 3.55 cms.<br \/>\n&#8211; Tama\u00f1o de letra: Normal.<br \/>\n&#8211; Tipo de pasta: Suave.<br \/>\n&#8211; P\u00e1ginas: 544.<br \/>\n&#8211; Peso: 408 g.<\/p>\n<p>La autora de \u00e9xitos de mayor venta del New York Times, Francine Rivers, regresa a sus ra\u00edces rom\u00e1nticas con esta inesperada y redentora historia de amor. Un profundo relato que nos recuerda que la misericordia de Dios puede restaurar aun a los m\u00e1s quebrantados y convertirlos en una obra maestra imperfecta pero maravillosamente impresionante. Rom\u00e1n Velasco es un exitoso artista de Los \u00c1ngeles, California, que aparenta tenerlo todo: mujeres, fama y fortuna. Solo Grace Moore, su nueva y reacia asistente personal, entiende cu\u00e1n poco posee en realidad. Los demonios del pasado de Rom\u00e1n parecen hacer eco en los pasillos de su inmensa y vac\u00eda mansi\u00f3n y opacan la impresionante vista del ca\u00f1\u00f3n de Topanga. As\u00ed como Rom\u00e1n, Grace tambi\u00e9n lucha con fantasmas y secretos de su pasado. Despu\u00e9s de pasar por un matrimonio desastroso que sac\u00f3 su vida completamente de curso, ella jur\u00f3 nunca m\u00e1s permitir que el amor le robara sus sue\u00f1os; pero a medida que conoce m\u00e1s al hombre enigm\u00e1tico detr\u00e1s de la reputaci\u00f3n que lo opaca, es como si los fragmentos de su pasado pronto comenzaran a entrar de nuevo en su lugar\u2026 hasta que algo totalmente inesperado sucede y cambia el curso de su relaci\u00f3n y de sus vidas para siempre.<\/p>\n<p>El tercer libro de la serie La marca del Le\u00f3n regresa al mundo del primer siglo para concluir con la historia de Atretes, el gladiador germano.<\/p>\n<p>Habi\u00e9ndose ganado su libertad en la arena, Atretes anhela regresar a su tierra natal en los bosques de Germania. Pero primero debe recuperar a su hijo, quien est\u00e1 bajo el cuidado de Rizpa, la joven viuda cristiana. Mientras Atretes lucha contra los demonios de su pasado violento, Rizpa tambi\u00e9n se esfuerza por dejar atr\u00e1s los h\u00e1bitos de su vieja vida&#8230; su vida antes de conocer a Cristo.<\/p>\n<p>El largo viaje a Germania requiere que Atretes conf\u00ede en un centuri\u00f3n romano que quiere alcanzar los pueblos germanos para Cristo. El odio que siente Atretes por Roma entra en conflicto con la diferencia que ve en la vida de Te\u00f3filo y en la de Rizpa. Finalmente tendr\u00e1 que decidir si se mantendr\u00e1 cautivo del odio y la ira o si le entregar\u00e1 su vida al Se\u00f1or de toda la tierra.<\/p>\n<p>\u2014\u2014\u2014\u2014\u2014\u2014\u2014\u2014\u2014\u2014\u2014\u2014-<\/p>\n<p>Francine Rivers empez\u00f3 su carrera literaria en la Universidad de Nevada, Reno, donde se gradu\u00f3 con un titulo en Literatura y Periodismo. De 1976 a 1985 tuvo una carrera exitosa como autora en el mercado general, y sus libros fueron nominados para muchos premios y distinciones. Poco despu\u00e9s de convertirse en una cristiana nacida de nuevo en 1986, Francine escribi\u00f3 Amor Redentor como su declaraci\u00f3n de fe. Francine y su esposo Rick, viven en el norte de Carolina y disfrutan de pasar tiempo con sus tres hijos adultos y sus cinco nietos.<\/p>\n<p>&#8212;&#8212;&#8212;&#8212;&#8212;&#8212;&#8212;&#8212;&#8212;&#8212;&#8212;-<br \/>\nCualquier duda estamos a tus \u00f3rdenes. Bendiciones!<\/p>\n","protected":false},"excerpt":{"rendered":"<p>Un profundo relato que nos recuerda que la misericordia de Dios puede restaurar aun a los m\u00e1s quebrantados y convertirlos en una obra maestra imperfecta pero maravillosamente impresionante.<\/p>\n","protected":false},"featured_media":52507,"comment_status":"open","ping_status":"closed","template":"","meta":{"_acf_changed":false},"product_brand":[],"product_cat":[521,1020,1021,533,682,742],"product_tag":[],"class_list":{"0":"post-52502","1":"product","2":"type-product","3":"status-publish","4":"has-post-thumbnail","6":"product_cat-drama","7":"product_cat-escritores-francine-rivers","8":"product_cat-francine-rivers","9":"product_cat-libros-general","10":"product_cat-novelas","11":"product_cat-editoriales-tyndale","13":"first","14":"outofstock","15":"purchasable","16":"product-type-simple"},"acf":[],"_links":{"self":[{"href":"https:\/\/bibliaherramientas.com\/libreria\/wp-json\/wp\/v2\/product\/52502","targetHints":{"allow":["GET"]}}],"collection":[{"href":"https:\/\/bibliaherramientas.com\/libreria\/wp-json\/wp\/v2\/product"}],"about":[{"href":"https:\/\/bibliaherramientas.com\/libreria\/wp-json\/wp\/v2\/types\/product"}],"replies":[{"embeddable":true,"href":"https:\/\/bibliaherramientas.com\/libreria\/wp-json\/wp\/v2\/comments?post=52502"}],"wp:featuredmedia":[{"embeddable":true,"href":"https:\/\/bibliaherramientas.com\/libreria\/wp-json\/wp\/v2\/media\/52507"}],"wp:attachment":[{"href":"https:\/\/bibliaherramientas.com\/libreria\/wp-json\/wp\/v2\/media?parent=52502"}],"wp:term":[{"taxonomy":"product_brand","embeddable":true,"href":"https:\/\/bibliaherramientas.com\/libreria\/wp-json\/wp\/v2\/product_brand?post=52502"},{"taxonomy":"product_cat","embeddable":true,"href":"https:\/\/bibliaherramientas.com\/libreria\/wp-json\/wp\/v2\/product_cat?post=52502"},{"taxonomy":"product_tag","embeddable":true,"href":"https:\/\/bibliaherramientas.com\/libreria\/wp-json\/wp\/v2\/product_tag?post=52502"}],"curies":[{"name":"wp","href":"https:\/\/api.w.org\/{rel}","templated":true}]}}