{"id":52495,"date":"2024-08-15T16:09:52","date_gmt":"2024-08-15T21:09:52","guid":{"rendered":"https:\/\/bibliaherramientas.com\/libreria\/?post_type=product&#038;p=52495"},"modified":"2026-01-06T13:32:37","modified_gmt":"2026-01-06T19:32:37","slug":"libro-cristiano-el-anticristo-dr-armando-alducin-9789585217867","status":"publish","type":"product","link":"https:\/\/bibliaherramientas.com\/libreria\/producto\/libro-cristiano-el-anticristo-dr-armando-alducin-9789585217867\/","title":{"rendered":"Libro Cristiano &#8211; El Anticristo &#8211; Dr. Armando Alduc\u00edn"},"content":{"rendered":"<p>RECURSO NUEVO<\/p>\n<p>Sin duda, el personaje m\u00e1s grande que ha pisado la tierra es el Se\u00f1or Jesucristo, Dios manifestado en carne. Tampoco nadie ha igualado su impacto en la historia humana. Pero, con esta excepci\u00f3n, tampoco el mundo ha conocido ni conocer\u00e1 jam\u00e1s a un personaje tan mal\u00e9volo y perverso como el que alg\u00fan d\u00eda se manifestar\u00e1 en el escenario de la historia humana y al que en la Biblia se le llama el Anticristo.<\/p>\n<p>Las circunstancias que actualmente enfrenta el mundo s\u00f3lo est\u00e1n preparando el escenario final para el surgimiento de un hombre cuya personalidad y carrera fueron profetizadas desde el mismo Huerto del Ed\u00e9n por la mayor\u00eda de los profetas hebreos y por el Se\u00f1or Jesucristo y sus ap\u00f3stoles, como el instrumento diab\u00f3lico de lo que ser\u00e1 el desenlace final de la confrontaci\u00f3n que Satan\u00e1s ha sostenido con Dios desde su rebeli\u00f3n hasta su derrota.<br \/>\nEl Anticristo, la obra maestra del enga\u00f1o de Satan\u00e1s, no ser\u00e1 un hombre ordinario, sino que estar\u00e1 pose\u00eddo por potestades sat\u00e1nicas que lo dotar\u00e1n con poderes sobrenaturales para sorprender, maravillar y enga\u00f1ar al mundo entero con su sabidur\u00eda e inteligencia diab\u00f3lica. Este libro podr\u00e1 orientar un poco m\u00e1s acerca de la personalidad, carrera, car\u00e1cter y agenda de este engendro sat\u00e1nico.<\/p>\n<p>El Dr. Armando Alduc\u00edn es el fundador y presidente de Vida Nueva para el Mundo. Es Doctor en Reolog\u00eda de Central Christian University de Baltimore (Maryland, USA), t\u00edtulo que tambi\u00e9n le ha sido concedido &#8220;honoris causa&#8221; por varias universidades en M\u00e9xico. Por m\u00e1s de 40 a\u00f1os se ha dedicado a presentar y difundir el mensaje del incomparable amor de Dios por la humanidad y las asombrosas evidencias de la Biblia, su origen sobrenatural, su mensaje escatol\u00f3gico, filos\u00f3fico y teol\u00f3gico y su relevancia cient\u00edfica. Es autor de prestigiosos t\u00edtulos como Iraq, Siria y el Anticristo, \u00bfHacia d\u00f3nde va la Humanidad?, \u00bfCreaci\u00f3n o Evoluci\u00f3n?, Dios y la Existencia del Mal, Evidencias de la Biblia, y, La Invasi\u00f3n de los \u00c1ngeles Ca\u00eddos.<br \/>\n&#8212;&#8212;&#8212;&#8212;&#8212;&#8212;&#8212;&#8212;&#8212;&#8212;&#8212;-<br \/>\nCualquier duda estamos a tus \u00f3rdenes. Bendiciones!<\/p>\n","protected":false},"excerpt":{"rendered":"<p>El libro orienta un poco m\u00e1s acerca de la personalidad, carrera, car\u00e1cter y agenda de este engendro sat\u00e1nico, el anticristo.<\/p>\n","protected":false},"featured_media":52497,"comment_status":"open","ping_status":"closed","template":"","meta":{"_acf_changed":false},"product_brand":[],"product_cat":[523,533],"product_tag":[],"class_list":{"0":"post-52495","1":"product","2":"type-product","3":"status-publish","4":"has-post-thumbnail","6":"product_cat-ensenanza","7":"product_cat-libros-general","9":"first","10":"outofstock","11":"purchasable","12":"product-type-simple"},"acf":[],"_links":{"self":[{"href":"https:\/\/bibliaherramientas.com\/libreria\/wp-json\/wp\/v2\/product\/52495","targetHints":{"allow":["GET"]}}],"collection":[{"href":"https:\/\/bibliaherramientas.com\/libreria\/wp-json\/wp\/v2\/product"}],"about":[{"href":"https:\/\/bibliaherramientas.com\/libreria\/wp-json\/wp\/v2\/types\/product"}],"replies":[{"embeddable":true,"href":"https:\/\/bibliaherramientas.com\/libreria\/wp-json\/wp\/v2\/comments?post=52495"}],"wp:featuredmedia":[{"embeddable":true,"href":"https:\/\/bibliaherramientas.com\/libreria\/wp-json\/wp\/v2\/media\/52497"}],"wp:attachment":[{"href":"https:\/\/bibliaherramientas.com\/libreria\/wp-json\/wp\/v2\/media?parent=52495"}],"wp:term":[{"taxonomy":"product_brand","embeddable":true,"href":"https:\/\/bibliaherramientas.com\/libreria\/wp-json\/wp\/v2\/product_brand?post=52495"},{"taxonomy":"product_cat","embeddable":true,"href":"https:\/\/bibliaherramientas.com\/libreria\/wp-json\/wp\/v2\/product_cat?post=52495"},{"taxonomy":"product_tag","embeddable":true,"href":"https:\/\/bibliaherramientas.com\/libreria\/wp-json\/wp\/v2\/product_tag?post=52495"}],"curies":[{"name":"wp","href":"https:\/\/api.w.org\/{rel}","templated":true}]}}