{"id":52474,"date":"2024-08-14T16:18:31","date_gmt":"2024-08-14T21:18:31","guid":{"rendered":"https:\/\/bibliaherramientas.com\/libreria\/?post_type=product&#038;p=52474"},"modified":"2026-01-06T13:32:36","modified_gmt":"2026-01-06T19:32:36","slug":"libro-1-las-cronicas-de-narnia-el-sobrino-del-mago-9781400334568","status":"publish","type":"product","link":"https:\/\/bibliaherramientas.com\/libreria\/producto\/libro-1-las-cronicas-de-narnia-el-sobrino-del-mago-9781400334568\/","title":{"rendered":"Libro 1 Las Cr\u00f3nicas De Narnia &#8211; El Sobrino Del Mago"},"content":{"rendered":"<p>LIBRO NUEVO<\/p>\n<p>Narnia&#8230; donde una bestia camina y habla&#8230; donde una malvada bruja espera&#8230; donde un nuevo mundo est\u00e1 a punto de nacer. En una osada empresa por salvar la vida de un ser querido, dos amigos inadvertidamente tropiezan con un nuevo mundo donde una bruja malvada quiere esclavizarlos. Ultimadamente, la canci\u00f3n de Aslan les gu\u00eda a la creaci\u00f3n de un mundo nuevo, un mundo que ser\u00e1 conocido como Narnia. y en Narnia todo es posible&#8230;<br \/>\n\u2014\u2014\u2014\u2014\u2014\u2014\u2014\u2014\u2014\u2014\u2014\u2013<br \/>\nAutor: C. S. Lewis Nacido en Irlanda en 1898, C. S. Lewis gan\u00f3 un triple Primero en Oxford y fue miembro y tutor en Magdalen College desde 1925-54. En 1954 se convirti\u00f3 en profesor de literatura medieval y renacentista en Cambridge. C. S. Lewis fue durante muchos a\u00f1os un ateo. \u00c9l describe su conversi\u00f3n en Sorprendido por la alegr\u00eda: \u201cEn el Trinity Term de 1929 ced\u00ed y admit\u00ed que Dios era Dios \u2026 quiz\u00e1s el m\u00e1s desanimado y reacio converso de toda Inglaterra\u201d. Uno de los escritores cristianos m\u00e1s talentosos e influyentes de nuestra tiempo, tambi\u00e9n es c\u00e9lebre por sus cr\u00f3nicas de Narnia y su cr\u00edtica literaria y ciencia ficci\u00f3n. Muri\u00f3 el 22 de noviembre de 1963.<br \/>\n&#8212;&#8212;&#8212;&#8212;&#8212;&#8212;&#8212;&#8212;&#8212;&#8212;&#8212;-<br \/>\nCualquier duda estamos a tus \u00f3rdenes. Bendiciones!<\/p>\n","protected":false},"excerpt":{"rendered":"<p>Narnia&#8230; donde una bestia camina y habla&#8230; donde una malvada bruja espera&#8230; donde un nuevo mundo est\u00e1 a punto de nacer. En una osada empresa por salvar la vida de un ser querido, dos amigos inadvertidamente tropiezan con un nuevo mundo donde una bruja malvada quiere esclavizarlos. Ultimadamente, la canci\u00f3n de Aslan les gu\u00eda a la creaci\u00f3n de un mundo nuevo, un mundo que ser\u00e1 conocido como Narnia. y en Narnia todo es posible&#8230;<\/p>\n","protected":false},"featured_media":52475,"comment_status":"open","ping_status":"closed","template":"","meta":{"_acf_changed":false},"product_brand":[],"product_cat":[721,521,737,532,533,538,682],"product_tag":[],"class_list":{"0":"post-52474","1":"product","2":"type-product","3":"status-publish","4":"has-post-thumbnail","6":"product_cat-escritores-c-s-lewis","7":"product_cat-drama","8":"product_cat-editoriales-grupo-nelson","9":"product_cat-jovenes-libros","10":"product_cat-libros-general","11":"product_cat-ninos-libros","12":"product_cat-novelas","14":"first","15":"instock","16":"purchasable","17":"product-type-simple"},"acf":[],"_links":{"self":[{"href":"https:\/\/bibliaherramientas.com\/libreria\/wp-json\/wp\/v2\/product\/52474","targetHints":{"allow":["GET"]}}],"collection":[{"href":"https:\/\/bibliaherramientas.com\/libreria\/wp-json\/wp\/v2\/product"}],"about":[{"href":"https:\/\/bibliaherramientas.com\/libreria\/wp-json\/wp\/v2\/types\/product"}],"replies":[{"embeddable":true,"href":"https:\/\/bibliaherramientas.com\/libreria\/wp-json\/wp\/v2\/comments?post=52474"}],"wp:featuredmedia":[{"embeddable":true,"href":"https:\/\/bibliaherramientas.com\/libreria\/wp-json\/wp\/v2\/media\/52475"}],"wp:attachment":[{"href":"https:\/\/bibliaherramientas.com\/libreria\/wp-json\/wp\/v2\/media?parent=52474"}],"wp:term":[{"taxonomy":"product_brand","embeddable":true,"href":"https:\/\/bibliaherramientas.com\/libreria\/wp-json\/wp\/v2\/product_brand?post=52474"},{"taxonomy":"product_cat","embeddable":true,"href":"https:\/\/bibliaherramientas.com\/libreria\/wp-json\/wp\/v2\/product_cat?post=52474"},{"taxonomy":"product_tag","embeddable":true,"href":"https:\/\/bibliaherramientas.com\/libreria\/wp-json\/wp\/v2\/product_tag?post=52474"}],"curies":[{"name":"wp","href":"https:\/\/api.w.org\/{rel}","templated":true}]}}