{"id":52470,"date":"2024-08-14T14:14:53","date_gmt":"2024-08-14T19:14:53","guid":{"rendered":"https:\/\/bibliaherramientas.com\/libreria\/?post_type=product&#038;p=52470"},"modified":"2026-01-06T13:32:36","modified_gmt":"2026-01-06T19:32:36","slug":"biblia-rvr1960-letra-supergigante-19-pts-imit-piel-indice-9798885166010","status":"publish","type":"product","link":"https:\/\/bibliaherramientas.com\/libreria\/producto\/biblia-rvr1960-letra-supergigante-19-pts-imit-piel-indice-9798885166010\/","title":{"rendered":"Biblia Rvr1960 Letra Supergigante 19 Pts Imit. Piel \u00cdndice"},"content":{"rendered":"<p>BIBLIA NUEVA<\/p>\n<p>Reina Valera 1960, tama\u00f1o S\u00faper Gigante (185&#215;260 mm), letra s\u00faper gigante 19 puntos, Imitaci\u00f3n piel, palabras de Jes\u00fas en rojo, concordancia, concordancia de personajes b\u00edblicos, ayudas, referencias cruzadas, 32 p\u00e1ginas a todo color con ayudas y esquemas, 12 mapas a todo color, letra 19 puntos. Con \u00edndice.<\/p>\n<p>CONTENIDO EXTRA:<br \/>\n&#8211; Vers\u00edculos clave de cada libro.<br \/>\n&#8211; Genealog\u00eda de Jes\u00fas.<br \/>\n&#8211; Fiestas B\u00edblicas.<br \/>\n&#8211; Tipolog\u00eda de los salmos.<br \/>\n&#8211; Plano del templo.<br \/>\n&#8211; Cronolog\u00eda de Reyes y Profetas.<br \/>\n&#8211; Cuadro con las par\u00e1bolas de Jes\u00fas.<br \/>\n&#8211; Cuadro con los milagros de Jes\u00fas.<br \/>\n&#8211; Plan de salvaci\u00f3n.<br \/>\n&#8211; Promesas de Dios.<br \/>\n&#8211; Plan de lectura en un a\u00f1o.<br \/>\n&#8211; 12 mapas a todo color.<br \/>\n&#8212;&#8212;&#8212;&#8212;&#8212;&#8212;&#8212;&#8212;&#8212;&#8212;-<br \/>\nCualquier duda estamos a tus \u00f3rdenes. Bendiciones!<\/p>\n","protected":false},"excerpt":{"rendered":"<p>Biblia Reina Valera 1960, tama\u00f1o S\u00faper Gigante, letra s\u00faper gigante 19 puntos, Imitaci\u00f3n piel, palabras de Jes\u00fas en rojo y concordancia.<\/p>\n","protected":false},"featured_media":52471,"comment_status":"open","ping_status":"closed","template":"","meta":{"_acf_changed":false},"product_brand":[],"product_cat":[875,877,498,884,869,1003],"product_tag":[],"class_list":{"0":"post-52470","1":"product","2":"type-product","3":"status-publish","4":"has-post-thumbnail","6":"product_cat-biblias-17-19-puntos","7":"product_cat-biblias-imitacion-piel","8":"product_cat-biblias-personales","9":"product_cat-biblias-rvr1960","10":"product_cat-biblias-super-grandes","11":"product_cat-mundo-biblia","13":"first","14":"outofstock","15":"purchasable","16":"product-type-simple"},"acf":[],"_links":{"self":[{"href":"https:\/\/bibliaherramientas.com\/libreria\/wp-json\/wp\/v2\/product\/52470","targetHints":{"allow":["GET"]}}],"collection":[{"href":"https:\/\/bibliaherramientas.com\/libreria\/wp-json\/wp\/v2\/product"}],"about":[{"href":"https:\/\/bibliaherramientas.com\/libreria\/wp-json\/wp\/v2\/types\/product"}],"replies":[{"embeddable":true,"href":"https:\/\/bibliaherramientas.com\/libreria\/wp-json\/wp\/v2\/comments?post=52470"}],"wp:featuredmedia":[{"embeddable":true,"href":"https:\/\/bibliaherramientas.com\/libreria\/wp-json\/wp\/v2\/media\/52471"}],"wp:attachment":[{"href":"https:\/\/bibliaherramientas.com\/libreria\/wp-json\/wp\/v2\/media?parent=52470"}],"wp:term":[{"taxonomy":"product_brand","embeddable":true,"href":"https:\/\/bibliaherramientas.com\/libreria\/wp-json\/wp\/v2\/product_brand?post=52470"},{"taxonomy":"product_cat","embeddable":true,"href":"https:\/\/bibliaherramientas.com\/libreria\/wp-json\/wp\/v2\/product_cat?post=52470"},{"taxonomy":"product_tag","embeddable":true,"href":"https:\/\/bibliaherramientas.com\/libreria\/wp-json\/wp\/v2\/product_tag?post=52470"}],"curies":[{"name":"wp","href":"https:\/\/api.w.org\/{rel}","templated":true}]}}