{"id":52466,"date":"2024-08-14T14:05:09","date_gmt":"2024-08-14T19:05:09","guid":{"rendered":"https:\/\/bibliaherramientas.com\/libreria\/?post_type=product&#038;p=52466"},"modified":"2026-01-06T13:32:36","modified_gmt":"2026-01-06T19:32:36","slug":"biblia-rvr60-portatil-letra-grande-11-pts-imit-piel-lila-9798885162340","status":"publish","type":"product","link":"https:\/\/bibliaherramientas.com\/libreria\/producto\/biblia-rvr60-portatil-letra-grande-11-pts-imit-piel-lila-9798885162340\/","title":{"rendered":"Biblia Rvr60 Port\u00e1til Letra Grande 11 Pts Imit. Piel Lila"},"content":{"rendered":"<p>BIBLIA NUEVA<\/p>\n<p>&#8211; Biblia Reina Valera 1960 Tama\u00f1o Port\u00e1til.<br \/>\n&#8211; Letra Grande 11 puntos.<br \/>\n&#8211; Imitaci\u00f3n Piel Floral Lila Claro.<br \/>\n&#8211; Canto pintado.<br \/>\n&#8211; Colecci\u00f3n Primaveral.<br \/>\n&#8211; Palabras de Jes\u00fas en rojo.<br \/>\n&#8211; Concordancia amplia, Concordancia de personajes b\u00edblicos.<br \/>\n&#8211; Ayudas, referencias cruzadas.<br \/>\n&#8211; 32 p\u00e1ginas a todo color con ayudas y esquemas.<\/p>\n<p>Adem\u00e1s, en todas las Biblias de la versi\u00f3n RVR 1960:<\/p>\n<p>&#8211; Vers\u00edculos clave de cada libro.<br \/>\n&#8211; Genealog\u00eda de Jes\u00fas.<br \/>\n&#8211; Fiestas Biblicas.<br \/>\n&#8211; Tipolog\u00eda de los salmos.<br \/>\n&#8211; Plano del templo.<br \/>\n&#8211; Cronolog\u00eda de Reyes y Profetas.<br \/>\n&#8211; Cuadro con las par\u00e1bolas de Jes\u00fas.<br \/>\n&#8211; Cuadro con los milagros de Jes\u00fas.<br \/>\n&#8211; Plan de salvaci\u00f3n.<br \/>\n&#8211; Promesas de Dios.<br \/>\n&#8211; Plan de lectura en un a\u00f1o.<br \/>\n&#8211; 12 mapas a todo color.<\/p>\n<p>&#8212;&#8212;&#8212;&#8212;&#8212;&#8212;&#8212;&#8212;&#8212;&#8212;<br \/>\nCualquier duda estamos a tus \u00f3rdenes. Bendiciones!<\/p>\n","protected":false},"excerpt":{"rendered":"<p>Biblia Reina Valera 1960 de tama\u00f1o Port\u00e1til, letra Grande 11 puntos, imitaci\u00f3n Piel Floral Lila Claro, canto pintado, colecci\u00f3n Primaveral y palabras de Jes\u00fas en rojo.<\/p>\n","protected":false},"featured_media":52467,"comment_status":"open","ping_status":"closed","template":"","meta":{"_acf_changed":false},"product_brand":[],"product_cat":[872,866,877,498,884,1003],"product_tag":[],"class_list":{"0":"post-52466","1":"product","2":"type-product","3":"status-publish","4":"has-post-thumbnail","6":"product_cat-biblias-10-11-puntos","7":"product_cat-biblias-compactas","8":"product_cat-biblias-imitacion-piel","9":"product_cat-biblias-personales","10":"product_cat-biblias-rvr1960","11":"product_cat-mundo-biblia","13":"first","14":"outofstock","15":"purchasable","16":"product-type-simple"},"acf":[],"_links":{"self":[{"href":"https:\/\/bibliaherramientas.com\/libreria\/wp-json\/wp\/v2\/product\/52466","targetHints":{"allow":["GET"]}}],"collection":[{"href":"https:\/\/bibliaherramientas.com\/libreria\/wp-json\/wp\/v2\/product"}],"about":[{"href":"https:\/\/bibliaherramientas.com\/libreria\/wp-json\/wp\/v2\/types\/product"}],"replies":[{"embeddable":true,"href":"https:\/\/bibliaherramientas.com\/libreria\/wp-json\/wp\/v2\/comments?post=52466"}],"wp:featuredmedia":[{"embeddable":true,"href":"https:\/\/bibliaherramientas.com\/libreria\/wp-json\/wp\/v2\/media\/52467"}],"wp:attachment":[{"href":"https:\/\/bibliaherramientas.com\/libreria\/wp-json\/wp\/v2\/media?parent=52466"}],"wp:term":[{"taxonomy":"product_brand","embeddable":true,"href":"https:\/\/bibliaherramientas.com\/libreria\/wp-json\/wp\/v2\/product_brand?post=52466"},{"taxonomy":"product_cat","embeddable":true,"href":"https:\/\/bibliaherramientas.com\/libreria\/wp-json\/wp\/v2\/product_cat?post=52466"},{"taxonomy":"product_tag","embeddable":true,"href":"https:\/\/bibliaherramientas.com\/libreria\/wp-json\/wp\/v2\/product_tag?post=52466"}],"curies":[{"name":"wp","href":"https:\/\/api.w.org\/{rel}","templated":true}]}}