{"id":52452,"date":"2024-08-14T12:30:33","date_gmt":"2024-08-14T17:30:33","guid":{"rendered":"https:\/\/bibliaherramientas.com\/libreria\/?post_type=product&#038;p=52452"},"modified":"2026-01-06T13:32:35","modified_gmt":"2026-01-06T19:32:35","slug":"biblia-reina-valera-1960-letra-gigante-corona-cierre-indice-9789587457094","status":"publish","type":"product","link":"https:\/\/bibliaherramientas.com\/libreria\/producto\/biblia-reina-valera-1960-letra-gigante-corona-cierre-indice-9789587457094\/","title":{"rendered":"Biblia Reina Valera 1960 Letra Gigante Corona Cierre \u00cdndice"},"content":{"rendered":"<p>RECURSO NUEVO<\/p>\n<p>&#8211; Tama\u00f1o: 17 x 23.5 cms.<br \/>\n&#8211; No. de p\u00e1ginas: 1,680.<br \/>\n&#8211; Papel: Biblia 28 gr.<\/p>\n<p>CARACTER\u00cdSTICAS<br \/>\n&#8211; Palabras de Jes\u00fas Resaltadas (PJR).<br \/>\n&#8211; Con referencias.<\/p>\n<p>AYUDAS ESPECIALES<br \/>\n&#8211; C\u00f3mo est\u00e1 formada la Biblia.<br \/>\n&#8211; Lo que se encuentra en la Biblia.<br \/>\n&#8211; C\u00f3mo leer la Biblia.<br \/>\n&#8211; La Biblia en un a\u00f1o.<br \/>\n&#8211; Pasajes famosos en la Biblia.<br \/>\n&#8211; Concordancia con 2,671 palabras de consulta y referencia.<br \/>\n&#8211; 6 mapas.<\/p>\n<p>Adquiriendo esta Biblia apoyas los proyectos de traducci\u00f3n de la Palabra a lenguajes nativas.<\/p>\n<p>Este es un recurso b\u00edblico con acabados manuales, en el cual la mano del &#8220;Artesano de la Palabra&#8221; resalta y realiza los atributos de la Biblia para crear un recurso \u00fanico.<\/p>\n<p>El 70% de nuestros &#8220;Artesanos de la Palabra&#8221; son mujeres madres solteras.<\/p>\n<p>El papel utilizado en esta Biblia proviene de bosques renovables, cultivados espec\u00edficamente para tal fin.<\/p>\n<p>&#8212;&#8212;&#8212;&#8212;&#8212;&#8212;&#8212;&#8212;&#8212;&#8212;<\/p>\n<p>Cualquier duda estamos a tus \u00f3rdenes. Bendiciones!<\/p>\n","protected":false},"excerpt":{"rendered":"<p>Biblia nueva versi\u00f3n NTV con Palabras de Jes\u00fas Resaltadas, referencias, \u00edndice en el canto y concordancia.<\/p>\n","protected":false},"featured_media":52453,"comment_status":"open","ping_status":"closed","template":"","meta":{"_acf_changed":false},"product_brand":[],"product_cat":[874,877,867,498,884,748],"product_tag":[],"class_list":{"0":"post-52452","1":"product","2":"type-product","3":"status-publish","4":"has-post-thumbnail","6":"product_cat-biblias-14-16-puntos","7":"product_cat-biblias-imitacion-piel","8":"product_cat-biblias-medianas","9":"product_cat-biblias-personales","10":"product_cat-biblias-rvr1960","11":"product_cat-editoriales-sociedades-biblicas-unidas","13":"first","14":"outofstock","15":"purchasable","16":"product-type-simple"},"acf":[],"_links":{"self":[{"href":"https:\/\/bibliaherramientas.com\/libreria\/wp-json\/wp\/v2\/product\/52452","targetHints":{"allow":["GET"]}}],"collection":[{"href":"https:\/\/bibliaherramientas.com\/libreria\/wp-json\/wp\/v2\/product"}],"about":[{"href":"https:\/\/bibliaherramientas.com\/libreria\/wp-json\/wp\/v2\/types\/product"}],"replies":[{"embeddable":true,"href":"https:\/\/bibliaherramientas.com\/libreria\/wp-json\/wp\/v2\/comments?post=52452"}],"wp:featuredmedia":[{"embeddable":true,"href":"https:\/\/bibliaherramientas.com\/libreria\/wp-json\/wp\/v2\/media\/52453"}],"wp:attachment":[{"href":"https:\/\/bibliaherramientas.com\/libreria\/wp-json\/wp\/v2\/media?parent=52452"}],"wp:term":[{"taxonomy":"product_brand","embeddable":true,"href":"https:\/\/bibliaherramientas.com\/libreria\/wp-json\/wp\/v2\/product_brand?post=52452"},{"taxonomy":"product_cat","embeddable":true,"href":"https:\/\/bibliaherramientas.com\/libreria\/wp-json\/wp\/v2\/product_cat?post=52452"},{"taxonomy":"product_tag","embeddable":true,"href":"https:\/\/bibliaherramientas.com\/libreria\/wp-json\/wp\/v2\/product_tag?post=52452"}],"curies":[{"name":"wp","href":"https:\/\/api.w.org\/{rel}","templated":true}]}}