{"id":52444,"date":"2024-08-14T11:55:51","date_gmt":"2024-08-14T16:55:51","guid":{"rendered":"https:\/\/bibliaherramientas.com\/libreria\/?post_type=product&#038;p=52444"},"modified":"2026-01-06T13:32:35","modified_gmt":"2026-01-06T19:32:35","slug":"biblia-ntv-letra-grande-edicion-personal-imit-piel-rosa-cafe-9781414378558","status":"publish","type":"product","link":"https:\/\/bibliaherramientas.com\/libreria\/producto\/biblia-ntv-letra-grande-edicion-personal-imit-piel-rosa-cafe-9781414378558\/","title":{"rendered":"Biblia Ntv Letra Grande Edici\u00f3n Personal Imit Piel Rosa\/Caf\u00e9"},"content":{"rendered":"<p>RECURSO NUEVO<\/p>\n<p>&#8211; Dimensiones: 22 \u00d7 14.2 \u00d7 4.5 cms.<br \/>\n&#8211; Tama\u00f1o de letra: Grande.<br \/>\n&#8211; Tipo de pasta: Sentipiel texturizada.<br \/>\n&#8211; Peso: 880 g.<br \/>\n&#8211; P\u00e1ginas: 1684.<\/p>\n<p>Nueva Traducci\u00f3n Viviente es una traducci\u00f3n excepcional de la Biblia, redactada en un espa\u00f1ol de f\u00e1cil comprensi\u00f3n y fiel a los idiomas originales. La NTV es el fruto del trabajo de un equipo de m\u00e1s de cincuenta destacados eruditos de la Biblia. La erudici\u00f3n y claridad de la NTV le dan vida aun a los pasajes m\u00e1s dif\u00edciles. Sin embargo, lo m\u00e1s impresionante de la NTV son los testimonios de c\u00f3mo esta Biblia est\u00e1 cambiando la vida de las personas al hablarles directamente al coraz\u00f3n. Por eso la llamamos &#8220;LA VERDAD CON CLARIDAD&#8221;.<\/p>\n<p>CONTENIDO:<br \/>\n&#8211; Palabras de Jes\u00fas en rojo.<br \/>\n&#8211; P\u00e1gina de presentaci\u00f3n.<br \/>\n&#8211; Encuadernaci\u00f3n duradera.<br \/>\n&#8211; Introducci\u00f3n a la Nueva Traducci\u00f3n Viviente.<br \/>\n&#8211; Introducci\u00f3n a cada libro de la Biblia.<br \/>\n&#8211; Notas a pie de pagina.<br \/>\n&#8211; Concordancia.<br \/>\n&#8211; Mapas a color.<br \/>\n&#8211; Cinta marcadora.<br \/>\n&#8211; Canto Plateado.<\/p>\n<p>&#8212;&#8212;&#8212;&#8212;&#8212;&#8212;&#8212;&#8212;&#8212;&#8211;<br \/>\nCualquier duda estamos a tus \u00f3rdenes. Bendiciones!<\/p>\n","protected":false},"excerpt":{"rendered":"<p>Biblia NTV con palabras de Jes\u00fas en rojo, p\u00e1gina de presentaci\u00f3n y encuadernaci\u00f3n duradera.<\/p>\n","protected":false},"featured_media":52445,"comment_status":"open","ping_status":"closed","template":"","meta":{"_acf_changed":false},"product_brand":[],"product_cat":[873,868,877,886,498,742],"product_tag":[],"class_list":{"0":"post-52444","1":"product","2":"type-product","3":"status-publish","4":"has-post-thumbnail","6":"product_cat-biblias-12-13-puntos","7":"product_cat-biblias-grandes","8":"product_cat-biblias-imitacion-piel","9":"product_cat-biblias-ntv","10":"product_cat-biblias-personales","11":"product_cat-editoriales-tyndale","13":"first","14":"outofstock","15":"purchasable","16":"product-type-simple"},"acf":[],"_links":{"self":[{"href":"https:\/\/bibliaherramientas.com\/libreria\/wp-json\/wp\/v2\/product\/52444","targetHints":{"allow":["GET"]}}],"collection":[{"href":"https:\/\/bibliaherramientas.com\/libreria\/wp-json\/wp\/v2\/product"}],"about":[{"href":"https:\/\/bibliaherramientas.com\/libreria\/wp-json\/wp\/v2\/types\/product"}],"replies":[{"embeddable":true,"href":"https:\/\/bibliaherramientas.com\/libreria\/wp-json\/wp\/v2\/comments?post=52444"}],"wp:featuredmedia":[{"embeddable":true,"href":"https:\/\/bibliaherramientas.com\/libreria\/wp-json\/wp\/v2\/media\/52445"}],"wp:attachment":[{"href":"https:\/\/bibliaherramientas.com\/libreria\/wp-json\/wp\/v2\/media?parent=52444"}],"wp:term":[{"taxonomy":"product_brand","embeddable":true,"href":"https:\/\/bibliaherramientas.com\/libreria\/wp-json\/wp\/v2\/product_brand?post=52444"},{"taxonomy":"product_cat","embeddable":true,"href":"https:\/\/bibliaherramientas.com\/libreria\/wp-json\/wp\/v2\/product_cat?post=52444"},{"taxonomy":"product_tag","embeddable":true,"href":"https:\/\/bibliaherramientas.com\/libreria\/wp-json\/wp\/v2\/product_tag?post=52444"}],"curies":[{"name":"wp","href":"https:\/\/api.w.org\/{rel}","templated":true}]}}