{"id":52440,"date":"2024-08-14T11:33:35","date_gmt":"2024-08-14T16:33:35","guid":{"rendered":"https:\/\/bibliaherramientas.com\/libreria\/?post_type=product&#038;p=52440"},"modified":"2026-01-06T13:32:35","modified_gmt":"2026-01-06T19:32:35","slug":"libro-una-voz-en-el-viento-francine-rivers-9781496419286","status":"publish","type":"product","link":"https:\/\/bibliaherramientas.com\/libreria\/producto\/libro-una-voz-en-el-viento-francine-rivers-9781496419286\/","title":{"rendered":"Libro Una Voz En El Viento &#8211; Francine Rivers"},"content":{"rendered":"<p>RECURSO NUEVO<\/p>\n<p>&#8211; Dimensiones: 21 x 14 x 3 cms.<br \/>\n&#8211; Tama\u00f1o de letra: Normal.<br \/>\n&#8211; Tipo de pasta: Suave.<br \/>\n&#8211; P\u00e1ginas: 527.<br \/>\n&#8211; Peso: 425 g.<\/p>\n<p>Este primer libro de la serie &#8220;La marca del Le\u00f3n&#8221; transporta a los lectores al primer siglo y les presenta a un personaje que nunca olvidar\u00e1n: Hadasa.<\/p>\n<p>Cuando toda su familia muere en el asedio de Jerusal\u00e9n, Hadasa no entiende porque fue elegida para sobrevivir. Llevada a Roma como cautiva, se salva de ser v\u00edctima de los espect\u00e1culos de gladiadores cuando la venden como esclava. Cada d\u00eda Hadasa lucha contra su temor por compartir su fe y clama a Dios por el valor para hablar de \u00c9l con la familia que sirve, en particular con Marcus, el apuesto hijo de la familia que se siente atra\u00eddo por la diferencia que ve en la vida de ella. Rodeada de violencia, lujuria y decadencia moral, Hadasa observa a cada miembro de la familia encaminando su propia b\u00fasqueda por la felicidad, con cada vez menos esperanza de encontrarla.<\/p>\n<p>Al fin, Hadasa tendr\u00e1 que elegir a quien servir\u00e1; si le ser\u00e1 fiel al Dios que la ha acompa\u00f1ado o si ceder\u00e1 a su temor ante las fuerzas de la decadencia romana.<\/p>\n<p>Atormentada por un apuesto arist\u00f3crata, una joven esclava se aferra a su fe en el Dios vivo para liberarla de las fuerzas de la Roma lujuriosa.<\/p>\n<p>Incluye preguntas para una discusi\u00f3n grupal o para reflexi\u00f3n individual.<\/p>\n<p>\u2014\u2014\u2014\u2014\u2014\u2014\u2014\u2014\u2014\u2014\u2014\u2014-<\/p>\n<p>Francine Rivers empez\u00f3 su carrera literaria en la Universidad de Nevada, Reno, donde se gradu\u00f3 con un titulo en Literatura y Periodismo. De 1976 a 1985 tuvo una carrera exitosa como autora en el mercado general, y sus libros fueron nominados para muchos premios y distinciones. Poco despu\u00e9s de convertirse en una cristiana nacida de nuevo en 1986, Francine escribi\u00f3 Amor Redentor como su declaraci\u00f3n de fe. Francine y su esposo Rick, viven en el norte de Carolina y disfrutan de pasar tiempo con sus tres hijos adultos y sus cinco nietos.<\/p>\n<p>&#8212;&#8212;&#8212;&#8212;&#8212;&#8212;&#8212;&#8212;&#8212;&#8212;&#8212;-<br \/>\nCualquier duda estamos a tus \u00f3rdenes. Bendiciones!<\/p>\n","protected":false},"excerpt":{"rendered":"<p>Este primer libro de la serie &#8220;La marca del Le\u00f3n&#8221; transporta a los lectores al primer siglo y les presenta a un personaje que nunca olvidar\u00e1n: Hadasa.<\/p>\n","protected":false},"featured_media":52441,"comment_status":"open","ping_status":"closed","template":"","meta":{"_acf_changed":false},"product_brand":[],"product_cat":[533,682,742],"product_tag":[],"class_list":{"0":"post-52440","1":"product","2":"type-product","3":"status-publish","4":"has-post-thumbnail","6":"product_cat-libros-general","7":"product_cat-novelas","8":"product_cat-editoriales-tyndale","10":"first","11":"instock","12":"purchasable","13":"product-type-simple"},"acf":[],"_links":{"self":[{"href":"https:\/\/bibliaherramientas.com\/libreria\/wp-json\/wp\/v2\/product\/52440","targetHints":{"allow":["GET"]}}],"collection":[{"href":"https:\/\/bibliaherramientas.com\/libreria\/wp-json\/wp\/v2\/product"}],"about":[{"href":"https:\/\/bibliaherramientas.com\/libreria\/wp-json\/wp\/v2\/types\/product"}],"replies":[{"embeddable":true,"href":"https:\/\/bibliaherramientas.com\/libreria\/wp-json\/wp\/v2\/comments?post=52440"}],"wp:featuredmedia":[{"embeddable":true,"href":"https:\/\/bibliaherramientas.com\/libreria\/wp-json\/wp\/v2\/media\/52441"}],"wp:attachment":[{"href":"https:\/\/bibliaherramientas.com\/libreria\/wp-json\/wp\/v2\/media?parent=52440"}],"wp:term":[{"taxonomy":"product_brand","embeddable":true,"href":"https:\/\/bibliaherramientas.com\/libreria\/wp-json\/wp\/v2\/product_brand?post=52440"},{"taxonomy":"product_cat","embeddable":true,"href":"https:\/\/bibliaherramientas.com\/libreria\/wp-json\/wp\/v2\/product_cat?post=52440"},{"taxonomy":"product_tag","embeddable":true,"href":"https:\/\/bibliaherramientas.com\/libreria\/wp-json\/wp\/v2\/product_tag?post=52440"}],"curies":[{"name":"wp","href":"https:\/\/api.w.org\/{rel}","templated":true}]}}