{"id":52433,"date":"2024-08-14T11:10:06","date_gmt":"2024-08-14T16:10:06","guid":{"rendered":"https:\/\/bibliaherramientas.com\/libreria\/?post_type=product&#038;p=52433"},"modified":"2026-01-06T13:32:34","modified_gmt":"2026-01-06T19:32:34","slug":"biblia-de-apuntes-edicion-letra-grande-mosaicos-9781535902199","status":"publish","type":"product","link":"https:\/\/bibliaherramientas.com\/libreria\/producto\/biblia-de-apuntes-edicion-letra-grande-mosaicos-9781535902199\/","title":{"rendered":"Biblia De Apuntes Edici\u00f3n Letra Grande (mosaicos)"},"content":{"rendered":"<p>RECURSO NUEVO<\/p>\n<p>&#8211; Dimensiones: 18.67 x 3.81 x 24.13 cms.<br \/>\n&#8211; Tama\u00f1o de letra: Grande.<br \/>\n&#8211; Tipo de pasta: Pasta dura con detalles en piel.<br \/>\n&#8211; P\u00e1ginas: 1344.<br \/>\n&#8211; Peso: 1.382 kg.<\/p>\n<p>Ahora en edici\u00f3n letra grande, la RVR 1960 Biblia de Apuntes, ha sido dise\u00f1ada para mejorar el estudio personal de la Biblia y la preparaci\u00f3n de clases y predicaciones. Esta Biblia contiene la popular versi\u00f3n Reina-Valera 1960. Provee espacio para tomar notas en cada p\u00e1gina, observaciones, anotar pensamientos, formular preguntas y sugerencias para exploraci\u00f3n adicional en el texto.<br \/>\nLa Biblia est\u00e1 hermosamente encuadernada con piel genuina y tela impresa. Esta incluye una p\u00e1gina de presentaci\u00f3n, un plan para leer la Biblia en un a\u00f1o y un resumen de cada libro de la Biblia. Con una garant\u00eda vitalicia, usted podr\u00e1 dejar a sus hijos un tesoro al registrar sus reflexiones y pensamientos en esta Biblia.<\/p>\n<p>CARACTER\u00cdSTICAS:<br \/>\n&#8211; Palabra de Cristo en rojo<br \/>\n&#8211; Texto en una sola columna<br \/>\n&#8211; Espacio para notas<br \/>\n&#8211; P\u00e1gina de presentaci\u00f3n<br \/>\n&#8211; Plan de lectura b\u00edblica de un a\u00f1o<br \/>\n&#8211; Resumen de introducci\u00f3n para cada libro de la Biblia<br \/>\n&#8211; Mapas a todo color<br \/>\n&#8211; Cinta marcadora<br \/>\n&#8211; Caja de regalo<\/p>\n<p>&#8212;&#8212;&#8212;&#8212;&#8212;&#8212;&#8212;&#8212;&#8212;<br \/>\nCualquier duda estamos a tus \u00f3rdenes. Bendiciones!<\/p>\n","protected":false},"excerpt":{"rendered":"<p>La Biblia de Apuntes, ha sido dise\u00f1ada para mejorar el estudio personal de la Biblia y la preparaci\u00f3n de clases y predicaciones. Esta Biblia contiene la popular versi\u00f3n Reina-Valera 1960. Provee espacio para tomar notas en cada p\u00e1gina, observaciones, anotar pensamientos, formular preguntas y sugerencias para exploraci\u00f3n adicional en el texto.<\/p>\n","protected":false},"featured_media":52434,"comment_status":"open","ping_status":"closed","template":"","meta":{"_acf_changed":false},"product_brand":[],"product_cat":[735,872,631,868,498,884,879],"product_tag":[],"class_list":{"0":"post-52433","1":"product","2":"type-product","3":"status-publish","4":"has-post-thumbnail","6":"product_cat-editoriales-bh-espanol","7":"product_cat-biblias-10-11-puntos","8":"product_cat-biblias-de-apuntes","9":"product_cat-biblias-grandes","10":"product_cat-biblias-personales","11":"product_cat-biblias-rvr1960","12":"product_cat-biblias-tapa-dura","14":"first","15":"instock","16":"purchasable","17":"product-type-simple"},"acf":[],"_links":{"self":[{"href":"https:\/\/bibliaherramientas.com\/libreria\/wp-json\/wp\/v2\/product\/52433","targetHints":{"allow":["GET"]}}],"collection":[{"href":"https:\/\/bibliaherramientas.com\/libreria\/wp-json\/wp\/v2\/product"}],"about":[{"href":"https:\/\/bibliaherramientas.com\/libreria\/wp-json\/wp\/v2\/types\/product"}],"replies":[{"embeddable":true,"href":"https:\/\/bibliaherramientas.com\/libreria\/wp-json\/wp\/v2\/comments?post=52433"}],"wp:featuredmedia":[{"embeddable":true,"href":"https:\/\/bibliaherramientas.com\/libreria\/wp-json\/wp\/v2\/media\/52434"}],"wp:attachment":[{"href":"https:\/\/bibliaherramientas.com\/libreria\/wp-json\/wp\/v2\/media?parent=52433"}],"wp:term":[{"taxonomy":"product_brand","embeddable":true,"href":"https:\/\/bibliaherramientas.com\/libreria\/wp-json\/wp\/v2\/product_brand?post=52433"},{"taxonomy":"product_cat","embeddable":true,"href":"https:\/\/bibliaherramientas.com\/libreria\/wp-json\/wp\/v2\/product_cat?post=52433"},{"taxonomy":"product_tag","embeddable":true,"href":"https:\/\/bibliaherramientas.com\/libreria\/wp-json\/wp\/v2\/product_tag?post=52433"}],"curies":[{"name":"wp","href":"https:\/\/api.w.org\/{rel}","templated":true}]}}