{"id":52421,"date":"2024-08-14T10:37:07","date_gmt":"2024-08-14T15:37:07","guid":{"rendered":"https:\/\/bibliaherramientas.com\/libreria\/?post_type=product&#038;p=52421"},"modified":"2026-01-06T13:32:34","modified_gmt":"2026-01-06T19:32:34","slug":"libro-para-colorear-brilla-con-versiculos-biblicos-mandalas-9780789923776","status":"publish","type":"product","link":"https:\/\/bibliaherramientas.com\/libreria\/producto\/libro-para-colorear-brilla-con-versiculos-biblicos-mandalas-9780789923776\/","title":{"rendered":"Libro Para Colorear Brilla Con Vers\u00edculos B\u00edblicos M\u00e1ndalas"},"content":{"rendered":"<p>RECURSO NUEVO<\/p>\n<p>&#8211; Dimensiones: 21.6 \u00d7 21.6 \u00d7 1 cms.<br \/>\n&#8211; Tama\u00f1o de letra: Normal.<br \/>\n&#8211; Tipo de pasta: Suave.<br \/>\n&#8211; P\u00e1ginas: 128.<\/p>\n<p>LIBRO PARA COLOREAR<\/p>\n<p>\u00bfEstresado? \u00bfNecesitas con urgencia unas vacaciones?<br \/>\nA pesar de que no podemos enviarte a un viaje con todos los gastos pagados a una id\u00edlica playa de arena blanca con mares color turquesa y bebidas con sombrillas de color rosa, te creamos una buena alternativa: un libro para colorear con una p\u00e1gina tras otra con dise\u00f1os inspirados en la playa y motivadores vers\u00edculos de la Escritura. Toma tus l\u00e1pices y colorea tu camino hacia las playas cubiertas de arena de paz y tranquilidad.<\/p>\n<p>Rel\u00e1jate. Imagine la brisa fresca del mar en tu piel mientras coloreas los primorosos dise\u00f1os. Dale a tu creatividad la libertad de reinar libre mientras dibujas en los espacios provistos. Las p\u00e1ginas perforadas hacen que te resulte f\u00e1cil desprenderlas y disfrutar de tu obra maestra.<\/p>\n<p>Brilla con tu luz para que todos la vean mientras usas tus habilidades creativas para expresar tu fe en cada p\u00e1gina de este libro para colorear. Aunque est\u00e1 dise\u00f1ado para adultos en particular, es adecuado para todas las edades.<\/p>\n<p>&#8212;&#8212;&#8212;&#8212;&#8212;&#8212;&#8212;&#8212;&#8212;<br \/>\nCualquier duda estamos a tus \u00f3rdenes. Bendiciones!<\/p>\n","protected":false},"excerpt":{"rendered":"<p>Libro para colorear con una p\u00e1gina tras otra con dise\u00f1os inspirados en la playa y motivadores vers\u00edculos de la Escritura. Toma tus l\u00e1pices y colorea tu camino hacia las playas cubiertas de arena de paz y tranquilidad.<\/p>\n","protected":false},"featured_media":52422,"comment_status":"open","ping_status":"closed","template":"","meta":{"_acf_changed":false},"product_brand":[],"product_cat":[532,533,537,743],"product_tag":[],"class_list":{"0":"post-52421","1":"product","2":"type-product","3":"status-publish","4":"has-post-thumbnail","6":"product_cat-jovenes-libros","7":"product_cat-libros-general","8":"product_cat-mujeres-libros","9":"product_cat-editoriales-unilit","11":"first","12":"outofstock","13":"purchasable","14":"product-type-simple"},"acf":[],"_links":{"self":[{"href":"https:\/\/bibliaherramientas.com\/libreria\/wp-json\/wp\/v2\/product\/52421","targetHints":{"allow":["GET"]}}],"collection":[{"href":"https:\/\/bibliaherramientas.com\/libreria\/wp-json\/wp\/v2\/product"}],"about":[{"href":"https:\/\/bibliaherramientas.com\/libreria\/wp-json\/wp\/v2\/types\/product"}],"replies":[{"embeddable":true,"href":"https:\/\/bibliaherramientas.com\/libreria\/wp-json\/wp\/v2\/comments?post=52421"}],"wp:featuredmedia":[{"embeddable":true,"href":"https:\/\/bibliaherramientas.com\/libreria\/wp-json\/wp\/v2\/media\/52422"}],"wp:attachment":[{"href":"https:\/\/bibliaherramientas.com\/libreria\/wp-json\/wp\/v2\/media?parent=52421"}],"wp:term":[{"taxonomy":"product_brand","embeddable":true,"href":"https:\/\/bibliaherramientas.com\/libreria\/wp-json\/wp\/v2\/product_brand?post=52421"},{"taxonomy":"product_cat","embeddable":true,"href":"https:\/\/bibliaherramientas.com\/libreria\/wp-json\/wp\/v2\/product_cat?post=52421"},{"taxonomy":"product_tag","embeddable":true,"href":"https:\/\/bibliaherramientas.com\/libreria\/wp-json\/wp\/v2\/product_tag?post=52421"}],"curies":[{"name":"wp","href":"https:\/\/api.w.org\/{rel}","templated":true}]}}