{"id":52405,"date":"2024-08-13T16:54:32","date_gmt":"2024-08-13T21:54:32","guid":{"rendered":"https:\/\/bibliaherramientas.com\/libreria\/?post_type=product&#038;p=52405"},"modified":"2026-01-06T13:32:30","modified_gmt":"2026-01-06T19:32:30","slug":"santa-biblia-con-enciclopedia-biblica-ilustrada-rvr1960-7899938407004","status":"publish","type":"product","link":"https:\/\/bibliaherramientas.com\/libreria\/producto\/santa-biblia-con-enciclopedia-biblica-ilustrada-rvr1960-7899938407004\/","title":{"rendered":"Santa Biblia Con Enciclopedia B\u00edblica Ilustrada Rvr1960"},"content":{"rendered":"<p>BIBLIA NUEVA<\/p>\n<p>Esta Biblia Versi\u00f3n Reina Valera 1960 ofrece una introducci\u00f3n al mundo de la Biblia, con bellas ilustraciones a todo color. Est\u00e1 dise\u00f1ada para equipar el nuevo lector de la Biblia, y al estudiante con una visi\u00f3n general de: la vida en los tiempos b\u00edblicos, la historia de los personajes b\u00edblicos, la historia de las tierras b\u00edblicas, y mucho m\u00e1s.<\/p>\n<p>La Biblia con enciclopedia le ayudar\u00e1 a estudiar las Escrituras y entender el trasfondo cultural de los tiempos b\u00edblicos. El encarte tiene 228 paginas con ilustraciones a todo color que cubren los siguientes temas:<\/p>\n<p>&#8211; Como nos llego la Biblia.<br \/>\n&#8211; La historia de los tiempos b\u00edblicos.<br \/>\n&#8211; Introducci\u00f3n al Antiguo Testamento.<br \/>\n&#8211; Introducci\u00f3n al Nuevo Testamento.<br \/>\n&#8211; La vida en los tiempos b\u00edblicos.<br \/>\n&#8211; La religi\u00f3n en los tiempos b\u00edblicos.<br \/>\n&#8211; Hombres y mujeres de la Biblia.<br \/>\n&#8211; Algunos datos y cifras de la Biblias.<\/p>\n<p>Edici\u00f3n completa de la Biblia en la traducci\u00f3n Reina-Valera 1960 mas los siguientes recursos:<\/p>\n<p>&#8211; Referencias b\u00edblicas.<br \/>\n&#8211; Palabras de Cristo en rojo.<br \/>\n&#8211; Glosario.<br \/>\n&#8211; Los libros de la Biblia en S\u00edntesis.<br \/>\n&#8211; Como leer la Biblia.<br \/>\n&#8211; Plan de leer la Biblia en un a\u00f1o.<br \/>\n&#8211; Lecturas para d\u00edas especiales.<br \/>\n&#8211; Como encontrar ayuda en la Biblia.<br \/>\n&#8211; Que dice la Biblia acerca del perd\u00f3n de Dios.<br \/>\n&#8211; Concordancia.<br \/>\n&#8211; Mapas.<br \/>\n&#8211; Letra de 12 puntos.<br \/>\n&#8211; Con \u00cdndice.<br \/>\n&#8211; Canto Dorado.<br \/>\n&#8212;&#8212;&#8212;&#8212;&#8212;&#8212;&#8212;&#8212;&#8212;&#8212;&#8212;-<br \/>\nCualquier duda estamos a tus \u00f3rdenes. Bendiciones!<\/p>\n","protected":false},"excerpt":{"rendered":"<p>La Biblia con enciclopedia le ayudar\u00e1 a estudiar las Escrituras y entender el trasfondo cultural de los tiempos b\u00edblicos. El encarte tiene 228 paginas con ilustraciones a todo color.<\/p>\n","protected":false},"featured_media":52406,"comment_status":"open","ping_status":"closed","template":"","meta":{"_acf_changed":false},"product_brand":[],"product_cat":[873,463,494,867,884,879,748],"product_tag":[],"class_list":{"0":"post-52405","1":"product","2":"type-product","3":"status-publish","4":"has-post-thumbnail","6":"product_cat-biblias-12-13-puntos","7":"product_cat-biblias-estudio","8":"product_cat-biblias-juveniles","9":"product_cat-biblias-medianas","10":"product_cat-biblias-rvr1960","11":"product_cat-biblias-tapa-dura","12":"product_cat-editoriales-sociedades-biblicas-unidas","14":"first","15":"outofstock","16":"purchasable","17":"product-type-simple"},"acf":[],"_links":{"self":[{"href":"https:\/\/bibliaherramientas.com\/libreria\/wp-json\/wp\/v2\/product\/52405","targetHints":{"allow":["GET"]}}],"collection":[{"href":"https:\/\/bibliaherramientas.com\/libreria\/wp-json\/wp\/v2\/product"}],"about":[{"href":"https:\/\/bibliaherramientas.com\/libreria\/wp-json\/wp\/v2\/types\/product"}],"replies":[{"embeddable":true,"href":"https:\/\/bibliaherramientas.com\/libreria\/wp-json\/wp\/v2\/comments?post=52405"}],"wp:featuredmedia":[{"embeddable":true,"href":"https:\/\/bibliaherramientas.com\/libreria\/wp-json\/wp\/v2\/media\/52406"}],"wp:attachment":[{"href":"https:\/\/bibliaherramientas.com\/libreria\/wp-json\/wp\/v2\/media?parent=52405"}],"wp:term":[{"taxonomy":"product_brand","embeddable":true,"href":"https:\/\/bibliaherramientas.com\/libreria\/wp-json\/wp\/v2\/product_brand?post=52405"},{"taxonomy":"product_cat","embeddable":true,"href":"https:\/\/bibliaherramientas.com\/libreria\/wp-json\/wp\/v2\/product_cat?post=52405"},{"taxonomy":"product_tag","embeddable":true,"href":"https:\/\/bibliaherramientas.com\/libreria\/wp-json\/wp\/v2\/product_tag?post=52405"}],"curies":[{"name":"wp","href":"https:\/\/api.w.org\/{rel}","templated":true}]}}